{"id":1147,"date":"2020-02-07T21:06:18","date_gmt":"2020-02-07T21:06:18","guid":{"rendered":"http:\/\/kwitnaca-wisnia.eu\/?page_id=1147"},"modified":"2020-12-08T08:44:19","modified_gmt":"2020-12-08T08:44:19","slug":"dermia-medical","status":"publish","type":"page","link":"http:\/\/kwitnaca-wisnia.eu\/?page_id=1147","title":{"rendered":"Dermia Medical"},"content":{"rendered":"\n<p>Unikatowy system zabiegowy, kt\u00f3ry pozwala niezwykle efektywnie stymulowa\u0107 i zag\u0119\u015bci\u0107 sk\u00f3r\u0119 w\u0142a\u015bciw\u0105, a jednocze\u015bnie bardzo precyzyjnie poda\u0107 serum docieraj\u0105ce a\u017c do wn\u0119trza kom\u00f3rek.<\/p>\n\n\n<h4><strong>DERMIA MEDICAL \u2013 intensywna i g\u0142\u0119boka stymulacja sk\u00f3ry.<\/strong><\/h4>\n<p><a href=\"http:\/\/kwitnaca-wisnia.eu\/wp-content\/uploads\/2020\/12\/ikona-DM.jpg\" data-rel=\"lightbox-image-0\" data-rl_title=\"\" data-rl_caption=\"\" title=\"\"><img loading=\"lazy\" decoding=\"async\" class=\"alignnone size-medium wp-image-1302\" src=\"http:\/\/kwitnaca-wisnia.eu\/wp-content\/uploads\/2020\/12\/ikona-DM-300x300.jpg\" alt=\"\" width=\"300\" height=\"300\" srcset=\"http:\/\/kwitnaca-wisnia.eu\/wp-content\/uploads\/2020\/12\/ikona-DM-300x300.jpg 300w, http:\/\/kwitnaca-wisnia.eu\/wp-content\/uploads\/2020\/12\/ikona-DM-150x150.jpg 150w, http:\/\/kwitnaca-wisnia.eu\/wp-content\/uploads\/2020\/12\/ikona-DM-768x768.jpg 768w, http:\/\/kwitnaca-wisnia.eu\/wp-content\/uploads\/2020\/12\/ikona-DM-50x50.jpg 50w, http:\/\/kwitnaca-wisnia.eu\/wp-content\/uploads\/2020\/12\/ikona-DM-49x49.jpg 49w, http:\/\/kwitnaca-wisnia.eu\/wp-content\/uploads\/2020\/12\/ikona-DM-184x184.jpg 184w, http:\/\/kwitnaca-wisnia.eu\/wp-content\/uploads\/2020\/12\/ikona-DM.jpg 800w\" sizes=\"(max-width: 300px) 100vw, 300px\" \/><\/a><\/p>\n<p>To zupe\u0142na nowo\u015b\u0107 na polskim rynku! DERMIA MEDICAL Concept to metoda zabiegowa \u0142\u0105cz\u0105ca prac\u0119 g\u0142owic\u0105 i jednorazowym aplikatorem, posiadaj\u0105cym ultracienkie ig\u0142y z preparatem pobudzaj\u0105cym mitochondria. To wykorzystanie wiedzy naukowej, kt\u00f3re pos\u0142u\u017cy\u0142o do stworzenia patentu na dostarczenie sk\u0142adnik\u00f3w aktywnych g\u0142\u0119boko do sk\u00f3ry przy minimalnej ingerencji w tkanki. Po\u0142\u0105czenie technologii z wysokiej jako\u015bci substancjami aktywnymi tworzy system, kt\u00f3ry nie tylko zapewnia bezpiecze\u0144stwo, ale r\u00f3wnie\u017c brak stanu zapalnego przy intensywnej stymulacji. Dzi\u0119ki niej, dochodzi do dostarczenia sk\u0142adnik\u00f3w od\u017cywczych do nowo utworzonych kom\u00f3rek, jak r\u00f3wnie\u017c tych, kt\u00f3re utraci\u0142y zdolno\u015b\u0107 do wytwarzania ATP. Jest to zwi\u0105zek organiczny stanowi\u0105cy g\u0142\u00f3wne \u017ar\u00f3d\u0142o energii dla kom\u00f3rek w organizmie. Wytwarzany jest przez mitochondria, kt\u00f3re poprzez wiele czynnik\u00f3w trac\u0105 zdolno\u015b\u0107 do produkcji ATP, tym samym dochodzi do zaburze\u0144 funkcjonowania narz\u0105d\u00f3w w tym m.in. sk\u00f3ry. Pobudzenie kom\u00f3rek pozwala utrzyma\u0107 sk\u00f3r\u0119 w m\u0142odym i zdrowym stanie.<\/p>\n<h4>Najnowsze rozwi\u0105zania<\/h4>\n<p><a href=\"http:\/\/kwitnaca-wisnia.eu\/wp-content\/uploads\/2020\/12\/panel-DM.jpg\" data-rel=\"lightbox-image-1\" data-rl_title=\"\" data-rl_caption=\"\" title=\"\"><img loading=\"lazy\" decoding=\"async\" class=\"alignnone size-medium wp-image-1303\" src=\"http:\/\/kwitnaca-wisnia.eu\/wp-content\/uploads\/2020\/12\/panel-DM-300x188.jpg\" alt=\"\" width=\"300\" height=\"188\" srcset=\"http:\/\/kwitnaca-wisnia.eu\/wp-content\/uploads\/2020\/12\/panel-DM-300x188.jpg 300w, http:\/\/kwitnaca-wisnia.eu\/wp-content\/uploads\/2020\/12\/panel-DM.jpg 600w\" sizes=\"(max-width: 300px) 100vw, 300px\" \/><\/a><\/p>\n<p>Zabieg Dermia Medical to nowy krok w stymulacji kom\u00f3rek sk\u00f3ry, w rezultacie pozwalaj\u0105cej skutecznie walczy\u0107 z problemami takimi jak zmarszczki mimiczne, g\u0142\u0119bokie bruzdy oraz szara, nier\u00f3wna i pozbawiona blasku cera. Ta unikatowa metoda po\u0142\u0105czenia technologii z transportem substancji aktywnych to wyj\u0105tkowy spos\u00f3b na spowolnienie proces\u00f3w starzenia si\u0119 sk\u00f3ry w spos\u00f3b naturalny dla sk\u00f3ry, bez zb\u0119dnej agresji w stosunku do tkanek. To metoda niezwykle bezpieczna, bez skutk\u00f3w ubocznych.<\/p>\n<p><strong>DERMIA MEDICAL<\/strong> wype\u0142nia luk\u0119 pomi\u0119dzy zabiegami kosmetycznymi a chirurgi\u0105 plastyczn\u0105. Zabiegi te s\u0105 propozycj\u0105 dla klient\u00f3w, kt\u00f3rzy chc\u0105 intensywnych i skutecznych zabieg\u00f3w, ale nie s\u0105 gotowi na zabiegi medyczne takie jak stosowanie botoxu lub wype\u0142niaczy. Dzi\u0119ki DM proces starzenia si\u0119 sk\u00f3ry spowalniany jest w naturalny i ca\u0142kowicie bezpieczny spos\u00f3b poprzez reaktywacj\u0119 metabolizmu kom\u00f3rek sk\u00f3ry. Podczas minuty zabiegu ultracienkie ig\u0142y tworz\u0105 ok. 25 000 kana\u0142\u00f3w w sk\u00f3rze, kt\u00f3re w kr\u00f3tkim czasie zamykaj\u0105 si\u0119 i tym samym stymuluj\u0105 proces regeneracji. Uwalniane s\u0105 czynniki wzrostu i dochodzi do pobudzenia aktywno\u015bci kom\u00f3rkowej, co za tym idzie do namna\u017cania fibroblast\u00f3w. Efektem jest produkcja kwasu hialuronowego i kom\u00f3rek macierzystych.<\/p>\n<p>Podczas zabiegu <strong>DERMIA MEDICAL<\/strong>, do suplementacji stosowane jest serum Mitochondria Booster. To unikalny preparat z doskonale dobranym sk\u0142adem a\u017c 42,84% substancji aktywnych w celu dostarczenia bod\u017aca do mitochondri\u00f3w nowo utworzonych i starych kom\u00f3rek sk\u00f3ry. Dzi\u0119ki temu dochodzi do aktywacji mitochondri\u00f3w, a co za tym idzie do intensywnej regeneracji sk\u00f3ry.<\/p>\n<p><strong>MITOCHONDRIA BOOSTER<\/strong> to unikalny preparat z doskonale dobranym uk\u0142adem liposom\u00f3w, kt\u00f3ry zatrzymuje p\u0119cherzyki Koenzymu Q10 i MAP z POQ i \u017bywokostem w celu dostarczania bod\u017aca do mitochondri\u00f3w nowo utworzonych i starych kom\u00f3rek sk\u00f3ry. Dzi\u0119ki temu dochodzi do aktywacji mitochondri\u00f3w, a co za tym idzie do regeneracji sk\u00f3ry.<\/p>\n<p><a href=\"http:\/\/kwitnaca-wisnia.eu\/wp-content\/uploads\/2020\/02\/booster.jpg\" data-rel=\"lightbox-image-2\" data-rl_title=\"\" data-rl_caption=\"\" title=\"\"><img loading=\"lazy\" decoding=\"async\" class=\"alignnone size-medium wp-image-1150\" src=\"http:\/\/kwitnaca-wisnia.eu\/wp-content\/uploads\/2020\/02\/booster-300x300.jpg\" alt=\"booster\" width=\"300\" height=\"300\" srcset=\"http:\/\/kwitnaca-wisnia.eu\/wp-content\/uploads\/2020\/02\/booster-300x300.jpg 300w, http:\/\/kwitnaca-wisnia.eu\/wp-content\/uploads\/2020\/02\/booster-150x150.jpg 150w, http:\/\/kwitnaca-wisnia.eu\/wp-content\/uploads\/2020\/02\/booster-50x50.jpg 50w, http:\/\/kwitnaca-wisnia.eu\/wp-content\/uploads\/2020\/02\/booster-49x49.jpg 49w, http:\/\/kwitnaca-wisnia.eu\/wp-content\/uploads\/2020\/02\/booster-184x184.jpg 184w, http:\/\/kwitnaca-wisnia.eu\/wp-content\/uploads\/2020\/02\/booster.jpg 800w\" sizes=\"(max-width: 300px) 100vw, 300px\" \/><\/a><\/p>\n<p><strong>Innowacje w zabiegach Dermia Medical:<\/strong><\/p>\n<ul>\n<li>DIS \u2013 opatentowana technologia biomechanicznego dostarczania sk\u0142adnik\u00f3w w g\u0142\u0105b sk\u00f3ry.<\/li>\n<li>Sterylna, jednorazowa ko\u0144c\u00f3wka zabiegowa.<\/li>\n<li>Ultracienkie, r\u0119cznie robione ig\u0142y (bezpieczne dla sk\u00f3ry).<\/li>\n<li>Specjalny szlif igie\u0142, dzi\u0119ki, kt\u00f3remu nie dochodzi do celowego wysi\u0119ku krwi<\/li>\n<li>Zastosowanie wysoko st\u0119\u017conego serum w sprayu.<\/li>\n<li>Praca w linii zmarszczek, jak r\u00f3wnie\u017c na ca\u0142ej powierzchni twarzy.<\/li>\n<li>Brak znieczulania sk\u00f3ry przed zabiegiem.<\/li>\n<li>Stymulacja trudno dost\u0119pnych i wra\u017cliwych miejsc np. mi\u0119sie\u0144 okr\u0119\u017cny ust, oka.<\/li>\n<\/ul>\n<p><strong>Zabiegi DM to idealne rozwi\u0105zanie dla:<\/strong><\/p>\n<ul>\n<li>sk\u00f3ry wymagaj\u0105cej regeneracji i aktywacji proces\u00f3w samo naprawczych<\/li>\n<li>sk\u00f3ry z licznymi zmarszczkami, nieelastycznej, opadaj\u0105cej<\/li>\n<li>sk\u00f3ry z bliznami potr\u0105dzikowymi, po poparzeniach lub wypadkach<\/li>\n<li>sk\u00f3ry z rozst\u0119pami<\/li>\n<li>sk\u00f3ry z przebarwieniami<\/li>\n<li>sk\u00f3ry z tr\u0105dzikiem r\u00f3\u017cowatym<\/li>\n<li>wypadaj\u0105cych w\u0142os\u00f3w<\/li>\n<\/ul>\n<p>\u00a0<\/p>\n<p>\u00a0<\/p>","protected":false},"excerpt":{"rendered":"<p>Unikatowy system zabiegowy, kt\u00f3ry pozwala niezwykle efektywnie stymulowa\u0107 i zag\u0119\u015bci\u0107 sk\u00f3r\u0119 w\u0142a\u015bciw\u0105, a jednocze\u015bnie bardzo precyzyjnie poda\u0107 serum docieraj\u0105ce a\u017c do wn\u0119trza kom\u00f3rek. DERMIA MEDICAL \u2013 intensywna i g\u0142\u0119boka stymulacja sk\u00f3ry. To zupe\u0142na nowo\u015b\u0107 na polskim rynku! DERMIA MEDICAL Concept to metoda zabiegowa \u0142\u0105cz\u0105ca prac\u0119 g\u0142owic\u0105 i jednorazowym aplikatorem, posiadaj\u0105cym ultracienkie ig\u0142y z preparatem pobudzaj\u0105cym [&hellip;]<\/p>\n","protected":false},"author":2,"featured_media":0,"parent":0,"menu_order":0,"comment_status":"closed","ping_status":"closed","template":"","meta":{"footnotes":""},"_links":{"self":[{"href":"http:\/\/kwitnaca-wisnia.eu\/index.php?rest_route=\/wp\/v2\/pages\/1147"}],"collection":[{"href":"http:\/\/kwitnaca-wisnia.eu\/index.php?rest_route=\/wp\/v2\/pages"}],"about":[{"href":"http:\/\/kwitnaca-wisnia.eu\/index.php?rest_route=\/wp\/v2\/types\/page"}],"author":[{"embeddable":true,"href":"http:\/\/kwitnaca-wisnia.eu\/index.php?rest_route=\/wp\/v2\/users\/2"}],"replies":[{"embeddable":true,"href":"http:\/\/kwitnaca-wisnia.eu\/index.php?rest_route=%2Fwp%2Fv2%2Fcomments&post=1147"}],"version-history":[{"count":5,"href":"http:\/\/kwitnaca-wisnia.eu\/index.php?rest_route=\/wp\/v2\/pages\/1147\/revisions"}],"predecessor-version":[{"id":1304,"href":"http:\/\/kwitnaca-wisnia.eu\/index.php?rest_route=\/wp\/v2\/pages\/1147\/revisions\/1304"}],"wp:attachment":[{"href":"http:\/\/kwitnaca-wisnia.eu\/index.php?rest_route=%2Fwp%2Fv2%2Fmedia&parent=1147"}],"curies":[{"name":"wp","href":"https:\/\/api.w.org\/{rel}","templated":true}]}}