{"id":1152,"date":"2020-02-07T21:16:48","date_gmt":"2020-02-07T21:16:48","guid":{"rendered":"http:\/\/kwitnaca-wisnia.eu\/?page_id=1152"},"modified":"2020-02-07T21:16:48","modified_gmt":"2020-02-07T21:16:48","slug":"mikro-aktywacja-s","status":"publish","type":"page","link":"http:\/\/kwitnaca-wisnia.eu\/?page_id=1152","title":{"rendered":"Mikro Aktywacja S"},"content":{"rendered":"<p><strong>MIKRO AKTYWACJA S \u2013\u00a0precyzyjna stymulacja linii zmarszczek.<\/strong><\/p>\n<p>To zabieg polegaj\u0105cy na wykonaniu serii mikronak\u0142u\u0107, niezwykle precyzyjn\u0105 g\u0142owic\u0105 (6 mikroigie\u0142), dok\u0142adnie w dnie zmarszczki, jednocze\u015bnie stymuluj\u0105c i suplementuj\u0105c preparatem <a href=\"http:\/\/www.namito.pl\/lift-complex-plus\/\"><strong>Lift Complex Plus<\/strong><\/a> z\u00a0tripeptydem (SYN-HYCAN) i PHYTODERMINE. Sk\u0142adniki te \u201crelaksuj\u0105\u201d mi\u0119\u015bnie zagniataj\u0105ce bruzdy. Procedura jest niezwykle skuteczna, a\u00a0jednocze\u015bnie komfortowa (brak wysi\u0119ku krwi, natychmiastowa regeneracja sk\u00f3ry), pozwala na opracowywanie zmarszczek w bardzo newralgicznych miejscach (obszar oczu i ust).<\/p>\n<p><a href=\"http:\/\/kwitnaca-wisnia.eu\/wp-content\/uploads\/2020\/02\/mikroaktywacja_s-768x768.jpg\" data-rel=\"lightbox-image-0\" data-rl_title=\"\" data-rl_caption=\"\" title=\"\"><img loading=\"lazy\" decoding=\"async\" class=\"alignnone size-medium wp-image-1153\" src=\"http:\/\/kwitnaca-wisnia.eu\/wp-content\/uploads\/2020\/02\/mikroaktywacja_s-768x768-300x300.jpg\" alt=\"mikroaktywacja_s-768x768\" width=\"300\" height=\"300\" srcset=\"http:\/\/kwitnaca-wisnia.eu\/wp-content\/uploads\/2020\/02\/mikroaktywacja_s-768x768-300x300.jpg 300w, http:\/\/kwitnaca-wisnia.eu\/wp-content\/uploads\/2020\/02\/mikroaktywacja_s-768x768-150x150.jpg 150w, http:\/\/kwitnaca-wisnia.eu\/wp-content\/uploads\/2020\/02\/mikroaktywacja_s-768x768-50x50.jpg 50w, http:\/\/kwitnaca-wisnia.eu\/wp-content\/uploads\/2020\/02\/mikroaktywacja_s-768x768-49x49.jpg 49w, http:\/\/kwitnaca-wisnia.eu\/wp-content\/uploads\/2020\/02\/mikroaktywacja_s-768x768-184x184.jpg 184w, http:\/\/kwitnaca-wisnia.eu\/wp-content\/uploads\/2020\/02\/mikroaktywacja_s-768x768.jpg 768w\" sizes=\"(max-width: 300px) 100vw, 300px\" \/><\/a><\/p>\n<p><strong>Za\u0142o\u017cenia zabieg\u00f3w Mikro Aktywacji S<\/strong><\/p>\n<ul>\n<li>Sp\u0142ycenie zmarszczek.<\/li>\n<li>Ograniczenie tworzenia si\u0119 nowych bruzd.<\/li>\n<li>Mo\u017cliwo\u015b\u0107 pracy w bardzo newralgicznych i niedost\u0119pnych dla tradycyjnych zabieg\u00f3w miejscach (oczy, powierzchnia w ok\u00f3\u0142 ust).<\/li>\n<li>Miejscowe bardzo efektywne przenikanie sk\u0142adnik\u00f3w aktywnych.<\/li>\n<li>Miejscowe pobudzanie sk\u00f3ry do pracy.<\/li>\n<li>Przywr\u00f3cenie funkcji sk\u00f3ry z bliznami.<\/li>\n<li>Miejscowa stymulacja produkcji kolagenu i elastyny.<\/li>\n<\/ul>\n<p><strong>Innowacyjne cechy zabiegu Mikro Aktywacji S<\/strong><\/p>\n<ul>\n<li>Ig\u0142y z polimeru medycznego, nie powoduj\u0105ce alergii, stymulacja powierzchni z bardzo cienk\u0105 sk\u00f3r\u0105 np. czo\u0142o lub obszar w okolicy oka nie spowoduje du\u017cego dyskomfortu.<\/li>\n<li>Cz\u0119stotliwo\u015b\u0107 uderze\u0144 igie\u0142, jest tak du\u017ca, \u017ce dezorientujemy receptory, b\u00f3l jest automatycznie minimalizowany, dzi\u0119ki czemu nie musimy znieczula\u0107 sk\u00f3ry.<\/li>\n<li>Dzi\u0119ki innowacyjnemu kszta\u0142towi igie\u0142 wykonujemy bardzo du\u017cy kana\u0142 intensywnie rozpychaj\u0105c, a nie nak\u0142uwaj\u0105c sk\u00f3r\u0119, tego typu perforacja nask\u00f3rka pozwala nam unikn\u0105\u0107 wysi\u0119ku krwi, kt\u00f3ry uniemo\u017cliwia skuteczn\u0105 suplementacj\u0119.<\/li>\n<li>Ma\u0142a powierzchnia ko\u0144c\u00f3wki z ig\u0142ami umo\u017cliwia niezwykle precyzyjn\u0105 stymulacj\u0119, dok\u0142adnie w dnie zmarszczki, zapewniaj\u0105c bardzo wysok\u0105 efektywno\u015b\u0107 zabiegu.<\/li>\n<li>Innowacyjne i ekskluzywne dermaceutyki do suplementacji podczas zabiegu.<\/li>\n<\/ul>\n<p><strong>Obszary zastosowania zabieg\u00f3w Mikro Aktywacji S<\/strong><\/p>\n<p><strong>Bruzdy i zmarszczki mimiczne.<\/strong><\/p>\n<p>Wraz z up\u0142ywem lat na sk\u00f3rze zaczynaj\u0105 wyst\u0119powa\u0107 bruzdy i zagniecenia, kt\u00f3re wizualnie wyostrzaj\u0105 rysy twarzy i dodaj\u0105 nam lat. Podczas licznych procedur zabiegowych dost\u0119pnych na rynku kosmetologicznym, bardzo cz\u0119sto w\u0142a\u015bnie newralgiczne miejsca \u2013 okolice oczu, okolice ust, szyja nie mog\u0105 podlega\u0107 agresywnym zabiegom ze wzgl\u0119du na delikatn\u0105 struktur\u0119 sk\u00f3ry. Zabieg Mikro Aktywacji S wykonujemy g\u0142owic\u0105 z 6-ma sterylnymi ig\u0142ami, kt\u00f3re nak\u0142uwaj\u0105 dno bruzdy transportuj\u0105c peptydy i kwas hialuronowy, kt\u00f3re regeneruj\u0105 sk\u00f3r\u0119, wyp\u0142ycaj\u0105 bruzdy i spowalniaj\u0105 jej zagniatanie. Zabieg nie wymaga znieczulenia dzi\u0119ki ogromnej ilo\u015bci uderze\u0144 podczas stymulacji, kt\u00f3re wprowadzaj\u0105 w b\u0142\u0105d receptory sk\u00f3ry. Mikroig\u0142y s\u0105 odpowiednio ukszta\u0142towane poprzez ich precyzyjne szlifowanie, co pozwala unikn\u0105\u0107 wysi\u0119ku krwi i bardzo efektywnie suplementowa\u0107 substancje aktywne w bruzdy. Bardzo ma\u0142y przekr\u00f3j g\u0142owicy gwarantuje precyzyjn\u0105 stymulacj\u0119 i suplementacj\u0119 nawet w trudno dost\u0119pnych miejscach \u2013 okolice oczu, ust, szyi, podbr\u00f3dka.<\/p>\n<p><strong>Trychologia \u2013 zabiegi wspomagaj\u0105ce leczenie problem\u00f3w sk\u00f3rnych g\u0142owy.<\/strong><\/p>\n<p>Za efekty \u0142ysienia i przerzedzania w\u0142os\u00f3w na sk\u00f3rze g\u0142owy odpowiedzialne s\u0105 w du\u017cej mierze choroby sk\u00f3ry. Po w\u0142a\u015bciwej diagnozie podczas zabiegu trychologicznego bardzo efektywnie stymulujemy sk\u00f3r\u0119 g\u0142owy, jednocze\u015bnie suplementuj\u0105c j\u0105, a co najwa\u017cniejsze nie sprawiamy klientowi b\u00f3lu.<\/p>\n","protected":false},"excerpt":{"rendered":"<p>MIKRO AKTYWACJA S \u2013\u00a0precyzyjna stymulacja linii zmarszczek. To zabieg polegaj\u0105cy na wykonaniu serii mikronak\u0142u\u0107, niezwykle precyzyjn\u0105 g\u0142owic\u0105 (6 mikroigie\u0142), dok\u0142adnie w dnie zmarszczki, jednocze\u015bnie stymuluj\u0105c i suplementuj\u0105c preparatem Lift Complex Plus z\u00a0tripeptydem (SYN-HYCAN) i PHYTODERMINE. Sk\u0142adniki te \u201crelaksuj\u0105\u201d mi\u0119\u015bnie zagniataj\u0105ce bruzdy. Procedura jest niezwykle skuteczna, a\u00a0jednocze\u015bnie komfortowa (brak wysi\u0119ku krwi, natychmiastowa regeneracja sk\u00f3ry), pozwala na [&hellip;]<\/p>\n","protected":false},"author":2,"featured_media":0,"parent":0,"menu_order":0,"comment_status":"closed","ping_status":"closed","template":"","meta":{"footnotes":""},"_links":{"self":[{"href":"http:\/\/kwitnaca-wisnia.eu\/index.php?rest_route=\/wp\/v2\/pages\/1152"}],"collection":[{"href":"http:\/\/kwitnaca-wisnia.eu\/index.php?rest_route=\/wp\/v2\/pages"}],"about":[{"href":"http:\/\/kwitnaca-wisnia.eu\/index.php?rest_route=\/wp\/v2\/types\/page"}],"author":[{"embeddable":true,"href":"http:\/\/kwitnaca-wisnia.eu\/index.php?rest_route=\/wp\/v2\/users\/2"}],"replies":[{"embeddable":true,"href":"http:\/\/kwitnaca-wisnia.eu\/index.php?rest_route=%2Fwp%2Fv2%2Fcomments&post=1152"}],"version-history":[{"count":1,"href":"http:\/\/kwitnaca-wisnia.eu\/index.php?rest_route=\/wp\/v2\/pages\/1152\/revisions"}],"predecessor-version":[{"id":1154,"href":"http:\/\/kwitnaca-wisnia.eu\/index.php?rest_route=\/wp\/v2\/pages\/1152\/revisions\/1154"}],"wp:attachment":[{"href":"http:\/\/kwitnaca-wisnia.eu\/index.php?rest_route=%2Fwp%2Fv2%2Fmedia&parent=1152"}],"curies":[{"name":"wp","href":"https:\/\/api.w.org\/{rel}","templated":true}]}}