{"id":1156,"date":"2020-02-07T21:28:59","date_gmt":"2020-02-07T21:28:59","guid":{"rendered":"http:\/\/kwitnaca-wisnia.eu\/?page_id=1156"},"modified":"2020-02-07T21:28:59","modified_gmt":"2020-02-07T21:28:59","slug":"maska-vibro","status":"publish","type":"page","link":"http:\/\/kwitnaca-wisnia.eu\/?page_id=1156","title":{"rendered":"Maska Vibro"},"content":{"rendered":"<p><strong>Dermia Solution\u00a0VIB Mask \u2013 maska wibracyjna<\/strong><\/p>\n<p><strong>VIB Maska to innowacyjne, a zarazem bardzo proste urz\u0105dzenie kosmetologiczne, kt\u00f3re stymuluje mechanicznie zapewniaj\u0105c sk\u00f3rze niezwykle cenne bod\u017ace. Pozwalaj\u0105 one uzyskiwa\u0107 bardzo zadowalaj\u0105ce efekty zabiegowe dla r\u00f3\u017cnych typ\u00f3w cer. Poprawiamy kondycj\u0119, mikro cyrkulacj\u0119 i uaktywniamy procesy produkcyjne sk\u00f3ry, a po\u0142\u0105czenie stymulacji z substancjami aktywnymi zawartymi w maskach, na kt\u00f3re stosujemy VIB Mask\u0119 intensyfikuje efektywno\u015b\u0107 zabieg\u00f3w.<\/strong><\/p>\n<p><a href=\"http:\/\/kwitnaca-wisnia.eu\/wp-content\/uploads\/2020\/02\/vib_mask.jpg\" data-rel=\"lightbox-image-0\" data-rl_title=\"\" data-rl_caption=\"\" title=\"\"><img loading=\"lazy\" decoding=\"async\" class=\"alignnone size-medium wp-image-1157\" src=\"http:\/\/kwitnaca-wisnia.eu\/wp-content\/uploads\/2020\/02\/vib_mask-300x300.jpg\" alt=\"vib_mask\" width=\"300\" height=\"300\" srcset=\"http:\/\/kwitnaca-wisnia.eu\/wp-content\/uploads\/2020\/02\/vib_mask-300x300.jpg 300w, http:\/\/kwitnaca-wisnia.eu\/wp-content\/uploads\/2020\/02\/vib_mask-150x150.jpg 150w, http:\/\/kwitnaca-wisnia.eu\/wp-content\/uploads\/2020\/02\/vib_mask-50x50.jpg 50w, http:\/\/kwitnaca-wisnia.eu\/wp-content\/uploads\/2020\/02\/vib_mask-49x49.jpg 49w, http:\/\/kwitnaca-wisnia.eu\/wp-content\/uploads\/2020\/02\/vib_mask-184x184.jpg 184w, http:\/\/kwitnaca-wisnia.eu\/wp-content\/uploads\/2020\/02\/vib_mask.jpg 800w\" sizes=\"(max-width: 300px) 100vw, 300px\" \/><\/a><\/p>\n<p><strong>Innowacyjno\u015b\u0107 zabiegu:<\/strong><\/p>\n<ul>\n<li>Brak jakichkolwiek przeciwwskaza\u0144 do zabiegu.<br \/>\n\u2022 Energia elektryczna jest przetwarzana w mechaniczn\u0105, co pozwala unikn\u0105\u0107 ryzyka pora\u017cenia pr\u0105dem.<br \/>\n\u2022 Niezwykle intensywny i stymuluj\u0105cy masa\u017c w normalnych warunkach niemo\u017cliwy do wykonania manualnie przez cz\u0142owieka.<br \/>\n\u2022 Po\u0142\u0105czenie pracy kosmetycznej maski bazowej \u2013 substancje aktywne z intensywnym mechanicznym masa\u017cem.<\/li>\n<\/ul>\n<p>Maska Vibro dzi\u0119ki odpowiednim programom przeznaczona jest:<br \/>\n\u2013 sk\u00f3ra wra\u017cliwa i naczyniowa <strong>Sensitive Stimulation<\/strong> lub Slow <strong>Change Stimulation<\/strong><br \/>\n\u2013 sk\u00f3ra z tendencjami do zastoj\u00f3w limfatycznych <strong>Quick Change Stimulation<\/strong><br \/>\n\u2013 intensywne wt\u0142aczanie substancji aktywnych z masek bazowych w g\u0142\u0105b sk\u00f3ry \u2013<strong> Deep Stimulation<\/strong><\/p>\n","protected":false},"excerpt":{"rendered":"<p>Dermia Solution\u00a0VIB Mask \u2013 maska wibracyjna VIB Maska to innowacyjne, a zarazem bardzo proste urz\u0105dzenie kosmetologiczne, kt\u00f3re stymuluje mechanicznie zapewniaj\u0105c sk\u00f3rze niezwykle cenne bod\u017ace. Pozwalaj\u0105 one uzyskiwa\u0107 bardzo zadowalaj\u0105ce efekty zabiegowe dla r\u00f3\u017cnych typ\u00f3w cer. Poprawiamy kondycj\u0119, mikro cyrkulacj\u0119 i uaktywniamy procesy produkcyjne sk\u00f3ry, a po\u0142\u0105czenie stymulacji z substancjami aktywnymi zawartymi w maskach, na kt\u00f3re [&hellip;]<\/p>\n","protected":false},"author":2,"featured_media":0,"parent":0,"menu_order":0,"comment_status":"closed","ping_status":"closed","template":"","meta":{"footnotes":""},"_links":{"self":[{"href":"http:\/\/kwitnaca-wisnia.eu\/index.php?rest_route=\/wp\/v2\/pages\/1156"}],"collection":[{"href":"http:\/\/kwitnaca-wisnia.eu\/index.php?rest_route=\/wp\/v2\/pages"}],"about":[{"href":"http:\/\/kwitnaca-wisnia.eu\/index.php?rest_route=\/wp\/v2\/types\/page"}],"author":[{"embeddable":true,"href":"http:\/\/kwitnaca-wisnia.eu\/index.php?rest_route=\/wp\/v2\/users\/2"}],"replies":[{"embeddable":true,"href":"http:\/\/kwitnaca-wisnia.eu\/index.php?rest_route=%2Fwp%2Fv2%2Fcomments&post=1156"}],"version-history":[{"count":1,"href":"http:\/\/kwitnaca-wisnia.eu\/index.php?rest_route=\/wp\/v2\/pages\/1156\/revisions"}],"predecessor-version":[{"id":1158,"href":"http:\/\/kwitnaca-wisnia.eu\/index.php?rest_route=\/wp\/v2\/pages\/1156\/revisions\/1158"}],"wp:attachment":[{"href":"http:\/\/kwitnaca-wisnia.eu\/index.php?rest_route=%2Fwp%2Fv2%2Fmedia&parent=1156"}],"curies":[{"name":"wp","href":"https:\/\/api.w.org\/{rel}","templated":true}]}}