{"id":1160,"date":"2020-02-07T21:50:42","date_gmt":"2020-02-07T21:50:42","guid":{"rendered":"http:\/\/kwitnaca-wisnia.eu\/?page_id=1160"},"modified":"2023-01-04T17:52:25","modified_gmt":"2023-01-04T17:52:25","slug":"dermia-faktor-system","status":"publish","type":"page","link":"http:\/\/kwitnaca-wisnia.eu\/?page_id=1160","title":{"rendered":"Dermia Faktor System"},"content":{"rendered":"<p>System <strong>DERMIA FAKTOR<\/strong> to wygodne w u\u017cyciu zestawy z produktami w zmniejszonych opakowaniach, specjalnie dobranych do poszczeg\u00f3lnych typ\u00f3w cery. Ka\u017cdy zestaw to elegancko opakowana i spersonalizowana piel\u0119gnacja domowa spe\u0142niaj\u0105ca oczekiwania wszystkich. Pozwala zapozna\u0107 klienta z gam\u0105 naszych produkt\u00f3w do kompleksowej oraz codziennej piel\u0119gnacji, od oczyszczania sk\u00f3ry, po ochron\u0119 przed czynnikami zewn\u0119trznymi. Jest to r\u00f3wnie\u017c doskona\u0142e rozwi\u0105zanie dla podr\u00f3\u017cuj\u0105cych, dzi\u0119ki miniaturkom mo\u017cemy cieszy\u0107 si\u0119 pe\u0142n\u0105 piel\u0119gnacj\u0105 w ka\u017cdym miejscu.<\/p>\n<p>Ponadto, w naszej metodzie <strong>FAKTOR<\/strong> oznacza poszczeg\u00f3lny problem sk\u00f3rny, do kt\u00f3rego zosta\u0142y podporz\u0105dkowane okre\u015blone preparaty do zabieg\u00f3w, jak i piel\u0119gnacji domowej.<\/p>\n<p><a href=\"http:\/\/kwitnaca-wisnia.eu\/wp-content\/uploads\/2020\/02\/faktor_z-1-768x768.jpg\" data-rel=\"lightbox-image-0\" data-rl_title=\"\" data-rl_caption=\"\" title=\"\"><img loading=\"lazy\" decoding=\"async\" class=\"alignnone size-medium wp-image-1161\" src=\"http:\/\/kwitnaca-wisnia.eu\/wp-content\/uploads\/2020\/02\/faktor_z-1-768x768-300x300.jpg\" alt=\"faktor_z-1-768x768\" width=\"300\" height=\"300\" srcset=\"http:\/\/kwitnaca-wisnia.eu\/wp-content\/uploads\/2020\/02\/faktor_z-1-768x768-300x300.jpg 300w, http:\/\/kwitnaca-wisnia.eu\/wp-content\/uploads\/2020\/02\/faktor_z-1-768x768-150x150.jpg 150w, http:\/\/kwitnaca-wisnia.eu\/wp-content\/uploads\/2020\/02\/faktor_z-1-768x768-50x50.jpg 50w, http:\/\/kwitnaca-wisnia.eu\/wp-content\/uploads\/2020\/02\/faktor_z-1-768x768-49x49.jpg 49w, http:\/\/kwitnaca-wisnia.eu\/wp-content\/uploads\/2020\/02\/faktor_z-1-768x768-184x184.jpg 184w, http:\/\/kwitnaca-wisnia.eu\/wp-content\/uploads\/2020\/02\/faktor_z-1-768x768.jpg 768w\" sizes=\"(max-width: 300px) 100vw, 300px\" \/><\/a><\/p>\n<p><strong>FAKTOR Z<\/strong> \u2013 zestaw preparat\u00f3w biotechnologicznych dedykowanych sk\u00f3rze z objawami starzenia si\u0119. Pozwala zminimalizowa\u0107 pojedyncze bruzdy, napi\u0105\u0107 zagniecenia i poprawi\u0107 rozmywaj\u0105cy si\u0119 owal twarzy. Dzi\u0119ki odpowiednio dobranym substancjom aktywnym, nie tylko skutecznie suplementujemy sk\u00f3r\u0119 substancjami kt\u00f3re z wiekiem si\u0119 dewaluuj\u0105, ale r\u00f3wnie\u017c pobudzamy j\u0105 do wznowienia w\u0142asnej produkcji. Zabezpieczamy przed czynnikami zewn\u0119trznymi i wewn\u0119trznymi, kt\u00f3re generuj\u0105 procesy starzenia si\u0119 sk\u00f3ry.<\/p>\n<p>Sk\u0142ad zestawu: <strong>Cleansing Gel 30ml * Enzyme Exfoliant 15ml * Lift Complex Plus 15ml * Cell Balance Rich 15ml<\/strong> lub <strong>Cell Balance <\/strong><strong>Light 15ml<br \/>\n<\/strong><\/p>\n<p style=\"text-align: right;\">Cena zestawu: 322 z\u0142<\/p>\n<p><a href=\"http:\/\/kwitnaca-wisnia.eu\/wp-content\/uploads\/2020\/02\/faktor_t-768x768.jpg\" data-rel=\"lightbox-image-1\" data-rl_title=\"\" data-rl_caption=\"\" title=\"\"><img loading=\"lazy\" decoding=\"async\" class=\"alignnone size-medium wp-image-1162\" src=\"http:\/\/kwitnaca-wisnia.eu\/wp-content\/uploads\/2020\/02\/faktor_t-768x768-300x300.jpg\" alt=\"faktor_t-768x768\" width=\"300\" height=\"300\" srcset=\"http:\/\/kwitnaca-wisnia.eu\/wp-content\/uploads\/2020\/02\/faktor_t-768x768-300x300.jpg 300w, http:\/\/kwitnaca-wisnia.eu\/wp-content\/uploads\/2020\/02\/faktor_t-768x768-150x150.jpg 150w, http:\/\/kwitnaca-wisnia.eu\/wp-content\/uploads\/2020\/02\/faktor_t-768x768-50x50.jpg 50w, http:\/\/kwitnaca-wisnia.eu\/wp-content\/uploads\/2020\/02\/faktor_t-768x768-49x49.jpg 49w, http:\/\/kwitnaca-wisnia.eu\/wp-content\/uploads\/2020\/02\/faktor_t-768x768-184x184.jpg 184w, http:\/\/kwitnaca-wisnia.eu\/wp-content\/uploads\/2020\/02\/faktor_t-768x768.jpg 768w\" sizes=\"(max-width: 300px) 100vw, 300px\" \/><\/a><\/p>\n<p><strong>FAKTOR T<\/strong>\u00a0\u2013 Sk\u00f3ra t\u0142usta i mieszana z tendencjami do zmian ropnych wymaga bardzo systematycznej piel\u0119gnacji domowej, ka\u017cdy element jest niezwykle istotny pocz\u0105wszy od mycia i\u00a0oczyszczania twarzy sko\u0144czywszy na odpowiedniej suplementacji. Preparaty proponowane w\u00a0zestawie <strong>FAKTOR\u00a0T<\/strong> pozwalaj\u0105 na skuteczne zwalczanie bakterii beztlenowych, obni\u017cenie pH oraz zniwelowanie efektu \u015bwiecenia si\u0119 sk\u00f3ry. Uzyskujemy bardzo dobre efekty terapii ju\u017c po 14\u00a0dniach niezale\u017cnie od wieku klienta, a co najwa\u017cniejsze sk\u00f3ra nie jest nadmiernie przesuszona.<\/p>\n<p>Sk\u0142ad zestawu: <strong>Cleansing Gel 30ml * Skin Corrector 15ml * Purifying Complex 15ml * Cell Balance Light 15ml<br \/>\n<\/strong><\/p>\n<p style=\"text-align: right;\">Cena zestawu: 322 z\u0142<\/p>\n<p><a href=\"http:\/\/kwitnaca-wisnia.eu\/wp-content\/uploads\/2020\/02\/faktor_p-768x768.jpg\" data-rel=\"lightbox-image-2\" data-rl_title=\"\" data-rl_caption=\"\" title=\"\"><img loading=\"lazy\" decoding=\"async\" class=\"alignnone size-medium wp-image-1163\" src=\"http:\/\/kwitnaca-wisnia.eu\/wp-content\/uploads\/2020\/02\/faktor_p-768x768-300x300.jpg\" alt=\"faktor_p-768x768\" width=\"300\" height=\"300\" srcset=\"http:\/\/kwitnaca-wisnia.eu\/wp-content\/uploads\/2020\/02\/faktor_p-768x768-300x300.jpg 300w, http:\/\/kwitnaca-wisnia.eu\/wp-content\/uploads\/2020\/02\/faktor_p-768x768-150x150.jpg 150w, http:\/\/kwitnaca-wisnia.eu\/wp-content\/uploads\/2020\/02\/faktor_p-768x768-50x50.jpg 50w, http:\/\/kwitnaca-wisnia.eu\/wp-content\/uploads\/2020\/02\/faktor_p-768x768-49x49.jpg 49w, http:\/\/kwitnaca-wisnia.eu\/wp-content\/uploads\/2020\/02\/faktor_p-768x768-184x184.jpg 184w, http:\/\/kwitnaca-wisnia.eu\/wp-content\/uploads\/2020\/02\/faktor_p-768x768.jpg 768w\" sizes=\"(max-width: 300px) 100vw, 300px\" \/><\/a><\/p>\n<p><strong>FAKTOR P<\/strong>\u00a0\u2013 przebarwienia to problem pojawiaj\u0105cy si\u0119 w\u015br\u00f3d coraz szerszego grona klient\u00f3w, przyczyny ich powstawania s\u0105 bardzo r\u00f3\u017cne pocz\u0105wszy od zmian hormonalnych zachodz\u0105cych w\u00a0organizmie sko\u0144czywszy na zbyt d\u0142ugiej ekspozycji na s\u0142o\u0144ce. Zaburzenia w\u00a0wytwarzaniu barwnika w sk\u00f3rze wymagaj\u0105 d\u0142ugotrwa\u0142ej suplementacji i\u00a0wybitnej dba\u0142o\u015bci je\u017celi chodzi o\u00a0zabezpieczenie sk\u00f3ry. Dzi\u0119ki preparatom biotechnologicznym wchodz\u0105cym w sk\u0142ad zestawy <strong>FAKTOR P<\/strong> skutecznie niwelujemy przebarwienia, dzia\u0142amy profilaktycznie oraz dzia\u0142amy na poprawienie kondycji sk\u00f3ry,\u00a0jej j\u0119drno\u015b\u0107 i spr\u0119\u017cysto\u015b\u0107. Efekty wizualne terapii s\u0105 zauwa\u017calne po 30\u00a0dniach.<\/p>\n<p>Sk\u0142ad zestawu: <strong>Cleansing Gel 30ml * Skin Corrector 15ml * Brightening Complex 15ml * Cell Balance Rich 15ml<\/strong> lub <strong>Cell Balance <\/strong><strong>Light 15ml <\/strong><\/p>\n<p style=\"text-align: right;\">Cena zestawu: 322 z\u0142<\/p>\n<p><a href=\"http:\/\/kwitnaca-wisnia.eu\/wp-content\/uploads\/2020\/02\/faktor_s-768x768.jpg\" data-rel=\"lightbox-image-3\" data-rl_title=\"\" data-rl_caption=\"\" title=\"\"><img loading=\"lazy\" decoding=\"async\" class=\"alignnone size-medium wp-image-1164\" src=\"http:\/\/kwitnaca-wisnia.eu\/wp-content\/uploads\/2020\/02\/faktor_s-768x768-300x300.jpg\" alt=\"faktor_s-768x768\" width=\"300\" height=\"300\" srcset=\"http:\/\/kwitnaca-wisnia.eu\/wp-content\/uploads\/2020\/02\/faktor_s-768x768-300x300.jpg 300w, http:\/\/kwitnaca-wisnia.eu\/wp-content\/uploads\/2020\/02\/faktor_s-768x768-150x150.jpg 150w, http:\/\/kwitnaca-wisnia.eu\/wp-content\/uploads\/2020\/02\/faktor_s-768x768-50x50.jpg 50w, http:\/\/kwitnaca-wisnia.eu\/wp-content\/uploads\/2020\/02\/faktor_s-768x768-49x49.jpg 49w, http:\/\/kwitnaca-wisnia.eu\/wp-content\/uploads\/2020\/02\/faktor_s-768x768-184x184.jpg 184w, http:\/\/kwitnaca-wisnia.eu\/wp-content\/uploads\/2020\/02\/faktor_s-768x768.jpg 768w\" sizes=\"(max-width: 300px) 100vw, 300px\" \/><\/a><\/p>\n<p><strong>FAKTOR S<\/strong>\u00a0\u2013 sk\u00f3ra, kt\u00f3ra posiada du\u017ce niedobory nawil\u017cenia to problem zar\u00f3wno os\u00f3b m\u0142odych, jak i dojrza\u0142ych, sucho\u015b\u0107 sk\u00f3ry wizualnie dodaje jej lat i powoduje po jakim\u015b czasie problemy z\u00a0nadwra\u017cliwo\u015bci\u0105 lub co cz\u0119sto dla klient\u00f3w niezrozumia\u0142e z nadmiernym przet\u0142uszczaniem. Terapia preparatami z zestawu <strong>FAKTOR S<\/strong> pozwala na uzyskanie d\u0142ugotrwa\u0142ego depozytu kwasu hialuronowego w sk\u00f3rze oraz bogat\u0105 suplementacj\u0119 nask\u00f3rka. Sk\u00f3ra przekrojowo nawil\u017cona to podstawa piel\u0119gnacji, kt\u00f3ra jest baz\u0105 do walki z\u00a0efektami starzenia si\u0119 sk\u00f3ry oraz jej nadwra\u017cliwo\u015bci. Efekty nawil\u017cenia s\u0105 zauwa\u017calne ju\u017c po 10 dniach.<\/p>\n<p>Sk\u0142ad zestawu: <strong>Cleansing Gel 30ml * Enzyme Exfoliant 15ml * Hyaluron Complex<\/strong> <strong>15ml<\/strong> lub <strong>Hyaluron <\/strong><strong>Complex Plus 15ml * Cell Balance Rich 15ml <\/strong><\/p>\n<p style=\"text-align: right;\">Cena zestawu: 322 z\u0142<\/p>\n<p><a href=\"http:\/\/kwitnaca-wisnia.eu\/wp-content\/uploads\/2020\/02\/faktor_w-768x768.jpg\" data-rel=\"lightbox-image-4\" data-rl_title=\"\" data-rl_caption=\"\" title=\"\"><img loading=\"lazy\" decoding=\"async\" class=\"alignnone size-medium wp-image-1165\" src=\"http:\/\/kwitnaca-wisnia.eu\/wp-content\/uploads\/2020\/02\/faktor_w-768x768-300x300.jpg\" alt=\"faktor_w-768x768\" width=\"300\" height=\"300\" srcset=\"http:\/\/kwitnaca-wisnia.eu\/wp-content\/uploads\/2020\/02\/faktor_w-768x768-300x300.jpg 300w, http:\/\/kwitnaca-wisnia.eu\/wp-content\/uploads\/2020\/02\/faktor_w-768x768-150x150.jpg 150w, http:\/\/kwitnaca-wisnia.eu\/wp-content\/uploads\/2020\/02\/faktor_w-768x768-50x50.jpg 50w, http:\/\/kwitnaca-wisnia.eu\/wp-content\/uploads\/2020\/02\/faktor_w-768x768-49x49.jpg 49w, http:\/\/kwitnaca-wisnia.eu\/wp-content\/uploads\/2020\/02\/faktor_w-768x768-184x184.jpg 184w, http:\/\/kwitnaca-wisnia.eu\/wp-content\/uploads\/2020\/02\/faktor_w-768x768.jpg 768w\" sizes=\"(max-width: 300px) 100vw, 300px\" \/><\/a><\/p>\n<p><strong>FAKTOR W<\/strong>\u00a0\u2013 sk\u00f3ra wra\u017cliwa to wyzwanie dla piel\u0119gnacji domowej, wymaga niezwyk\u0142ej cierpliwo\u015bci i zaanga\u017cowania. G\u0142\u00f3wny problem to\u00a0dyskomfort zwi\u0105zany z podra\u017cnieniami, pop\u0119kanymi naczyniami i nadwra\u017cliwo\u015bci\u0105 na preparaty kosmetyczne. Zestaw preparat\u00f3w biotechnologicznych <strong>FAKTOR W<\/strong> pozwala na ograniczenie nieprzyjemnych objaw\u00f3w towarzysz\u0105cych cerom wra\u017cliwym. Uspokaja, \u0142agodzi podra\u017cnienia, zmniejsza nadmiern\u0105 reakcj\u0119 naczy\u0144 krwiono\u015bnych, nawil\u017ca i optymalnie suplementuje. Pierwsze odczucia komfortu na sk\u00f3rze pojawia si\u0119 ju\u017c po 7 dniach terapii.<\/p>\n<p>Sk\u0142ad zestawu: <strong>Cleansing Gel 30ml * Enzyme Exfoliant 15ml * Purifying Complex 15ml * Cell Balance Light 15ml<br \/>\n<\/strong><\/p>\n<p style=\"text-align: right;\">Cena zestawu: 320 z\u0142<\/p>\n","protected":false},"excerpt":{"rendered":"<p>System DERMIA FAKTOR to wygodne w u\u017cyciu zestawy z produktami w zmniejszonych opakowaniach, specjalnie dobranych do poszczeg\u00f3lnych typ\u00f3w cery. Ka\u017cdy zestaw to elegancko opakowana i spersonalizowana piel\u0119gnacja domowa spe\u0142niaj\u0105ca oczekiwania wszystkich. Pozwala zapozna\u0107 klienta z gam\u0105 naszych produkt\u00f3w do kompleksowej oraz codziennej piel\u0119gnacji, od oczyszczania sk\u00f3ry, po ochron\u0119 przed czynnikami zewn\u0119trznymi. Jest to r\u00f3wnie\u017c doskona\u0142e [&hellip;]<\/p>\n","protected":false},"author":2,"featured_media":0,"parent":0,"menu_order":0,"comment_status":"closed","ping_status":"closed","template":"","meta":{"footnotes":""},"_links":{"self":[{"href":"http:\/\/kwitnaca-wisnia.eu\/index.php?rest_route=\/wp\/v2\/pages\/1160"}],"collection":[{"href":"http:\/\/kwitnaca-wisnia.eu\/index.php?rest_route=\/wp\/v2\/pages"}],"about":[{"href":"http:\/\/kwitnaca-wisnia.eu\/index.php?rest_route=\/wp\/v2\/types\/page"}],"author":[{"embeddable":true,"href":"http:\/\/kwitnaca-wisnia.eu\/index.php?rest_route=\/wp\/v2\/users\/2"}],"replies":[{"embeddable":true,"href":"http:\/\/kwitnaca-wisnia.eu\/index.php?rest_route=%2Fwp%2Fv2%2Fcomments&post=1160"}],"version-history":[{"count":3,"href":"http:\/\/kwitnaca-wisnia.eu\/index.php?rest_route=\/wp\/v2\/pages\/1160\/revisions"}],"predecessor-version":[{"id":1508,"href":"http:\/\/kwitnaca-wisnia.eu\/index.php?rest_route=\/wp\/v2\/pages\/1160\/revisions\/1508"}],"wp:attachment":[{"href":"http:\/\/kwitnaca-wisnia.eu\/index.php?rest_route=%2Fwp%2Fv2%2Fmedia&parent=1160"}],"curies":[{"name":"wp","href":"https:\/\/api.w.org\/{rel}","templated":true}]}}