{"id":1305,"date":"2020-12-08T09:16:31","date_gmt":"2020-12-08T09:16:31","guid":{"rendered":"http:\/\/kwitnaca-wisnia.eu\/?page_id=1305"},"modified":"2020-12-08T09:29:37","modified_gmt":"2020-12-08T09:29:37","slug":"radiofrekwencja-mikroiglowa","status":"publish","type":"page","link":"http:\/\/kwitnaca-wisnia.eu\/?page_id=1305","title":{"rendered":"Radiofrekwencja Mikroig\u0142owa"},"content":{"rendered":"\n<p>Innowacyjna&nbsp;Radiofrekwencja (RF) Mikroig\u0142owa&nbsp;to jeden z&nbsp;najlepszych zabieg\u00f3w estetycznych ostatnich kilku lat na&nbsp;\u015bwiecie. Okre\u015blany jako &#8222;nieoperacyjny lifting&#8221;&nbsp;oddzia\u0142uje jednocze\u015bnie na&nbsp;nask\u00f3rek oraz&nbsp;g\u0142\u0119bokie warstwy sk\u00f3ry, zapewniaj\u0105c istotn\u0105 popraw\u0119 w&nbsp;zakresie j\u0119drno\u015bci i&nbsp;napi\u0119cia sk\u00f3ry w&nbsp;dowolnym obrzarze cia\u0142a, likwidacj\u0119 zmarszczek, korekt\u0119 owalu twarzy, wyr\u00f3wnanie powierzchni i&nbsp;popraw\u0119 kolorytu sk\u00f3ry<\/p>\n\n\n\n<p><strong>Lifting bez&nbsp;skalpela<\/strong><\/p>\n\n\n\n<p>Innowacyjna&nbsp;Radiofrekwencja (RF) Mikroig\u0142owa&nbsp;to jeden z&nbsp;najlepszych zabieg\u00f3w estetycznych ostatnich kilku lat na&nbsp;\u015bwiecie. Okre\u015blany jako \u2018nieoperacyjny lifting\u2019&nbsp;oddzia\u0142uje jednocze\u015bnie na&nbsp;nask\u00f3rek oraz&nbsp;g\u0142\u0119bokie warstwy sk\u00f3ry, zapewniaj\u0105c istotn\u0105 popraw\u0119 w&nbsp;zakresie j\u0119drno\u015bci i&nbsp;napi\u0119cia sk\u00f3ry w&nbsp;dowolnym obrzarze cia\u0142a, likwidacj\u0119 zmarszczek, korekt\u0119 owalu twarzy, wyr\u00f3wnanie powierzchni i&nbsp;popraw\u0119 kolorytu sk\u00f3ry. Niezast\u0105piony w&nbsp;leczeniu blizn i&nbsp;rozst\u0119p\u00f3w, zdecydowanie przewy\u017cszaj\u0105cy wszelkie do&nbsp;tej pory stosowane metody.<\/p>\n\n\n\n<p><strong>Wskazania<\/strong><\/p>\n\n\n\n<ul><li>Wiotka, ma\u0142o j\u0119drna sk\u00f3ra twarzy, szyi, dekoltu<\/li><li>Korekta owalu twarzy, opadaj\u0105ce policzki tzw. chomiki<\/li><li>Zmarszczki i&nbsp;drobne linie (r\u00f3wnie\u017c w&nbsp;trudno dost\u0119pnych miejscach: warga g\u00f3rna, pod&nbsp;oczami, powieki)<\/li><li>Sk\u00f3ra zwiotcza\u0142a i&nbsp;ma\u0142o napi\u0119ta na&nbsp;dowolnym obszarze cia\u0142a (ramiona, biust, uda, po\u015bladki, brzuch \u2013 zw\u0142aszcza po&nbsp;ci\u0105\u017cy lub intensywnym odchudzaniu)<\/li><li>Powi\u0119kszone pory<\/li><li>Powierzchowne blizny<\/li><li>Przebarwienia, hiper- lub hipo \u2013 pigmentacja<\/li><li>Sk\u00f3ra po-tr\u0105dzikowa i&nbsp;atroficzna<\/li><li>Rozst\u0119py, cellulit<\/li><\/ul>\n\n\n\n<p><strong>Zasada dzia\u0142ania<\/strong><\/p>\n\n\n\n<p>Radiofrekwencja mikroig\u0142owa wykonywana jest przy u\u017cyciu wymiennych (jednorazowych dla ka\u017cdego klienta) kartrid\u017cy z&nbsp;poz\u0142acanymi ig\u0142ami o&nbsp;regulowanej d\u0142ugo\u015bci: od&nbsp;0,5 mm, do&nbsp;3,5 mm. G\u0142owice maj\u0105 obszar zabiegowy 1 cm2 oraz&nbsp;25 igie\u0142 (5\u00d75) na&nbsp;twarz lub 64 igie\u0142 (8\u00d78) na&nbsp;cia\u0142o.<\/p>\n\n\n\n<p>Radiofrekwencja mikroig\u0142owa to&nbsp;przyk\u0142ad dzia\u0142ania si\u0142 synergii, czyli po\u0142\u0105czenia r\u00f3\u017cnych rodzaj\u00f3w terapii podczas jednego rodzaju zabiegu w&nbsp;celu osi\u0105gni\u0119cia wielokrotnie lepszych efekt\u00f3w, ni\u017c gdyby&nbsp;stosowa\u0107 je oddzielnie.<\/p>\n\n\n\n<p>Radiofrekwencja mikroig\u0142owa to&nbsp;jednoczesne dzia\u0142anie znanych wcze\u015bniej zabieg\u00f3w \u2013 radiofrekwencji (RF) i&nbsp;mezoterapii mikroig\u0142owej (mikronak\u0142uwania). Przy minimalnych kontrolowanych uszkodzeniach wierzchnich warstw sk\u00f3ry tworzy mikrouszkodzenia termiczne g\u0142\u0119boko w&nbsp;sk\u00f3rze. Powsta\u0142e podra\u017cnienia stymuluj\u0105 w&nbsp;konsekwencji tkanki do&nbsp;intensywnej produkcji nowego kolagenu i&nbsp;elastyny, przez&nbsp;co sk\u00f3ra uzyskuje j\u0119drno\u015b\u0107 i&nbsp;blask. W&nbsp;por\u00f3wnaniu do&nbsp;metod klasycznego frakcjonowania ablacyjnego i&nbsp;nieablacyjnego mikrouszkodzenia te powstaj\u0105 o&nbsp;wiele g\u0142\u0119biej, zatem efekt jaki osi\u0105gniemy b\u0119dzie mocniejszy a&nbsp;zabieg skuteczniejszy. Wykorzystuje pr\u0105d RF bipolarny, dzia\u0142aj\u0105cy sub-ablacyjnie, jest przy tym bezpieczny, nie&nbsp;wyst\u0119puje ryzyko poparze\u0144 oraz&nbsp;przebarwie\u0144, powszechnie wyst\u0119puj\u0105cych przy zabiegach laserowych.<\/p>\n\n\n\n<p>Radiofrekwencja RF to&nbsp;fale elektromagnetyczne o&nbsp;cz\u0119stotliwo\u015bci fal radiowych (RF), kt\u00f3re powoduj\u0105 mocne ogrzanie sk\u00f3ry w\u0142a\u015bciwej. W&nbsp;ten spos\u00f3b wywo\u0142uj\u0105 szok termiczny prowadz\u0105cy do&nbsp;pobudzenia proces\u00f3w regeneracji i&nbsp;przebudowy struktury kolagenowej. Tak&nbsp;wi\u0119c&nbsp;poprzez podgrzanie mo\u017cna sztucznie wywo\u0142a\u0107 proces odnowy sk\u00f3ry w\u0142a\u015bciwej, a&nbsp;w&nbsp;konsekwencji uzyska\u0107 efekt j\u0119drniejszej i&nbsp;bardziej elastycznej sk\u00f3ry. Istotne jest to, aby z&nbsp;temperatur\u0105 45-60 stopni dotrze\u0107 na&nbsp;odpowiedni\u0105 g\u0142\u0119boko\u015b\u0107.<\/p>\n\n\n\n<p>Mikronak\u0142uwanie to&nbsp;z&nbsp;kolei zabieg, w&nbsp;kt\u00f3rym wykorzystuje si\u0119 kartrid\u017c z&nbsp;mikroig\u0142ami do&nbsp;kontrolowanego mechanicznego pobudzenia sk\u00f3ry, co tak\u017ce stymuluje procesy naprawcze.<\/p>\n\n\n\n<p>Urz\u0105dzenie do&nbsp;frakcyjnej radiofrekwencji mikroig\u0142owej ma g\u0142owic\u0119 wyposa\u017con\u0105 w&nbsp;mikroig\u0142y, kt\u00f3re po&nbsp;wk\u0142uciu na&nbsp;g\u0142\u0119boko\u015b\u0107\u0087 od&nbsp;0,5 do&nbsp;3,5 mm podgrzewane s\u0105 na&nbsp;ca\u0142ej d\u0142ugo\u015bci i&nbsp;na ich ko\u0144cu. To&nbsp;bardzo wa\u017cne, bo w&nbsp;ten spos\u00f3b podgrzewane s\u0105 wszystkie warstwy sk\u00f3ry.<\/p>\n\n\n\n<p>W&nbsp;radiofrekwencji mikroig\u0142owej wiemy dok\u0142adnie, jak g\u0142\u0119boko i&nbsp;z&nbsp;jak\u0105 temperatur\u0105 docieramy. Jest to&nbsp;wi\u0119c zabieg nie&nbsp;tylko&nbsp;efektywny,&nbsp;ale te\u017c&nbsp;precyzyjny i&nbsp;bezpieczny.<\/p>\n\n\n\n<p>Efekty RF mikroig\u0142owej mo\u017cna podzieli\u0107\u0087 na&nbsp;te od&nbsp;razu widoczne i&nbsp;te, kt\u00f3re uaktywniaj\u0105 si\u0119 z&nbsp;czasem. Bezpo\u015brednio po&nbsp;zabiegu nast\u0119puje obkurczanie si\u0119 w\u0142\u00f3kien kolagenowych, przez&nbsp;co sk\u00f3ra staje si\u0119 bardziej napi\u0119ta. Jednak to&nbsp;co najwa\u017cniejsze, dzieje si\u0119\u0099 przez&nbsp;kilka kolejnych tygodni (do&nbsp;2-5 miesi\u0119cy) po&nbsp;zabiegu. Nast\u0119puje w\u00f3wczas stymulacja powstawania nowego kolagenu, skracania si\u0119\u0099 i&nbsp;zag\u0119szczania jego w\u0142\u00f3kien oraz&nbsp;budowania mi\u0119dzy nimi nowych wi\u0105za\u0144.\u0084 Sk\u00f3ra staje si\u0119 przez&nbsp;to&nbsp;j\u0119drniejsza i&nbsp;spr\u0119\u017cysta. Dzi\u0119ki odbudowie kolagenu wype\u0142niaj\u0105\u0085 si\u0119\u0099 drobne zmarszczki, a&nbsp;blizny i&nbsp;rozst\u0119py ulegaj\u0105 sp\u0142yceniu lub ca\u0142kowitej likwidacji.<\/p>\n\n\n\n<ul><li>Uj\u0119drnienie sk\u00f3ry, poprawa napi\u0119cia<\/li><li>Wyg\u0142adzenie zmarszczek i\u00a0drobnych linii<\/li><li>Przyrost kolagenu<\/li><li>Odm\u0142odzenie<\/li><li>Przywr\u00f3cenie kolorytu i\u00a0blasku<\/li><li>Zmniejszenie por\u00f3w<\/li><li>Wyr\u00f3wnanie atrofii i\u00a0blizn powierzchownych<\/li><li>Redukcja rozst\u0119p\u00f3w i\u00a0blizn<\/li><li>Uj\u0119drnienie sk\u00f3ry cia\u0142a<\/li><\/ul>\n","protected":false},"excerpt":{"rendered":"<p>Innowacyjna&nbsp;Radiofrekwencja (RF) Mikroig\u0142owa&nbsp;to jeden z&nbsp;najlepszych zabieg\u00f3w estetycznych ostatnich kilku lat na&nbsp;\u015bwiecie. Okre\u015blany jako &#8222;nieoperacyjny lifting&#8221;&nbsp;oddzia\u0142uje jednocze\u015bnie na&nbsp;nask\u00f3rek oraz&nbsp;g\u0142\u0119bokie warstwy sk\u00f3ry, zapewniaj\u0105c istotn\u0105 popraw\u0119 w&nbsp;zakresie j\u0119drno\u015bci i&nbsp;napi\u0119cia sk\u00f3ry w&nbsp;dowolnym obrzarze cia\u0142a, likwidacj\u0119 zmarszczek, korekt\u0119 owalu twarzy, wyr\u00f3wnanie powierzchni i&nbsp;popraw\u0119 kolorytu sk\u00f3ry Lifting bez&nbsp;skalpela Innowacyjna&nbsp;Radiofrekwencja (RF) Mikroig\u0142owa&nbsp;to jeden z&nbsp;najlepszych zabieg\u00f3w estetycznych ostatnich kilku lat na&nbsp;\u015bwiecie. Okre\u015blany jako [&hellip;]<\/p>\n","protected":false},"author":2,"featured_media":0,"parent":0,"menu_order":0,"comment_status":"closed","ping_status":"closed","template":"","meta":{"footnotes":""},"_links":{"self":[{"href":"http:\/\/kwitnaca-wisnia.eu\/index.php?rest_route=\/wp\/v2\/pages\/1305"}],"collection":[{"href":"http:\/\/kwitnaca-wisnia.eu\/index.php?rest_route=\/wp\/v2\/pages"}],"about":[{"href":"http:\/\/kwitnaca-wisnia.eu\/index.php?rest_route=\/wp\/v2\/types\/page"}],"author":[{"embeddable":true,"href":"http:\/\/kwitnaca-wisnia.eu\/index.php?rest_route=\/wp\/v2\/users\/2"}],"replies":[{"embeddable":true,"href":"http:\/\/kwitnaca-wisnia.eu\/index.php?rest_route=%2Fwp%2Fv2%2Fcomments&post=1305"}],"version-history":[{"count":4,"href":"http:\/\/kwitnaca-wisnia.eu\/index.php?rest_route=\/wp\/v2\/pages\/1305\/revisions"}],"predecessor-version":[{"id":1311,"href":"http:\/\/kwitnaca-wisnia.eu\/index.php?rest_route=\/wp\/v2\/pages\/1305\/revisions\/1311"}],"wp:attachment":[{"href":"http:\/\/kwitnaca-wisnia.eu\/index.php?rest_route=%2Fwp%2Fv2%2Fmedia&parent=1305"}],"curies":[{"name":"wp","href":"https:\/\/api.w.org\/{rel}","templated":true}]}}