{"id":1579,"date":"2023-03-23T09:08:53","date_gmt":"2023-03-23T09:08:53","guid":{"rendered":"http:\/\/kwitnaca-wisnia.eu\/?page_id=1579"},"modified":"2023-03-23T09:16:31","modified_gmt":"2023-03-23T09:16:31","slug":"seaweed-treatment-mask-ekspresowy-zabieg-algowy","status":"publish","type":"page","link":"http:\/\/kwitnaca-wisnia.eu\/?page_id=1579","title":{"rendered":"Seaweed Treatment Mask \u2013 Ekspresowy zabieg algowy"},"content":{"rendered":"\n<p>Ekspresowy zabieg algowy Seaweed Treatment Mask \u2013 czysta i zdrowa sk\u00f3ra w kilka minut!<\/p>\n\n\n\n<p>Zabieg dedykowany jest dla ka\u017cdego typu sk\u00f3ry, szczeg\u00f3lnie tych, kt\u00f3re wymagaj\u0105 szybkiego nawil\u017cenia i nawodnienia Zalecany do stosowania po ekspozycji na ekstremalne warunki pogodowe, takie jak zimne powietrze, wiatr i s\u0142o\u0144ce. Zabieg polecamy zw\u0142aszcza cerom zm\u0119czonym, przesuszonych s\u0142o\u0144cem, opalaniem w solarium czy przebywaniem w klimatyzowanych pomieszczeniach.&nbsp; Mo\u017cna \u015bmia\u0142o stosowa\u0107 go nawet w przypadku tr\u0105dziku pospolitego i tr\u0105dziku r\u00f3\u017cowatego w pierwszym stadium lub okresie wyciszenia choroby. Dzi\u0119ki zawarto\u015bci algi Laminaria Digitata wyr\u00f3wnuje poziom nawil\u017cenia oraz mocno rewitalizuje sk\u00f3r\u0119.<\/p>\n\n\n\n<p>Po delikatnym oczyszczeniu maseczk\u0105 z mleka i miodu nast\u0119puje koj\u0105cy masa\u017c serum z wodorost\u00f3w bogatym w witamin\u0119 C, minera\u0142y i proteiny, kt\u00f3re szybko i g\u0142\u0119boko przywr\u00f3ci odpowiedni poziom nawil\u017cenia sk\u00f3ry oraz mocno j\u0105 od\u017cywi. Skoncentrowany czysty wyci\u0105g z alg morskich, bogaty w witaminy, aminokwasy i minera\u0142y, zapobiega odwodnieniu oraz powstawaniu drobnych zmarszczek, a tak\u017ce regeneruje zniszczon\u0105 sk\u00f3r\u0119 i wspomaga leczenie stan\u00f3w zapalnych sk\u00f3ry. Zabieg na twarz ko\u0144czy si\u0119 ch\u0142odz\u0105c\u0105 i koj\u0105c\u0105 mask\u0105 ze \u015bwie\u017cych wodorost\u00f3w, kt\u00f3ra zapewni sk\u00f3rze dodatkowe od\u017cywienie i od\u015bwie\u017cenie, pozostawiaj\u0105c j\u0105 g\u0142adk\u0105 i roz\u015bwietlon\u0105. . Sk\u00f3ra jest czysta, zdrowa i pe\u0142na blasku.<\/p>\n\n\n\n<p>Zabieg wykonuje si\u0119 zar\u00f3wno u kobiet, jak i m\u0119\u017cczyzn. Kuracja jest idealna jako samodzielny zabieg. Ka\u017cdy krok zabiegu na twarz to preparat jednodawkowy, otwierany i u\u017cywany tylko w momencie aplikacji.<\/p>\n\n\n\n<p>Wskazania:<\/p>\n\n\n\n<ul><li>dla ka\u017cdego rodzaju cery wymagaj\u0105cej szybkiego nawil\u017cenia i nawodnienia<\/li><\/ul>\n\n\n\n<p>Korzy\u015bci:<\/p>\n\n\n\n<ul><li>g\u0142\u0119boko nawil\u017ca i od\u017cywia,<\/li><li>dostarcza sk\u00f3rze niezb\u0119dnych witamin, aminokwas\u00f3w i minera\u0142\u00f3w,<\/li><li>przywraca odpowiedni poziom nawil\u017cenia,<\/li><li>od\u015bwie\u017ca i odpr\u0119\u017ca,<\/li><li>przywraca blask sk\u00f3rze.<\/li><\/ul>\n\n\n\n<p>Sk\u0142adniki aktywne:<\/p>\n\n\n\n<ul><li>Alga Laminaria Digitata, tawu\u0142a japo\u0144ska<\/li><\/ul>\n\n\n\n<p class=\"has-text-align-right\">Cena 200 z\u0142<\/p>\n","protected":false},"excerpt":{"rendered":"<p>Ekspresowy zabieg algowy Seaweed Treatment Mask \u2013 czysta i zdrowa sk\u00f3ra w kilka minut! Zabieg dedykowany jest dla ka\u017cdego typu sk\u00f3ry, szczeg\u00f3lnie tych, kt\u00f3re wymagaj\u0105 szybkiego nawil\u017cenia i nawodnienia Zalecany do stosowania po ekspozycji na ekstremalne warunki pogodowe, takie jak zimne powietrze, wiatr i s\u0142o\u0144ce. Zabieg polecamy zw\u0142aszcza cerom zm\u0119czonym, przesuszonych s\u0142o\u0144cem, opalaniem w solarium [&hellip;]<\/p>\n","protected":false},"author":2,"featured_media":0,"parent":0,"menu_order":0,"comment_status":"closed","ping_status":"closed","template":"","meta":{"footnotes":""},"_links":{"self":[{"href":"http:\/\/kwitnaca-wisnia.eu\/index.php?rest_route=\/wp\/v2\/pages\/1579"}],"collection":[{"href":"http:\/\/kwitnaca-wisnia.eu\/index.php?rest_route=\/wp\/v2\/pages"}],"about":[{"href":"http:\/\/kwitnaca-wisnia.eu\/index.php?rest_route=\/wp\/v2\/types\/page"}],"author":[{"embeddable":true,"href":"http:\/\/kwitnaca-wisnia.eu\/index.php?rest_route=\/wp\/v2\/users\/2"}],"replies":[{"embeddable":true,"href":"http:\/\/kwitnaca-wisnia.eu\/index.php?rest_route=%2Fwp%2Fv2%2Fcomments&post=1579"}],"version-history":[{"count":2,"href":"http:\/\/kwitnaca-wisnia.eu\/index.php?rest_route=\/wp\/v2\/pages\/1579\/revisions"}],"predecessor-version":[{"id":1583,"href":"http:\/\/kwitnaca-wisnia.eu\/index.php?rest_route=\/wp\/v2\/pages\/1579\/revisions\/1583"}],"wp:attachment":[{"href":"http:\/\/kwitnaca-wisnia.eu\/index.php?rest_route=%2Fwp%2Fv2%2Fmedia&parent=1579"}],"curies":[{"name":"wp","href":"https:\/\/api.w.org\/{rel}","templated":true}]}}