{"id":1586,"date":"2023-03-23T12:04:38","date_gmt":"2023-03-23T12:04:38","guid":{"rendered":"http:\/\/kwitnaca-wisnia.eu\/?page_id=1586"},"modified":"2023-03-23T12:37:11","modified_gmt":"2023-03-23T12:37:11","slug":"four-layer-facial","status":"publish","type":"page","link":"http:\/\/kwitnaca-wisnia.eu\/?page_id=1586","title":{"rendered":"Four Layer Facial &#8211; zabieg czterowarstwowy"},"content":{"rendered":"\n<p>Four Layer Facial \u2013 zabieg czterowarstwowy od\u017cywczo-liftinguj\u0105cy zosta\u0142 okrzykni\u0119ty \u201enajlepszym zabiegiem stulecia\u201d przez brytyjski Cosmopolitan. Ten rewolucyjny zabieg anti-aging oddaje nieocenione us\u0142ugi wszystkim rodzajom sk\u00f3ry, tak\u017ce wra\u017cliwym oraz naczyniowym. Polega na warstwowym nak\u0142adaniu algowych masek, kolejne warstwy czystych, \u015bwie\u017cych wodorost\u00f3w, radykalnie odm\u0142adzaj\u0105, uj\u0119drniaj\u0105, nawil\u017caj\u0105, od\u017cywiaj\u0105 i wzmacniaj\u0105 sk\u00f3r\u0119. Ostatni\u0105 warstw\u0119 tworzy termiczna maska gipsowa, kt\u00f3ra przyspiesza proces wnikania wcze\u015bniej aplikowanych sk\u0142adnik\u00f3w. Bogata w minera\u0142y maska termiczna pozwala na ca\u0142kowity relaks i niesamowite rezultaty. Sk\u00f3ra jest czystsza i wygl\u0105da m\u0142odziej. Podczas zabiegu, wykonywane s\u0105 r\u00f3wnie\u017c dwa masa\u017ce. W efekcie poprawie ulega owal twarzy, sk\u00f3ra wygl\u0105da zdrowiej, jest od\u017cywiona i nawil\u017cona. Polecamy go jako zabieg wyj\u015bciowy w pocz\u0105tkowej fazie piel\u0119gnacji sk\u00f3ry twarzy, zar\u00f3wno u kobiet, jak i m\u0119\u017cczyzn. Ka\u017cdy krok zabiegu na twarz to preparat jednodawkowy, otwierany i u\u017cywany tylko w momencie aplikacji.<\/p>\n\n\n\n<p>Wskazania:<\/p>\n\n\n\n<ul><li>potrzeba od\u015bwie\u017cenia i odm\u0142odzenia sk\u00f3ry<\/li><li>cera szara, zm\u0119czona<\/li><li>pierwsze oznaki starzenia<\/li><li>ekspresowa poprawa wygl\u0105du przed wa\u017cnym wydarzeniem<\/li><li>sk\u00f3ra niedotleniona, ma\u0142o elastyczna<\/li><\/ul>\n\n\n\n<p>Unikatowa formu\u0142a zawiera: skoncentrowany ekstrakt z alg m.in. alga Laminaria Digitata, alga Ascophyllum Nodosum, kwas mlekowy, mocznik, kwas hialuronowy, s\u00f3d PCA, ekstrakt i olejek z dzikiej r\u00f3\u017cy.<\/p>\n\n\n\n<p class=\"has-text-align-right\">Cena 260 z\u0142<\/p>\n","protected":false},"excerpt":{"rendered":"<p>Four Layer Facial \u2013 zabieg czterowarstwowy od\u017cywczo-liftinguj\u0105cy zosta\u0142 okrzykni\u0119ty \u201enajlepszym zabiegiem stulecia\u201d przez brytyjski Cosmopolitan. Ten rewolucyjny zabieg anti-aging oddaje nieocenione us\u0142ugi wszystkim rodzajom sk\u00f3ry, tak\u017ce wra\u017cliwym oraz naczyniowym. Polega na warstwowym nak\u0142adaniu algowych masek, kolejne warstwy czystych, \u015bwie\u017cych wodorost\u00f3w, radykalnie odm\u0142adzaj\u0105, uj\u0119drniaj\u0105, nawil\u017caj\u0105, od\u017cywiaj\u0105 i wzmacniaj\u0105 sk\u00f3r\u0119. Ostatni\u0105 warstw\u0119 tworzy termiczna maska gipsowa, kt\u00f3ra [&hellip;]<\/p>\n","protected":false},"author":2,"featured_media":0,"parent":0,"menu_order":0,"comment_status":"closed","ping_status":"closed","template":"","meta":{"footnotes":""},"_links":{"self":[{"href":"http:\/\/kwitnaca-wisnia.eu\/index.php?rest_route=\/wp\/v2\/pages\/1586"}],"collection":[{"href":"http:\/\/kwitnaca-wisnia.eu\/index.php?rest_route=\/wp\/v2\/pages"}],"about":[{"href":"http:\/\/kwitnaca-wisnia.eu\/index.php?rest_route=\/wp\/v2\/types\/page"}],"author":[{"embeddable":true,"href":"http:\/\/kwitnaca-wisnia.eu\/index.php?rest_route=\/wp\/v2\/users\/2"}],"replies":[{"embeddable":true,"href":"http:\/\/kwitnaca-wisnia.eu\/index.php?rest_route=%2Fwp%2Fv2%2Fcomments&post=1586"}],"version-history":[{"count":2,"href":"http:\/\/kwitnaca-wisnia.eu\/index.php?rest_route=\/wp\/v2\/pages\/1586\/revisions"}],"predecessor-version":[{"id":1589,"href":"http:\/\/kwitnaca-wisnia.eu\/index.php?rest_route=\/wp\/v2\/pages\/1586\/revisions\/1589"}],"wp:attachment":[{"href":"http:\/\/kwitnaca-wisnia.eu\/index.php?rest_route=%2Fwp%2Fv2%2Fmedia&parent=1586"}],"curies":[{"name":"wp","href":"https:\/\/api.w.org\/{rel}","templated":true}]}}