{"id":1635,"date":"2023-10-24T16:08:36","date_gmt":"2023-10-24T16:08:36","guid":{"rendered":"http:\/\/kwitnaca-wisnia.eu\/?page_id=1635"},"modified":"2026-01-12T16:19:36","modified_gmt":"2026-01-12T16:19:36","slug":"green-peel-classic","status":"publish","type":"page","link":"http:\/\/kwitnaca-wisnia.eu\/?page_id=1635","title":{"rendered":"Green Peel Classic"},"content":{"rendered":"\n<p>Podczas masa\u017cu zio\u0142owego dochodzi do usuni\u0119cia wierzchnich warstw nask\u00f3rka, zwi\u0119kszenia ukrwienia, dotlenienia i przemiany materii oraz pobudzenia proces\u00f3w regeneracyjnych. Skraca to zwyk\u0142y czas odnowienia sk\u00f3ry z 28 dni do 5 dni. Po procesie peelingu pojawia si\u0119 nowa, \u015bwie\u017ca sk\u00f3ra. Ko\u0144cowy zabieg Beauty Finish dostarcza szczeg\u00f3lnie wra\u017cliwej sk\u00f3rze sk\u0142adnik\u00f3w od\u017cywczych.<\/p>\n\n\n\n<p>Zalecenia do zabiegu GREEN PEEL\u00ae Zio\u0142owy Peeling Classic :<\/p>\n\n\n\n<ul>\n<li>Sk\u00f3ra zniszczona s\u0142o\u0144cem i zmarszczki (profilaktyka przeciwstarzeniowa)<\/li>\n\n\n\n<li>Obwis\u0142a sk\u00f3ra cia\u0142a (brzuch, ramiona, uda)<\/li>\n\n\n\n<li>Hiperpigmentacja, przebarwienia<\/li>\n\n\n\n<li>Zanieczyszczona sk\u00f3ra, tr\u0105dzik<\/li>\n\n\n\n<li>Blizny i rozst\u0119py<\/li>\n\n\n\n<li>Sk\u00f3ra ze sk\u0142onno\u015bci\u0105 do przedwczesnego powstawania zmarszczek<\/li>\n<\/ul>\n\n\n\n<p>Cel: Odnowa sk\u00f3ry.<\/p>\n\n\n\n<p class=\"has-text-align-right\">Cena 750 z\u0142<\/p>\n","protected":false},"excerpt":{"rendered":"<p>Podczas masa\u017cu zio\u0142owego dochodzi do usuni\u0119cia wierzchnich warstw nask\u00f3rka, zwi\u0119kszenia ukrwienia, dotlenienia i przemiany materii oraz pobudzenia proces\u00f3w regeneracyjnych. Skraca to zwyk\u0142y czas odnowienia sk\u00f3ry z 28 dni do 5 dni. Po procesie peelingu pojawia si\u0119 nowa, \u015bwie\u017ca sk\u00f3ra. Ko\u0144cowy zabieg Beauty Finish dostarcza szczeg\u00f3lnie wra\u017cliwej sk\u00f3rze sk\u0142adnik\u00f3w od\u017cywczych. Zalecenia do zabiegu GREEN PEEL\u00ae Zio\u0142owy [&hellip;]<\/p>\n","protected":false},"author":2,"featured_media":0,"parent":0,"menu_order":0,"comment_status":"closed","ping_status":"closed","template":"","meta":{"footnotes":""},"_links":{"self":[{"href":"http:\/\/kwitnaca-wisnia.eu\/index.php?rest_route=\/wp\/v2\/pages\/1635"}],"collection":[{"href":"http:\/\/kwitnaca-wisnia.eu\/index.php?rest_route=\/wp\/v2\/pages"}],"about":[{"href":"http:\/\/kwitnaca-wisnia.eu\/index.php?rest_route=\/wp\/v2\/types\/page"}],"author":[{"embeddable":true,"href":"http:\/\/kwitnaca-wisnia.eu\/index.php?rest_route=\/wp\/v2\/users\/2"}],"replies":[{"embeddable":true,"href":"http:\/\/kwitnaca-wisnia.eu\/index.php?rest_route=%2Fwp%2Fv2%2Fcomments&post=1635"}],"version-history":[{"count":2,"href":"http:\/\/kwitnaca-wisnia.eu\/index.php?rest_route=\/wp\/v2\/pages\/1635\/revisions"}],"predecessor-version":[{"id":1903,"href":"http:\/\/kwitnaca-wisnia.eu\/index.php?rest_route=\/wp\/v2\/pages\/1635\/revisions\/1903"}],"wp:attachment":[{"href":"http:\/\/kwitnaca-wisnia.eu\/index.php?rest_route=%2Fwp%2Fv2%2Fmedia&parent=1635"}],"curies":[{"name":"wp","href":"https:\/\/api.w.org\/{rel}","templated":true}]}}