{"id":1641,"date":"2023-10-24T16:22:11","date_gmt":"2023-10-24T16:22:11","guid":{"rendered":"http:\/\/kwitnaca-wisnia.eu\/?page_id=1641"},"modified":"2026-01-12T16:19:53","modified_gmt":"2026-01-12T16:19:53","slug":"green-peel-energy","status":"publish","type":"page","link":"http:\/\/kwitnaca-wisnia.eu\/?page_id=1641","title":{"rendered":"Green Peel Energy"},"content":{"rendered":"\n<p>Zabieg Energy pobudza kr\u0105\u017cenie krwi i metabolizm kom\u00f3rek. Prowadzi to do naturalnej poprawy struktury sk\u00f3ry bez efektu z\u0142uszczania. Sk\u00f3ra zyskuje witalno\u015b\u0107 i zdrowy blask, a oznaki starzenia si\u0119 sk\u00f3ry ulegaj\u0105 zmniejszeniu.<\/p>\n\n\n\n<p>Cel: Regeneracja sk\u00f3ry<\/p>\n\n\n\n<p>Aktywuj\u0105cy zabieg z naturalnymi zio\u0142ami dla widocznej poprawy wygl\u0105du sk\u00f3ry. Zabieg Green Peel Energy zwi\u0119ksza metabolizm oraz dop\u0142yw tlenu i sk\u0142adnik\u00f3w od\u017cywczych do sk\u00f3ry. Jednocze\u015bnie dostarcza sk\u00f3rze naturalnej energii do regeneracji kom\u00f3rek i pomaga z\u0142agodzi\u0107 objawy starzenia si\u0119 sk\u00f3ry. Wspiera tak\u017ce walk\u0119 z problemami sk\u00f3rnymi, takimi jak zanieczyszczenia, blado\u015b\u0107 sk\u00f3ry, zmarszczki i zaburzenia pigmentacji. Ponadto jako\u015b\u0107 sk\u00f3ry jest poprawiana z ka\u017cdym zabiegiem, bez procesu z\u0142uszczania. Idealny jako intensywna kuracja kilka razy w roku.<\/p>\n\n\n\n<p>Zalecenia do zabiegu: zanieczyszczenia; przebarwienia; profilaktyka przeciw oznakom starzenia; zmarszczki i drobne linie; nier\u00f3wno\u015bci sk\u00f3rne; rozszerzone pory; blizny.<\/p>\n\n\n\n<p class=\"has-text-align-right\">Cena 490 z\u0142<\/p>\n","protected":false},"excerpt":{"rendered":"<p>Zabieg Energy pobudza kr\u0105\u017cenie krwi i metabolizm kom\u00f3rek. Prowadzi to do naturalnej poprawy struktury sk\u00f3ry bez efektu z\u0142uszczania. Sk\u00f3ra zyskuje witalno\u015b\u0107 i zdrowy blask, a oznaki starzenia si\u0119 sk\u00f3ry ulegaj\u0105 zmniejszeniu. Cel: Regeneracja sk\u00f3ry Aktywuj\u0105cy zabieg z naturalnymi zio\u0142ami dla widocznej poprawy wygl\u0105du sk\u00f3ry. Zabieg Green Peel Energy zwi\u0119ksza metabolizm oraz dop\u0142yw tlenu i sk\u0142adnik\u00f3w [&hellip;]<\/p>\n","protected":false},"author":2,"featured_media":0,"parent":0,"menu_order":0,"comment_status":"closed","ping_status":"closed","template":"","meta":{"footnotes":""},"_links":{"self":[{"href":"http:\/\/kwitnaca-wisnia.eu\/index.php?rest_route=\/wp\/v2\/pages\/1641"}],"collection":[{"href":"http:\/\/kwitnaca-wisnia.eu\/index.php?rest_route=\/wp\/v2\/pages"}],"about":[{"href":"http:\/\/kwitnaca-wisnia.eu\/index.php?rest_route=\/wp\/v2\/types\/page"}],"author":[{"embeddable":true,"href":"http:\/\/kwitnaca-wisnia.eu\/index.php?rest_route=\/wp\/v2\/users\/2"}],"replies":[{"embeddable":true,"href":"http:\/\/kwitnaca-wisnia.eu\/index.php?rest_route=%2Fwp%2Fv2%2Fcomments&post=1641"}],"version-history":[{"count":2,"href":"http:\/\/kwitnaca-wisnia.eu\/index.php?rest_route=\/wp\/v2\/pages\/1641\/revisions"}],"predecessor-version":[{"id":1904,"href":"http:\/\/kwitnaca-wisnia.eu\/index.php?rest_route=\/wp\/v2\/pages\/1641\/revisions\/1904"}],"wp:attachment":[{"href":"http:\/\/kwitnaca-wisnia.eu\/index.php?rest_route=%2Fwp%2Fv2%2Fmedia&parent=1641"}],"curies":[{"name":"wp","href":"https:\/\/api.w.org\/{rel}","templated":true}]}}