{"id":176,"date":"2015-10-16T11:45:08","date_gmt":"2015-10-16T11:45:08","guid":{"rendered":"http:\/\/kwitnaca-wisnia.eu\/?page_id=176"},"modified":"2023-03-15T13:28:30","modified_gmt":"2023-03-15T13:28:30","slug":"zabiegi-pielegnacyjne","status":"publish","type":"page","link":"http:\/\/kwitnaca-wisnia.eu\/?page_id=176","title":{"rendered":"Zabiegi piel\u0119gnacyjne"},"content":{"rendered":"<h2><\/h2>\n<h2>Zabieg nawil\u017caj\u0105cy, multiwitaminowy<\/h2>\n<p>Zabieg nawil\u017caj\u0105cy dla ka\u017cdego typu sk\u00f3ry to ekspresowy bilet do czystej i promiennej cery. Koj\u0105cy masa\u017c multiwitaminowym serum bogatym w minera\u0142y, witaminy oraz aminokwasy, po kt\u00f3rym nast\u0119puje \u015bwie\u017co zmieszana maska z alg morskich. Ten ch\u0142odz\u0105cy i koj\u0105cy zabieg pomaga nawil\u017cy\u0107, jednocze\u015bnie poprawiaj\u0105c koloryt sk\u00f3ry.<\/p>\n<p style=\"text-align: right;\">Cena zabiegu 200 z\u0142<\/p>\n<h2>5 Fazowy Zabieg Uj\u0119drniaj\u0105cy<\/h2>\n<p>Zabieg zosta\u0142 specjalnie stworzony dla sk\u00f3ry dojrza\u0142ej, aby pobudzi\u0107 i uj\u0119drni\u0107. Enzymatyczny mikropeeling usuwa martwy nask\u00f3rek. Dwa masa\u017ce z pentapeptydem i ch\u0142odn\u0105 mask\u0105 z alg Spirulina sprawiaj\u0105, \u017ce sk\u00f3ra staje si\u0119 j\u0119drniejsza i g\u0142adsza.<\/p>\n<p style=\"text-align: right;\">Cena zabiegu 320 z\u0142<\/p>\n<h2>Zabieg czterowarstwowy<\/h2>\n<p>Zabieg uj\u0119drniaj\u0105cy i liftinguj\u0105cy. Do\u015bwiadcz warstwy za warstw\u0105 czystych, \u015bwie\u017cych, zbieranych w spos\u00f3b zr\u00f3wnowa\u017cony alg, kt\u00f3re pomagaj\u0105 tonizowa\u0107, g\u0142\u0119boko oczyszcza\u0107 i uj\u0119drnia\u0107 sk\u00f3r\u0119. Ciesz si\u0119 ch\u0142odn\u0105 mask\u0105 z alg, a nast\u0119pnie bogat\u0105 w minera\u0142y mask\u0105 termiczn\u0105, kt\u00f3ra pozwala na ca\u0142kowity relaks i efekt wow.<\/p>\n<p style=\"text-align: right;\">Cena zabiegu 260 z\u0142<\/p>\n<h2>Zabieg dla cery naczyniowej z tr\u0105dzikiem r\u00f3\u017cowatym<\/h2>\n<p>Zabieg dla sk\u00f3ry wra\u017cliwej i naczyniowej wykorzystuje najnowsze badania, aby za\u0142agodzi\u0107 zaczerwienienia i wra\u017cliwo\u015b\u0107 sk\u00f3ry. Algi Laminaria Digitata ze srebrem, kwercetyn\u0105, rutyn\u0105 i dziwaczkiem peruwia\u0144skim (Mirabilis Jalapa) \u0142agodz\u0105 zaczerwienienia i podra\u017cnienia.<\/p>\n<p style=\"text-align: right;\">Cena zabiegu 320 z\u0142<\/p>\n<h2>Ekspresowy zabieg poprawiaj\u0105cy wygl\u0105d sk\u00f3ry twarzy tzw. Shot<\/h2>\n<p>Szybki zabieg manualny poprawiaj\u0105cy kondycj\u0119 sk\u00f3ry w kr\u00f3tkim czasie. Procedura idealna przed wa\u017cnym wydarzeniem, na kt\u00f3rym chcemy wygl\u0105da\u0107 zdrowo i promiennie.<\/p>\n<p style=\"text-align: right;\">Cena zabiegu 130 z\u0142<\/p>\n<h2><strong>Zabieg piel\u0119gnacyjny nawil\u017caj\u0105cy z zastosowaniem kwasu hialuronowego<\/strong><\/h2>\n<p>Zabieg nawil\u017caj\u0105cy, w kt\u00f3rym stosowany jest syntetyczny kwas hialuronowy, w 100% czysty, nie zawiera bia\u0142ka i dzi\u0119ki temu nie zawiera konserwant\u00f3w, jest nieusieciowany, o st\u0119\u017ceniu 3%. Kwas dzi\u0119ki nowoczesnej technologii posiada wszystkie 5 rodzaj\u00f3w postaci niezb\u0119dnych do wytworzenia prawid\u0142owo funkcjonuj\u0105cej przestrzeni MATRIX w sk\u00f3rze (produkcja, wi\u0105zanie, uaktywnianie, zabezpieczanie). W zabiegu stosowany jest krem do masa\u017cu oparty na naturalnych i hipoalergicznych\u00a0 substancjach aktywnych, kt\u00f3rego g\u0142\u00f3wnym sk\u0142adnikiem jest olej z avocado t\u0142oczony na zimno, zawieraj\u0105cy: kwas omega-6, kwas omega-9, kwas omega-7 oraz witamin\u0119 E.<\/p>\n<p>Dodatkowo zabieg mo\u017cna wzbogaci\u0107, stosuj\u0105c odpowiedni\u0105 maseczk\u0119 wraz z mask\u0105 Vibro w celu intensyfikacji efektywno\u015bci zabiegu. Maska wibracyjna zapewnia sk\u00f3rze niezwykle cenne bod\u017ace, stymuluj\u0105c mechanicznie. Poprawia kondycj\u0119, mikro cyrkulacj\u0119 i uaktywnia procesy produkcyjne sk\u00f3ry.<\/p>\n<p style=\"text-align: right;\">Cena zabiegu 150 z\u0142<\/p>\n<h2><strong>Zabieg piel\u0119gnacyjny przeciwzmarszczkowy z peptydami<\/strong><\/h2>\n<p>Zabieg, w kt\u00f3rym stosowane jest intensywne przeciwzmarszczkowe serum z bogatym st\u0119\u017ceniem substancji od\u017cywczych i olei botanicznych (olej Sacha Inchi, olej arganowy, olej z nasion czarnej porzeczki). Aktywny SYN-HYCAN (syntetyczny tripeptyd) zmniejsza napi\u0119cie mi\u0119\u015bni powoduj\u0105ce zagniecenia sk\u00f3ry, jest to tripeptyd wielokrotnie skuteczniejszy od ARGIRELINY, dodatkowo pobudza produkcj\u0119 kolagenu i kwasu hialuronowego, co w widoczny spos\u00f3b zwi\u0119ksza napi\u0119cie i elastyczno\u015b\u0107 sk\u00f3ry. Po\u0142\u0105czenie kompleksu DESMIDOCOLLAGENU i kwasu hialuronowego powoduje, \u017ce sk\u00f3ra jest bardziej mi\u0119kka elastyczna, optymalnie i g\u0142\u0119boko nawil\u017cona oraz widocznie rozja\u015bniona. W zabiegu stosowany jest krem do masa\u017cu oparty na naturalnych i hipoalergicznych\u00a0 substancjach aktywnych, kt\u00f3rego g\u0142\u00f3wnym sk\u0142adnikiem jest olej z avocado t\u0142oczony na zimno, zawieraj\u0105cy: kwas omega-6, kwas omega-9, kwas omega-7 oraz witamin\u0119 E.<\/p>\n<p>Dodatkowo zabieg mo\u017cna wzbogaci\u0107, stosuj\u0105c odpowiedni\u0105 maseczk\u0119 wraz z mask\u0105 Vibro w celu intensyfikacji efektywno\u015bci zabiegu. Maska wibracyjna zapewnia sk\u00f3rze niezwykle cenne bod\u017ace, stymuluj\u0105c mechanicznie. Poprawia kondycj\u0119, mikro cyrkulacj\u0119 i uaktywnia procesy produkcyjne sk\u00f3ry.<\/p>\n<p style=\"text-align: right;\">Cena zabiegu 160 z\u0142<\/p>\n","protected":false},"excerpt":{"rendered":"<p>Zabieg nawil\u017caj\u0105cy, multiwitaminowy Zabieg nawil\u017caj\u0105cy dla ka\u017cdego typu sk\u00f3ry to ekspresowy bilet do czystej i promiennej cery. Koj\u0105cy masa\u017c multiwitaminowym serum bogatym w minera\u0142y, witaminy oraz aminokwasy, po kt\u00f3rym nast\u0119puje \u015bwie\u017co zmieszana maska z alg morskich. Ten ch\u0142odz\u0105cy i koj\u0105cy zabieg pomaga nawil\u017cy\u0107, jednocze\u015bnie poprawiaj\u0105c koloryt sk\u00f3ry. Cena zabiegu 200 z\u0142 5 Fazowy Zabieg Uj\u0119drniaj\u0105cy [&hellip;]<\/p>\n","protected":false},"author":1,"featured_media":0,"parent":0,"menu_order":0,"comment_status":"closed","ping_status":"closed","template":"","meta":{"footnotes":""},"_links":{"self":[{"href":"http:\/\/kwitnaca-wisnia.eu\/index.php?rest_route=\/wp\/v2\/pages\/176"}],"collection":[{"href":"http:\/\/kwitnaca-wisnia.eu\/index.php?rest_route=\/wp\/v2\/pages"}],"about":[{"href":"http:\/\/kwitnaca-wisnia.eu\/index.php?rest_route=\/wp\/v2\/types\/page"}],"author":[{"embeddable":true,"href":"http:\/\/kwitnaca-wisnia.eu\/index.php?rest_route=\/wp\/v2\/users\/1"}],"replies":[{"embeddable":true,"href":"http:\/\/kwitnaca-wisnia.eu\/index.php?rest_route=%2Fwp%2Fv2%2Fcomments&post=176"}],"version-history":[{"count":37,"href":"http:\/\/kwitnaca-wisnia.eu\/index.php?rest_route=\/wp\/v2\/pages\/176\/revisions"}],"predecessor-version":[{"id":1571,"href":"http:\/\/kwitnaca-wisnia.eu\/index.php?rest_route=\/wp\/v2\/pages\/176\/revisions\/1571"}],"wp:attachment":[{"href":"http:\/\/kwitnaca-wisnia.eu\/index.php?rest_route=%2Fwp%2Fv2%2Fmedia&parent=176"}],"curies":[{"name":"wp","href":"https:\/\/api.w.org\/{rel}","templated":true}]}}