{"id":180,"date":"2015-10-16T11:45:50","date_gmt":"2015-10-16T11:45:50","guid":{"rendered":"http:\/\/kwitnaca-wisnia.eu\/?page_id=180"},"modified":"2016-02-03T23:05:05","modified_gmt":"2016-02-03T23:05:05","slug":"medshape","status":"publish","type":"page","link":"http:\/\/kwitnaca-wisnia.eu\/?page_id=180","title":{"rendered":"Medshape"},"content":{"rendered":"<p><strong><a href=\"http:\/\/kwitnaca-wisnia.eu\/wp-content\/uploads\/2015\/10\/20150808_115230-2.jpg\" data-rel=\"lightbox-image-0\" data-rl_title=\"\" data-rl_caption=\"\" title=\"\"><img loading=\"lazy\" decoding=\"async\" class=\"aligncenter size-full wp-image-156\" src=\"http:\/\/kwitnaca-wisnia.eu\/wp-content\/uploads\/2015\/10\/20150808_115230-2.jpg\" alt=\"20150808_115230-2\" width=\"1600\" height=\"900\" srcset=\"http:\/\/kwitnaca-wisnia.eu\/wp-content\/uploads\/2015\/10\/20150808_115230-2.jpg 1600w, http:\/\/kwitnaca-wisnia.eu\/wp-content\/uploads\/2015\/10\/20150808_115230-2-300x169.jpg 300w, http:\/\/kwitnaca-wisnia.eu\/wp-content\/uploads\/2015\/10\/20150808_115230-2-1024x576.jpg 1024w, http:\/\/kwitnaca-wisnia.eu\/wp-content\/uploads\/2015\/10\/20150808_115230-2-220x124.jpg 220w, http:\/\/kwitnaca-wisnia.eu\/wp-content\/uploads\/2015\/10\/20150808_115230-2-187x105.jpg 187w, http:\/\/kwitnaca-wisnia.eu\/wp-content\/uploads\/2015\/10\/20150808_115230-2-453x255.jpg 453w\" sizes=\"(max-width: 1600px) 100vw, 1600px\" \/><\/a><\/strong><!--more--><\/p>\n<p style=\"text-align: left;\"><strong>MEDSHAPE<\/strong> to najskuteczniejsza, bezinwazyjna metoda redukcji cellulitu i tkanki t\u0142uszczowej oraz Therma liftingu twarzy, szyi i okolicy oka. Pozwala na zmniejszenie obwod\u00f3w cia\u0142a w bardzo kr\u00f3tkim czasie nawet o kilka centymetr\u00f3w. Urz\u0105dzenie posiada medyczny certyfikat CE dzi\u0119ki czemu zabiegi s\u0105 bardzo bezpieczne i niezwykle skuteczne. MedShape to po\u0142\u0105czenie czterech najnowocze\u015bniejszych technologii w zabiegach zar\u00f3wno na cia\u0142o jak i na twarz. Urz\u0105dzenie mobilizuje wszystkie procesy niezb\u0119dne do spalania tkanki t\u0142uszczowej, walki z cellulitem oraz do liftingu twarzy, szyi i okolic oka.<br \/>\nLaser biostymuluj\u0105cy IR\u00a0&#8211; dzia\u0142a na p\u0142ytkich warstwach sk\u00f3ry i podnosi temperatur\u0119 w tkance t\u0142uszczowej, przyspiesza metabolizm, przygotowuje sk\u00f3r\u0119 do lepszego przep\u0142ywu pr\u0105du i dzia\u0142ania RF na g\u0142\u0119bsze warstwy sk\u00f3ry, zwi\u0119ksza ilo\u015b\u0107 dostarczanego tlenu przyspieszaj\u0105c proces lipolizy.\u00a0RF fale radiowe &#8211;\u00a0dzia\u0142a na g\u0142\u0119bokich warstwach sk\u00f3ry i podnosi temperatur\u0119 w tkankach, odbudowuj\u0105c w ten spos\u00f3b w\u0142\u00f3kna kolagenowe i elastyny oraz niweluj\u0105c adipocyty czyli kom\u00f3rki t\u0142uszczowe z nagromadzonych miejsc. Aktywuje procesy lipolizy w kom\u00f3rkach t\u0142uszczowych.\u00a0Masa\u017c podci\u015bnieniowy vacuum &#8211;\u00a0poprawia ukrwienie tkanki t\u0142uszczowej zapewniaj\u0105c zwi\u0119kszon\u0105 dawk\u0119 tlenu niezb\u0119dnego do spalania t\u0142uszczu i redukcji cellulitu. Zwi\u0119ksza g\u0142\u0119boko\u015b\u0107 penetracji pr\u0105du RF i \u015bwiat\u0142a IR i zwi\u0119ksza aktywno\u015b\u0107 fibroblast\u00f3w do odbudowy tkanki \u0142\u0105cznej.\u00a0Masa\u017c mechaniczny &#8211;\u00a0ruchome rolki udra\u017cniaj\u0105 uk\u0142ad limfatyczny usprawniaj\u0105c tym samym proces usuwania toksyn z organizmu i przyspieszaj\u0105c procesy metabolizmu, prowadz\u0105 do zmniejszenia wzajemnego zlepiania si\u0119 kom\u00f3rek t\u0142uszczowych.<\/p>\n<p><a href=\"http:\/\/kwitnaca-wisnia.eu\/wp-content\/uploads\/2015\/10\/24.jpg\" data-rel=\"lightbox-image-1\" data-rl_title=\"\" data-rl_caption=\"\" title=\"\"><img loading=\"lazy\" decoding=\"async\" class=\"aligncenter size-full wp-image-152\" src=\"http:\/\/kwitnaca-wisnia.eu\/wp-content\/uploads\/2015\/10\/24.jpg\" alt=\"24\" width=\"420\" height=\"621\" srcset=\"http:\/\/kwitnaca-wisnia.eu\/wp-content\/uploads\/2015\/10\/24.jpg 420w, http:\/\/kwitnaca-wisnia.eu\/wp-content\/uploads\/2015\/10\/24-203x300.jpg 203w, http:\/\/kwitnaca-wisnia.eu\/wp-content\/uploads\/2015\/10\/24-220x325.jpg 220w, http:\/\/kwitnaca-wisnia.eu\/wp-content\/uploads\/2015\/10\/24-187x276.jpg 187w\" sizes=\"(max-width: 420px) 100vw, 420px\" \/><\/a><\/p>\n<p><strong>Dla kogo przeznaczony jest MEDSHAPE?<\/strong><\/p>\n<p style=\"text-align: left;\">Zabiegi MEDSHAPE skierowane s\u0105 do wszystkich kobiet i m\u0119\u017cczyzn, kt\u00f3rzy pragn\u0105 znale\u017a\u0107 skuteczne, szybkie i\u00a0nieinwazyjne rozwi\u0105zanie dla problem\u00f3w estetycznych twarzy i cia\u0142a bez ryzyka wyst\u0105pienia skutk\u00f3w ubocznych i powik\u0142a\u0144. Niezale\u017cnie od rodzaju i kondycji sk\u00f3ry zabiegi MEDSHAPE mo\u017cna precyzyjnie dopasowa\u0107 do potrzeb i wymaga\u0144 ka\u017cdego Klienta szybko osi\u0105gaj\u0105c po\u017c\u0105dane efekty. G\u0142ownym zadaniem urz\u0105dzenia jest redukcja tkanki t\u0142uszczowej i cellulitu. Najcz\u0119\u015bciej te dwa stany si\u0119 \u0142\u0105cz\u0105. Przy wyst\u0119powaniu nadmiaru tkanki t\u0142uszczowej stan sk\u00f3ry jest dodatkowo pogorszony przez cellulit. Cellulit polega na zmianach obrz\u0119kowo &#8211; w\u0142\u00f3knisto stwardnieniowych tkanki podsk\u00f3rnej. Proces rozpoczyna si\u0119 od nadmiernego odk\u0142adania si\u0119 t\u0142uszcz\u00f3w w kom\u00f3rkach t\u0142uszczowych co prowadzi do obrz\u0119k\u00f3w i utrudnionego kr\u0105\u017cenia krwi i limfy. W wyniku tego os\u0142abia si\u0119 metabolizm kom\u00f3rek sk\u00f3ry i tkanek podsk\u00f3rnych. Sk\u00f3ra traci sw\u0105 elastyczno\u015b\u0107 oraz staje si\u0119 wiotka i nier\u00f3wna. MEDSHAPE poprzez zastosowanie czterech r\u00f3\u017cnych technik: vacuum, masa\u017c mechaniczny, RF Fale Radiowe oraz IR laser biostymuluj\u0105cy staje si\u0119 najskuteczniejszym urz\u0105dzeniem maj\u0105cym na celu redukcj\u0119 kom\u00f3rek t\u0142uszczowych. Poprawia kr\u0105\u017cenei krwi, przep\u0142yw limfy, redukuje cellulit oraz uj\u0119drnia sk\u00f3r\u0119.<\/p>\n<p>&nbsp;<\/p>\n<p><strong>MEDSHAPE w zabiegach na cia\u0142o<\/strong><\/p>\n<ul>\n<li>Redukcja cellulitu i tkanki t\u0142uszczowej<\/li>\n<li>Modelowanie cia\u0142a<\/li>\n<li>Aktywacja procesu lipolizy<\/li>\n<li>Przyspieszenie metabolizmu<\/li>\n<li>Detoksykacja<\/li>\n<li>Uj\u0119drnianie biustu<\/li>\n<\/ul>\n<p>&nbsp;<\/p>\n<p><strong>MEDSHAPE w zabiegach na twarz<\/strong><\/p>\n<ul>\n<li>Tharma Lifting twarzy i szyi<\/li>\n<li>Aktywacja kolagenu i elastyny<\/li>\n<li>Usuwanie \u201dchomik\u00f3w\u201d<\/li>\n<li>Redukcja zmarszczek<\/li>\n<li>Poprawa kondycji sk\u00f3ry wok\u00f3\u0142 ust i oczu<\/li>\n<li>Rze\u017abienie owalu twarzy<\/li>\n<\/ul>\n<p><strong><span style=\"font-size: small;\">Zasada dzia\u0142ania<\/span><\/strong><\/p>\n<p style=\"text-align: left;\">G\u0142owice na cia\u0142o MedContour wykorzystuj\u0105 synergiczne po\u0142\u0105czenie RF, lasera IR oraz masa\u017cu zar\u00f3wno podci\u015bnieniowego jak i ruchomymi rolkami. Te wszystkie parametry zastosowane w g\u0142owicach o do\u015b\u0107 du\u017cej powierzchni pracy dzia\u0142aj\u0105 niezwykle szybko ale jednocze\u015bnie bardzo precyzyjnie. Ich g\u0142\u0119bokie oddzia\u0142ywanie na wszystkie warstwy sk\u00f3ry umo\u017cliwia osi\u0105gni\u0119cie rewelacyjnych i d\u0142ugotrwa\u0142ych efekt\u00f3w.<\/p>\n<p style=\"text-align: left;\">G\u0142owice na twarz MedTherma s\u0105 o wiele mniejsze ni\u017c te na cia\u0142o i ich dzia\u0142anie skupia si\u0119 na innych warto\u015bciach. Therma Lifting twarzy, szyi i oka jeste\u015bmy w stanie osi\u0105gn\u0105\u0107 dzi\u0119ki jednoczesnemu wykorzystaniu silnych, bipolarnych fal radiowych, terapii czerwonym\u00a0 \u015bwiat\u0142em LED oraz masa\u017cu podci\u015bnieniowego.<\/p>\n\n\t\t<style type=\"text\/css\">\n\t\t\t#gallery-1 {\n\t\t\t\tmargin: auto;\n\t\t\t}\n\t\t\t#gallery-1 .gallery-item {\n\t\t\t\tfloat: left;\n\t\t\t\tmargin-top: 10px;\n\t\t\t\ttext-align: center;\n\t\t\t\twidth: 50%;\n\t\t\t}\n\t\t\t#gallery-1 img {\n\t\t\t\tborder: 2px solid #cfcfcf;\n\t\t\t}\n\t\t\t#gallery-1 .gallery-caption {\n\t\t\t\tmargin-left: 0;\n\t\t\t}\n\t\t\t\/* see gallery_shortcode() in wp-includes\/media.php *\/\n\t\t<\/style>\n\t\t<div id='gallery-1' class='gallery galleryid-180 gallery-columns-2 gallery-size-full'><dl class='gallery-item'>\n\t\t\t<dt class='gallery-icon landscape'>\n\t\t\t\t<a href='http:\/\/kwitnaca-wisnia.eu\/wp-content\/uploads\/2015\/10\/23.jpg' title=\"\" data-rl_title=\"\" class=\"rl-gallery-link\" data-rl_caption=\"\" data-rel=\"lightbox-gallery-1\"><img loading=\"lazy\" decoding=\"async\" width=\"300\" height=\"220\" src=\"http:\/\/kwitnaca-wisnia.eu\/wp-content\/uploads\/2015\/10\/23.jpg\" class=\"attachment-full size-full\" alt=\"\" srcset=\"http:\/\/kwitnaca-wisnia.eu\/wp-content\/uploads\/2015\/10\/23.jpg 300w, http:\/\/kwitnaca-wisnia.eu\/wp-content\/uploads\/2015\/10\/23-220x161.jpg 220w, http:\/\/kwitnaca-wisnia.eu\/wp-content\/uploads\/2015\/10\/23-187x137.jpg 187w\" sizes=\"(max-width: 300px) 100vw, 300px\" \/><\/a>\n\t\t\t<\/dt><\/dl><dl class='gallery-item'>\n\t\t\t<dt class='gallery-icon landscape'>\n\t\t\t\t<a href='http:\/\/kwitnaca-wisnia.eu\/wp-content\/uploads\/2015\/10\/22.jpg' title=\"\" data-rl_title=\"\" class=\"rl-gallery-link\" data-rl_caption=\"\" data-rel=\"lightbox-gallery-1\"><img loading=\"lazy\" decoding=\"async\" width=\"300\" height=\"220\" src=\"http:\/\/kwitnaca-wisnia.eu\/wp-content\/uploads\/2015\/10\/22.jpg\" class=\"attachment-full size-full\" alt=\"\" srcset=\"http:\/\/kwitnaca-wisnia.eu\/wp-content\/uploads\/2015\/10\/22.jpg 300w, http:\/\/kwitnaca-wisnia.eu\/wp-content\/uploads\/2015\/10\/22-220x161.jpg 220w, http:\/\/kwitnaca-wisnia.eu\/wp-content\/uploads\/2015\/10\/22-187x137.jpg 187w\" sizes=\"(max-width: 300px) 100vw, 300px\" \/><\/a>\n\t\t\t<\/dt><\/dl><br style=\"clear: both\" \/><dl class='gallery-item'>\n\t\t\t<dt class='gallery-icon landscape'>\n\t\t\t\t<a href='http:\/\/kwitnaca-wisnia.eu\/wp-content\/uploads\/2015\/10\/21.jpg' title=\"\" data-rl_title=\"\" class=\"rl-gallery-link\" data-rl_caption=\"\" data-rel=\"lightbox-gallery-1\"><img loading=\"lazy\" decoding=\"async\" width=\"300\" height=\"220\" src=\"http:\/\/kwitnaca-wisnia.eu\/wp-content\/uploads\/2015\/10\/21.jpg\" class=\"attachment-full size-full\" alt=\"\" srcset=\"http:\/\/kwitnaca-wisnia.eu\/wp-content\/uploads\/2015\/10\/21.jpg 300w, http:\/\/kwitnaca-wisnia.eu\/wp-content\/uploads\/2015\/10\/21-220x161.jpg 220w, http:\/\/kwitnaca-wisnia.eu\/wp-content\/uploads\/2015\/10\/21-187x137.jpg 187w\" sizes=\"(max-width: 300px) 100vw, 300px\" \/><\/a>\n\t\t\t<\/dt><\/dl><dl class='gallery-item'>\n\t\t\t<dt class='gallery-icon landscape'>\n\t\t\t\t<a href='http:\/\/kwitnaca-wisnia.eu\/wp-content\/uploads\/2015\/10\/20.jpg' title=\"\" data-rl_title=\"\" class=\"rl-gallery-link\" data-rl_caption=\"\" data-rel=\"lightbox-gallery-1\"><img loading=\"lazy\" decoding=\"async\" width=\"300\" height=\"220\" src=\"http:\/\/kwitnaca-wisnia.eu\/wp-content\/uploads\/2015\/10\/20.jpg\" class=\"attachment-full size-full\" alt=\"\" srcset=\"http:\/\/kwitnaca-wisnia.eu\/wp-content\/uploads\/2015\/10\/20.jpg 300w, http:\/\/kwitnaca-wisnia.eu\/wp-content\/uploads\/2015\/10\/20-220x161.jpg 220w, http:\/\/kwitnaca-wisnia.eu\/wp-content\/uploads\/2015\/10\/20-187x137.jpg 187w\" sizes=\"(max-width: 300px) 100vw, 300px\" \/><\/a>\n\t\t\t<\/dt><\/dl><br style=\"clear: both\" \/>\n\t\t<\/div>\n\n<p><b>Efekty<\/b><\/p>\n<p><a href=\"http:\/\/kwitnaca-wisnia.eu\/wp-content\/uploads\/2015\/10\/medprzedpo.jpg\" data-rel=\"lightbox-image-6\" data-rl_title=\"\" data-rl_caption=\"\" title=\"\"><img loading=\"lazy\" decoding=\"async\" class=\"aligncenter size-full wp-image-293\" src=\"http:\/\/kwitnaca-wisnia.eu\/wp-content\/uploads\/2015\/10\/medprzedpo.jpg\" alt=\"medprzedpo\" width=\"600\" height=\"440\" srcset=\"http:\/\/kwitnaca-wisnia.eu\/wp-content\/uploads\/2015\/10\/medprzedpo.jpg 600w, http:\/\/kwitnaca-wisnia.eu\/wp-content\/uploads\/2015\/10\/medprzedpo-300x220.jpg 300w, http:\/\/kwitnaca-wisnia.eu\/wp-content\/uploads\/2015\/10\/medprzedpo-220x161.jpg 220w, http:\/\/kwitnaca-wisnia.eu\/wp-content\/uploads\/2015\/10\/medprzedpo-187x137.jpg 187w, http:\/\/kwitnaca-wisnia.eu\/wp-content\/uploads\/2015\/10\/medprzedpo-453x332.jpg 453w\" sizes=\"(max-width: 600px) 100vw, 600px\" \/><\/a><\/p>\n","protected":false},"excerpt":{"rendered":"","protected":false},"author":1,"featured_media":446,"parent":0,"menu_order":0,"comment_status":"closed","ping_status":"closed","template":"","meta":{"footnotes":""},"_links":{"self":[{"href":"http:\/\/kwitnaca-wisnia.eu\/index.php?rest_route=\/wp\/v2\/pages\/180"}],"collection":[{"href":"http:\/\/kwitnaca-wisnia.eu\/index.php?rest_route=\/wp\/v2\/pages"}],"about":[{"href":"http:\/\/kwitnaca-wisnia.eu\/index.php?rest_route=\/wp\/v2\/types\/page"}],"author":[{"embeddable":true,"href":"http:\/\/kwitnaca-wisnia.eu\/index.php?rest_route=\/wp\/v2\/users\/1"}],"replies":[{"embeddable":true,"href":"http:\/\/kwitnaca-wisnia.eu\/index.php?rest_route=%2Fwp%2Fv2%2Fcomments&post=180"}],"version-history":[{"count":9,"href":"http:\/\/kwitnaca-wisnia.eu\/index.php?rest_route=\/wp\/v2\/pages\/180\/revisions"}],"predecessor-version":[{"id":664,"href":"http:\/\/kwitnaca-wisnia.eu\/index.php?rest_route=\/wp\/v2\/pages\/180\/revisions\/664"}],"wp:featuredmedia":[{"embeddable":true,"href":"http:\/\/kwitnaca-wisnia.eu\/index.php?rest_route=\/wp\/v2\/media\/446"}],"wp:attachment":[{"href":"http:\/\/kwitnaca-wisnia.eu\/index.php?rest_route=%2Fwp%2Fv2%2Fmedia&parent=180"}],"curies":[{"name":"wp","href":"https:\/\/api.w.org\/{rel}","templated":true}]}}