{"id":182,"date":"2015-10-16T11:46:00","date_gmt":"2015-10-16T11:46:00","guid":{"rendered":"http:\/\/kwitnaca-wisnia.eu\/?page_id=182"},"modified":"2020-02-07T20:39:24","modified_gmt":"2020-02-07T20:39:24","slug":"dermaoxy","status":"publish","type":"page","link":"http:\/\/kwitnaca-wisnia.eu\/?page_id=182","title":{"rendered":"DermaOXY"},"content":{"rendered":"<p><a href=\"http:\/\/kwitnaca-wisnia.eu\/wp-content\/uploads\/2015\/10\/27.jpg\" data-rel=\"lightbox-image-0\" data-rl_title=\"\" data-rl_caption=\"\" title=\"\"><img loading=\"lazy\" decoding=\"async\" class=\"aligncenter size-full wp-image-155\" src=\"http:\/\/kwitnaca-wisnia.eu\/wp-content\/uploads\/2015\/10\/27.jpg\" alt=\"27\" width=\"280\" height=\"280\" srcset=\"http:\/\/kwitnaca-wisnia.eu\/wp-content\/uploads\/2015\/10\/27.jpg 280w, http:\/\/kwitnaca-wisnia.eu\/wp-content\/uploads\/2015\/10\/27-150x150.jpg 150w, http:\/\/kwitnaca-wisnia.eu\/wp-content\/uploads\/2015\/10\/27-220x220.jpg 220w, http:\/\/kwitnaca-wisnia.eu\/wp-content\/uploads\/2015\/10\/27-75x75.jpg 75w, http:\/\/kwitnaca-wisnia.eu\/wp-content\/uploads\/2015\/10\/27-187x187.jpg 187w, http:\/\/kwitnaca-wisnia.eu\/wp-content\/uploads\/2015\/10\/27-184x184.jpg 184w\" sizes=\"(max-width: 280px) 100vw, 280px\" \/><\/a><!--more--><\/p>\n<p style=\"text-align: left;\"><strong>Czym jest DermaOXY<\/strong><strong>?<\/strong><br \/>\nInfuzja tlenowa DermaOXY oparta jest na wt\u0142aczaniu preparat\u00f3w aktywnych do g\u0142\u0119bokich warstw sk\u00f3ry za pomoc\u0105 czystego tlenu. Jest to rewolucyjna metoda odm\u0142adzania sk\u00f3ry, nawil\u017cania na poziomie kom\u00f3rkowym oraz redukcji zmarszczek opatentowana w Danii. DermaOXY to synergiczne po\u0142\u0105czenie dw\u00f3ch technologii: wprowadzania w sk\u00f3r\u0119 wysoce skoncentrowanych sk\u0142adnik\u00f3w aktywnych w postaci serum za pomoc\u0105 tlenu oraz terapii czystym tlenem odpowiednio st\u0119\u017conym i spr\u0119\u017conym. Skoncentrowane sk\u0142adniki aktywne w postaci serum wt\u0142aczane s\u0105 za pomoc\u0105 tlenu do g\u0142\u0119bokich warstw sk\u00f3ry, dzi\u0119ki czemu pierwsze efekty widoczne s\u0105 natychmiast po zabiegu. Zabieg jest bezinwazyjn\u0105, kosmetyczn\u0105 i bezbolesn\u0105 alternatyw\u0105 dla BOTOXU. Spektakularne efekty osi\u0105gamy dzi\u0119ki silnie skoncentrowanym sk\u0142adnikom aktywnym m.in kwas hialuronowy, wyci\u0105g z jadu w\u0119\u017ca (pseudobotox), peptydy, antyoksydanty, witaminy i minera\u0142y oraz ekstrakty z alg.<br \/>\n<strong>Jak dzia\u0142a DermaOXY?<\/strong><\/p>\n<p style=\"text-align: left;\"><strong>Wprowadzanie za pomoc\u0105 tlenu skoncentrowanych substancji aktywnych<\/strong>.<br \/>\nSkoncentrowane sk\u0142adniki aktywne\u00a0w postaci serum wt\u0142aczane s\u0105 za pomoc\u0105 tlenu do g\u0142\u0119bokich warstw sk\u00f3ry\u00a0dzi\u0119ki czemu pierwsze efekty widoczne s\u0105 natychmiast po zabiegu.\u00a0Sk\u00f3ra nabiera wyra\u017anie m\u0142odszego\u00a0wygl\u0105du, emanuje zdrowiem i witalno\u015bci\u0105. Zabieg jest bezinwazyjn\u0105 alternatyw\u0105 dla botoxu, pozwala\u00a0na wype\u0142nienie drobnych zmarszczek, g\u0142\u0119bokie nawil\u017cenie sk\u00f3ry, wyg\u0142adzenie okolic oczu i ust oraz popraw\u0119\u00a0 kontur\u00f3w twarzy.<\/p>\n<p style=\"text-align: left;\"><strong>Terapia czystym tlenem<\/strong><br \/>\nTlen\u00a0transportowany jest do g\u0142\u0119bszych warstw sk\u00f3ry, poprawiaj\u0105c tym samym stan energetyczny kom\u00f3rek, intensyfikuj\u0105c przemian\u0119 materii oraz przyspieszaj\u0105c procesy regeneracji. Likwidacja deficytu tlenowego prowadzi\u00a0do natychmiastowej poprawy funkcjonowania sk\u00f3ry poniewa\u017c nowopowsta\u0142e, zdrowe kom\u00f3rki charakteryzuj\u0105 si\u0119 wy\u017cszym potencja\u0142em energetycznym.<\/p>\n<p align=\"CENTER\">++<\/p>\n<p style=\"text-align: left;\"><strong>G\u0142owice zabiegowe DermaOXY<\/strong><\/p>\n<p style=\"text-align: left;\">Oryginalne urz\u0105dzenie DermaOXY posiada dwie g\u0142owice zabiegowe, dzi\u0119ki czemu efekty s\u0105 tak spektakularne, natychmiastowe i utrzymuj\u0105 przez d\u0142ug czas. Sukces DermaOXY tkwi przede wszystkim w wysokiej jako\u015bci preparatach bogatych w czyste sk\u0142adniki aktywne. Nie bez znaczenia pozostaje fakt, \u017ce wszystkie efekty zabieg\u00f3w potwierdzone s\u0105 przez szereg du\u0144skich bada\u0144, a wszystkie produkty s\u0105 atestowane dermatologicznie, nie zawieraj\u0105 paraben\u00f3w, ani konserwant\u00f3w. Ponadto wszystkie produkty DermaOXY, zar\u00f3wno profesjonalne gabinetowe jak i do piel\u0119gnacji domowej dost\u0119pne s\u0105 jedynie dla Salon\u00f3w posiadaj\u0105cych licencj\u0119 DermaOXY.<\/p>\n<p><a href=\"http:\/\/kwitnaca-wisnia.eu\/wp-content\/uploads\/2015\/10\/26.jpg\" data-rel=\"lightbox-image-1\" data-rl_title=\"\" data-rl_caption=\"\" title=\"\"><img loading=\"lazy\" decoding=\"async\" class=\"aligncenter size-full wp-image-154\" src=\"http:\/\/kwitnaca-wisnia.eu\/wp-content\/uploads\/2015\/10\/26.jpg\" alt=\"26\" width=\"420\" height=\"173\" srcset=\"http:\/\/kwitnaca-wisnia.eu\/wp-content\/uploads\/2015\/10\/26.jpg 420w, http:\/\/kwitnaca-wisnia.eu\/wp-content\/uploads\/2015\/10\/26-300x124.jpg 300w, http:\/\/kwitnaca-wisnia.eu\/wp-content\/uploads\/2015\/10\/26-220x91.jpg 220w, http:\/\/kwitnaca-wisnia.eu\/wp-content\/uploads\/2015\/10\/26-187x77.jpg 187w\" sizes=\"(max-width: 420px) 100vw, 420px\" \/><\/a><\/p>\n<p style=\"text-align: left;\"><strong>Spektakularne efekty dzi\u0119ki DemaOXY<\/strong><br \/>\nSkoncentrowane sk\u0142adniki aktywne w postaci serum wt\u0142aczane s\u0105 za pomoc\u0105 tlenu do g\u0142\u0119bokich warstw sk\u00f3ry, dzi\u0119ki czemu pierwsze efekty widoczne s\u0105 natychmiast po zabiegu. Zabieg jest bezinwazyjn\u0105, kosmetyczn\u0105 i bezbolesn\u0105 alternatyw\u0105 dla BOTOXU. Spektakularne efekty osi\u0105gamy dzi\u0119ki silnie skoncentrowanym sk\u0142adnikom aktywnym.. Efekt po 1 zabiegu utrzymuje si\u0119 do miesi\u0105ca, natomiast po serii zabieg\u00f3w nawet do p\u00f3\u0142 roku. Zabiegi dermaOXY przeznaczone s\u0105 dla ka\u017cdego Klienta. W przypadku m\u0142odej sk\u00f3ry dzia\u0142amy prewencyjnie zapobiegaj\u0105c procesom przedwczesnego starzenia, utracie wody oraz spadku napi\u0119cia sk\u00f3ry, natomiast w przypadku sk\u00f3ry dojrza\u0142ej redukujemy i niwelujemy efekty niekorzystnego up\u0142ywu czasu, zmieniaj\u0105c struktur\u0119 i kondycj\u0119 sk\u00f3ry.<\/p>\n<p><a href=\"http:\/\/kwitnaca-wisnia.eu\/wp-content\/uploads\/2015\/10\/25.jpg\" data-rel=\"lightbox-image-2\" data-rl_title=\"\" data-rl_caption=\"\" title=\"\"><img loading=\"lazy\" decoding=\"async\" class=\"aligncenter size-full wp-image-153\" src=\"http:\/\/kwitnaca-wisnia.eu\/wp-content\/uploads\/2015\/10\/25.jpg\" alt=\"25\" width=\"506\" height=\"261\" srcset=\"http:\/\/kwitnaca-wisnia.eu\/wp-content\/uploads\/2015\/10\/25.jpg 506w, http:\/\/kwitnaca-wisnia.eu\/wp-content\/uploads\/2015\/10\/25-300x155.jpg 300w, http:\/\/kwitnaca-wisnia.eu\/wp-content\/uploads\/2015\/10\/25-220x113.jpg 220w, http:\/\/kwitnaca-wisnia.eu\/wp-content\/uploads\/2015\/10\/25-187x96.jpg 187w, http:\/\/kwitnaca-wisnia.eu\/wp-content\/uploads\/2015\/10\/25-453x234.jpg 453w\" sizes=\"(max-width: 506px) 100vw, 506px\" \/><\/a><\/p>\n<p align=\"JUSTIFY\"><strong>Efekty DermaOXY\u00ae na twarz, szyj\u0119 i dekolt<\/strong><\/p>\n<ul>\n<li>\n<p align=\"JUSTIFY\">\u00a0 \u00a0wype\u0142nienie zmarszczek<\/p>\n<\/li>\n<li>\n<p align=\"JUSTIFY\">\u00a0 \u00a0g\u0142\u0119bokie nawil\u017cenie na poziomie kom\u00f3rkowym<\/p>\n<\/li>\n<li>\n<p align=\"JUSTIFY\">\u00a0 \u00a0wyg\u0142adzenie okolic oczu<\/p>\n<\/li>\n<li>\n<p align=\"JUSTIFY\">\u00a0 \u00a0wype\u0142nienie ust<\/p>\n<\/li>\n<li>\n<p align=\"JUSTIFY\">\u00a0 \u00a0poprawa struktury, napi\u0119cia i elastyczno\u015bci<\/p>\n<\/li>\n<li>\n<p align=\"JUSTIFY\">\u00a0 \u00a0podniesienie owalu twarzy<\/p>\n<\/li>\n<li>\n<p align=\"JUSTIFY\">\u00a0 \u00a0witalno\u015b\u0107 i m\u0142ody wygl\u0105d<\/p>\n<\/li>\n<li>\n<p align=\"JUSTIFY\">\u00a0 \u00a0rozja\u015bniona i zdrowa sk\u00f3ra<\/p>\n<\/li>\n<\/ul>\n<p style=\"text-align: left;\"><strong>Produkt dedykowany Dermarolling<\/strong><br \/>\nProduktem dedykowanym do zabieg\u00f3w DermaOXY jest Dermarolling. Pozwala on uzyska\u0107 jeszcze lepsz\u0105 penetracj\u0119 sk\u0142adnik\u00f3w aktywnych do sk\u00f3ry, dzi\u0119ki mikronak\u0142uciom. Umieszczone na rollerze 192 mikroigie\u0142ki z nierdzewnej stali chirurgicznej o d\u0142ugo\u015bci 0,2mm powoduj\u0105 mikronak\u0142ucia w sk\u00f3rze, dzi\u0119ki czemu zwi\u0119kszaj\u0105 efektywno\u015b\u0107 przenikania aplikowanych na sk\u00f3r\u0119 sk\u0142adnik\u00f3w aktywnych.<\/p>\n<p style=\"text-align: left;\"><strong>Piel\u0119gnacja domowa DermaOXY<\/strong><br \/>\nIdealnym uzupe\u0142nieniem piel\u0119gnacji gabinetowej s\u0105 specjalnie stworzone produkty do piel\u0119gnacji domowej. Stanowi\u0105 one doskona\u0142e uzupe\u0142nienie kuracji, przed\u0142u\u017caj\u0105 efekt dzia\u0142ania i zapewniaj\u0105 odpowiednie, suplementacyjne dostarczenie sk\u0142adnik\u00f3w do sk\u00f3ry. Produkty do piel\u0119gnacji domowej dost\u0119pne s\u0105 jedynie w autoryzowanych gabinetach posiadaj\u0105cych licencj\u0119 DermaOXY.<\/p>\n<p>&nbsp;<\/p>\n<p style=\"text-align: left;\"><strong>DermaOXY przed i po<\/strong><br \/>\nEfekty zabieg\u00f3w DermaOXY widoczne s\u0105 natychmiast po jednym zabiegu. Podczas ca\u0142ej kuracji nast\u0119puje zmiana w strukturze sk\u00f3ry na poziomie kom\u00f3rkowym.<\/p>\n<p><a href=\"http:\/\/kwitnaca-wisnia.eu\/wp-content\/uploads\/2015\/10\/doxy.jpg\" data-rel=\"lightbox-image-3\" data-rl_title=\"\" data-rl_caption=\"\" title=\"\"><img loading=\"lazy\" decoding=\"async\" class=\"aligncenter size-full wp-image-277\" src=\"http:\/\/kwitnaca-wisnia.eu\/wp-content\/uploads\/2015\/10\/doxy.jpg\" alt=\"doxy\" width=\"450\" height=\"196\" srcset=\"http:\/\/kwitnaca-wisnia.eu\/wp-content\/uploads\/2015\/10\/doxy.jpg 450w, http:\/\/kwitnaca-wisnia.eu\/wp-content\/uploads\/2015\/10\/doxy-300x131.jpg 300w, http:\/\/kwitnaca-wisnia.eu\/wp-content\/uploads\/2015\/10\/doxy-220x96.jpg 220w, http:\/\/kwitnaca-wisnia.eu\/wp-content\/uploads\/2015\/10\/doxy-187x81.jpg 187w\" sizes=\"(max-width: 450px) 100vw, 450px\" \/><\/a> <a href=\"http:\/\/kwitnaca-wisnia.eu\/wp-content\/uploads\/2015\/10\/doxy2.jpg\" data-rel=\"lightbox-image-4\" data-rl_title=\"\" data-rl_caption=\"\" title=\"\"><img loading=\"lazy\" decoding=\"async\" class=\"aligncenter size-full wp-image-278\" src=\"http:\/\/kwitnaca-wisnia.eu\/wp-content\/uploads\/2015\/10\/doxy2.jpg\" alt=\"doxy2\" width=\"451\" height=\"209\" srcset=\"http:\/\/kwitnaca-wisnia.eu\/wp-content\/uploads\/2015\/10\/doxy2.jpg 451w, http:\/\/kwitnaca-wisnia.eu\/wp-content\/uploads\/2015\/10\/doxy2-300x139.jpg 300w, http:\/\/kwitnaca-wisnia.eu\/wp-content\/uploads\/2015\/10\/doxy2-220x102.jpg 220w, http:\/\/kwitnaca-wisnia.eu\/wp-content\/uploads\/2015\/10\/doxy2-187x87.jpg 187w\" sizes=\"(max-width: 451px) 100vw, 451px\" \/><\/a> <a href=\"http:\/\/kwitnaca-wisnia.eu\/wp-content\/uploads\/2015\/10\/doxy4.jpg\" data-rel=\"lightbox-image-5\" data-rl_title=\"\" data-rl_caption=\"\" title=\"\"><img loading=\"lazy\" decoding=\"async\" class=\"aligncenter size-full wp-image-279\" src=\"http:\/\/kwitnaca-wisnia.eu\/wp-content\/uploads\/2015\/10\/doxy4.jpg\" alt=\"doxy4\" width=\"455\" height=\"209\" srcset=\"http:\/\/kwitnaca-wisnia.eu\/wp-content\/uploads\/2015\/10\/doxy4.jpg 455w, http:\/\/kwitnaca-wisnia.eu\/wp-content\/uploads\/2015\/10\/doxy4-300x138.jpg 300w, http:\/\/kwitnaca-wisnia.eu\/wp-content\/uploads\/2015\/10\/doxy4-220x101.jpg 220w, http:\/\/kwitnaca-wisnia.eu\/wp-content\/uploads\/2015\/10\/doxy4-187x86.jpg 187w, http:\/\/kwitnaca-wisnia.eu\/wp-content\/uploads\/2015\/10\/doxy4-453x208.jpg 453w\" sizes=\"(max-width: 455px) 100vw, 455px\" \/><\/a> <a href=\"http:\/\/kwitnaca-wisnia.eu\/wp-content\/uploads\/2015\/10\/soxy3.jpg\" data-rel=\"lightbox-image-6\" data-rl_title=\"\" data-rl_caption=\"\" title=\"\"><img loading=\"lazy\" decoding=\"async\" class=\"aligncenter size-full wp-image-280\" src=\"http:\/\/kwitnaca-wisnia.eu\/wp-content\/uploads\/2015\/10\/soxy3.jpg\" alt=\"soxy3\" width=\"485\" height=\"209\" srcset=\"http:\/\/kwitnaca-wisnia.eu\/wp-content\/uploads\/2015\/10\/soxy3.jpg 485w, http:\/\/kwitnaca-wisnia.eu\/wp-content\/uploads\/2015\/10\/soxy3-300x129.jpg 300w, http:\/\/kwitnaca-wisnia.eu\/wp-content\/uploads\/2015\/10\/soxy3-220x95.jpg 220w, http:\/\/kwitnaca-wisnia.eu\/wp-content\/uploads\/2015\/10\/soxy3-187x81.jpg 187w, http:\/\/kwitnaca-wisnia.eu\/wp-content\/uploads\/2015\/10\/soxy3-453x195.jpg 453w\" sizes=\"(max-width: 485px) 100vw, 485px\" \/><\/a><\/p>\n<p>&nbsp;<\/p>\n","protected":false},"excerpt":{"rendered":"","protected":false},"author":1,"featured_media":446,"parent":0,"menu_order":0,"comment_status":"closed","ping_status":"closed","template":"","meta":{"footnotes":""},"_links":{"self":[{"href":"http:\/\/kwitnaca-wisnia.eu\/index.php?rest_route=\/wp\/v2\/pages\/182"}],"collection":[{"href":"http:\/\/kwitnaca-wisnia.eu\/index.php?rest_route=\/wp\/v2\/pages"}],"about":[{"href":"http:\/\/kwitnaca-wisnia.eu\/index.php?rest_route=\/wp\/v2\/types\/page"}],"author":[{"embeddable":true,"href":"http:\/\/kwitnaca-wisnia.eu\/index.php?rest_route=\/wp\/v2\/users\/1"}],"replies":[{"embeddable":true,"href":"http:\/\/kwitnaca-wisnia.eu\/index.php?rest_route=%2Fwp%2Fv2%2Fcomments&post=182"}],"version-history":[{"count":10,"href":"http:\/\/kwitnaca-wisnia.eu\/index.php?rest_route=\/wp\/v2\/pages\/182\/revisions"}],"predecessor-version":[{"id":1146,"href":"http:\/\/kwitnaca-wisnia.eu\/index.php?rest_route=\/wp\/v2\/pages\/182\/revisions\/1146"}],"wp:featuredmedia":[{"embeddable":true,"href":"http:\/\/kwitnaca-wisnia.eu\/index.php?rest_route=\/wp\/v2\/media\/446"}],"wp:attachment":[{"href":"http:\/\/kwitnaca-wisnia.eu\/index.php?rest_route=%2Fwp%2Fv2%2Fmedia&parent=182"}],"curies":[{"name":"wp","href":"https:\/\/api.w.org\/{rel}","templated":true}]}}