{"id":184,"date":"2015-10-16T11:46:13","date_gmt":"2015-10-16T11:46:13","guid":{"rendered":"http:\/\/kwitnaca-wisnia.eu\/?page_id=184"},"modified":"2026-02-25T16:05:59","modified_gmt":"2026-02-25T16:05:59","slug":"biorewitalizacja","status":"publish","type":"page","link":"http:\/\/kwitnaca-wisnia.eu\/?page_id=184","title":{"rendered":"Biorewitalizacja"},"content":{"rendered":"<p align=\"CENTER\"><span style=\"font-size: large;\"><b>BIOREWITALIZACJA \u2013 MIKRO AKTYWACJA M<br \/>\n<\/b><\/span><\/p>\n<p>Kompleksowa biorewitalizacja sk\u00f3ry to niezwykle skuteczny, innowacyjny zabieg, pobudzaj\u0105cy sk\u00f3r\u0119 do produkcji warto\u015bciowego kolagenu i elastyny, b\u0119d\u0105cych podstaw\u0105 do przed\u0142u\u017cenia m\u0142odo\u015bci sk\u00f3ry. Wp\u0142ywaj\u0105cy zar\u00f3wno na popraw\u0119 jej struktury, jak i wygl\u0105du. Procedura pozwala na intensywne, ale bezbolesne stymulowanie g\u0142\u0119bokich\u00a0warstw sk\u00f3ry. Skutecznie znosi barier\u0119 w postaci martwych kom\u00f3rek, gwarantuj\u0105c efektywn\u0105 suplementacj\u0119 biotechnologicznym kwasem hialuronowym.<\/p>\n<p><a href=\"http:\/\/kwitnaca-wisnia.eu\/wp-content\/uploads\/2015\/10\/mikroaktywacja_m-768x768.jpg\" data-rel=\"lightbox-image-0\" data-rl_title=\"\" data-rl_caption=\"\" title=\"\"><img loading=\"lazy\" decoding=\"async\" class=\"alignnone size-medium wp-image-1143\" src=\"http:\/\/kwitnaca-wisnia.eu\/wp-content\/uploads\/2015\/10\/mikroaktywacja_m-768x768-300x300.jpg\" alt=\"mikroaktywacja_m-768x768\" width=\"300\" height=\"300\" srcset=\"http:\/\/kwitnaca-wisnia.eu\/wp-content\/uploads\/2015\/10\/mikroaktywacja_m-768x768-300x300.jpg 300w, http:\/\/kwitnaca-wisnia.eu\/wp-content\/uploads\/2015\/10\/mikroaktywacja_m-768x768-150x150.jpg 150w, http:\/\/kwitnaca-wisnia.eu\/wp-content\/uploads\/2015\/10\/mikroaktywacja_m-768x768-50x50.jpg 50w, http:\/\/kwitnaca-wisnia.eu\/wp-content\/uploads\/2015\/10\/mikroaktywacja_m-768x768-49x49.jpg 49w, http:\/\/kwitnaca-wisnia.eu\/wp-content\/uploads\/2015\/10\/mikroaktywacja_m-768x768-184x184.jpg 184w, http:\/\/kwitnaca-wisnia.eu\/wp-content\/uploads\/2015\/10\/mikroaktywacja_m-768x768.jpg 768w\" sizes=\"(max-width: 300px) 100vw, 300px\" \/><\/a><\/p>\n<p class=\"western\">Efekty systematycznego korzystania z zabieg\u00f3w s\u0105 por\u00f3wnywalne do \u201eliftingu\u201d ale bez operacji, zalet\u0105 jest natychmiastowa efektywno\u015b\u0107 id\u0105ca w parze z brakiem przeciwwskaza\u0144 oraz nie wykluczaj\u0105ca Pacjenta z aktywnego \u017cycia zaraz po zabiegu. Zabieg jest bezbolesny, nie wymaga znieczulenia miejscowego, podczas zabiegu na sk\u00f3rze odczuwane jest d\u0142ugotrwa\u0142e, delikatne i przyjemne mrowienie, g\u0142owice zabiegowe pracuj\u0105 przy pomocy sterylnych ko\u0144c\u00f3wek (jedna na jeden zabieg) dzi\u0119ki czemu nie istnieje ryzyko zaka\u017ce\u0144 bakteryjnych i wirusowych.<\/p>\n<p class=\"western\">Urz\u0105dzenie do Mikro Aktywacji M s\u0142u\u017cy przede wszystkim do stymulacji sk\u00f3ry, pobudza ono mi\u0119\u015bnie odpowiedzialne za podtrzymanie sk\u00f3ry, ale tak\u017ce pobudza produkcj\u0119 kolagenu i elastyny, dog\u0142\u0119bnie poprawia j\u0119drno\u015b\u0107 sk\u00f3ry. Za pomoc\u0105 niewielkiej ko\u0144c\u00f3wki z igie\u0142kami wprowadza si\u0119 podsk\u00f3rnie kwas hialuronowy. Dzi\u0119ki temu sk\u00f3ra \u0142adnie si\u0119 odbudowuje, jest g\u0142adka, zmarszczki zredukowane, a owal twarzy ulega znacznej poprawie.<\/p>\n<p><strong>Za\u0142o\u017cenia zabiegu:<\/strong><\/p>\n<ul>\n<li>Stymulacja fibroblast\u00f3w do produkcji kolagenu.<\/li>\n<li>Poprawa funkcjonowania uk\u0142adu krwiono\u015bnego i limfatycznego.<\/li>\n<li>Skuteczne zniesienie bariery z martwych kom\u00f3rek (bez zb\u0119dnego podra\u017cnienia sk\u00f3ry i wysi\u0119ku krwi).<\/li>\n<li>Ponad przeci\u0119tna suplementacja sk\u00f3ry.<\/li>\n<li>G\u0142\u0119boki efekt odm\u0142odzenia sk\u00f3ry.<\/li>\n<\/ul>\n<p><strong>Innowacyjne cechy zabiegu Biorewitalizacji<br \/>\n<\/strong><\/p>\n<ul>\n<li>Znacz\u0105ce ograniczenie bariery nask\u00f3rkowej podczas zabiegu (bezpieczny dla klient\u00f3w).<\/li>\n<li>Natychmiastowa rekonwalescencja sk\u00f3ry po zabiegu.<\/li>\n<li>Efekty zabiegowe osi\u0105gamy bez naruszenia ci\u0105g\u0142o\u015bci tkanki (brak wysi\u0119ku krwi i limfy).<\/li>\n<li>Sterylno\u015b\u0107 zabiegu dzi\u0119ki zastosowaniu jednorazowych ko\u0144c\u00f3wek<\/li>\n<li>Materia\u0142, z kt\u00f3rego s\u0105 wykonane ko\u0144c\u00f3wki zabiegowe (polimer medyczny) gwarantuje mniejsz\u0105 bolesno\u015b\u0107 procedury, oraz minimalizuje odczyny alergiczne.<\/li>\n<li>Nie ma potrzeby znieczulania sk\u00f3ry.<\/li>\n<li>Pracujemy g\u0142owic\u0105 zar\u00f3wno w linii zmarszczek, jak i na ca\u0142ej powierzchni sk\u00f3ry: dekolt, szyja, twarz<\/li>\n<li>Stymulujemy mikroig\u0142ami okolice mi\u0119\u015bnia okr\u0119\u017cnego oka w\u0142\u0105cznie z powiek\u0105 oraz okolice mi\u0119\u015bnia okr\u0119\u017cnego ust.<\/li>\n<li>Specjalnie dobrana cz\u0119stotliwo\u015b\u0107, z kt\u00f3r\u0105 pracuj\u0105 ig\u0142y stymuluje najg\u0142\u0119bsze partie sk\u00f3ry poprawiaj\u0105c mikrokr\u0105\u017cenie.<\/li>\n<\/ul>\n<p><strong>Obszary zastosowania zabieg\u00f3w Biorewitalizacji<br \/>\n<\/strong><\/p>\n<p><strong>Cera dojrza\u0142a.<\/strong><\/p>\n<p>Sk\u00f3ra po 35 roku \u017cycia traci swoj\u0105 j\u0119drno\u015b\u0107, spr\u0119\u017cysto\u015b\u0107 i g\u0119sto\u015b\u0107 w wyniku coraz mniejszej produkcji kolagenu, elastyny i kwasu hialuronowego. Aby podtrzyma\u0107 jak najd\u0142u\u017cej pe\u0142n\u0105 produkcj\u0119 nale\u017cy j\u0105 odpowiednio stymulowa\u0107 i suplementowa\u0107. Podczas zabiegu <strong>Mikro Aktywacji M<\/strong> dzi\u0119ki bardzo szybkim uderzeniom mikroigie\u0142 (800 tys. w ci\u0105gu jednej min.), mechanicznie pobudzamy sk\u00f3r\u0119, co wyd\u0142u\u017ca aktywn\u0105 produkcj\u0119 i poprawia kondycj\u0119 tkanek. Drugi, nie mniej istotny problem to przepuszczalno\u015b\u0107 nask\u00f3rka, uniemo\u017cliwia suplementacj\u0119 substancji aktywnych, kt\u00f3re wspomagaj\u0105 wy\u017cej wymienione procesy. Podczas stymulacji ig\u0142ami, bezkrwawo perforujemy nask\u00f3rek (specjalnie oszlifowanym stopem polimeru medycznego), poprawiaj\u0105c jego przepuszczalno\u015b\u0107 o 80%, dzi\u0119ki czemu podczas zabiegu mo\u017cemy poda\u0107 du\u017ce ilo\u015bci biotechnologicznego kwasu hialuronowego, peptyd\u00f3w oraz sk\u0142adnik\u00f3w kondycjonuj\u0105cych sk\u00f3r\u0119 z przebarwieniami lub tr\u0105dzikiem. Nask\u00f3rek regeneruje si\u0119 w pe\u0142ni po kilku dniach, dzi\u0119ki czemu kolejne porcje kwasu hialuronowego klient aplikuje samodzielnie w domu.<\/p>\n<p><strong>Cera naczyniowa i wra\u017cliwa.<\/strong><\/p>\n<p>Nadwra\u017cliwo\u015b\u0107 sk\u00f3ry i liczne teleangiektazje s\u0105 przeciwskazaniem w bardzo wielu procedurach anti-age. Chc\u0105c uzyska\u0107 dobre efekty, z regu\u0142y musimy sk\u00f3r\u0119 wystymulowa\u0107 mechanicznie, co przy tego typu problemach nie zawsze jest mo\u017cliwe. Technika pracy <strong>Mikro Aktywacji M<\/strong> polegaj\u0105ca na blokowaniu receptor\u00f3w dzi\u0119ki ogromnej ilo\u015bci uderze\u0144 pozwala opracowywa\u0107 nawet najbardziej wra\u017cliw\u0105 sk\u00f3r\u0119, a odpowiednio dobrany program stymulacji nie obci\u0105\u017ca jej zbyt intensywnie.<\/p>\n<p><strong>Sk\u00f3ra ekstremalnie przesuszona.<\/strong><\/p>\n<p>Problem ze skuteczn\u0105 suplementacj\u0105 nask\u00f3rka, a w szczeg\u00f3lno\u015bci sk\u00f3ry w\u0142a\u015bciwej jest od wielu lat taki sam. Jak wprowadzi\u0107 substancje nawil\u017caj\u0105ce i jak uzyska\u0107 d\u0142ugotrwa\u0142y efekt nawil\u017cenia? W systemie zabiegowym Dermia Solution zabieg <strong>Mikro Aktywacji M<\/strong> efektywnie zwi\u0119ksza przepuszczalno\u015b\u0107 nask\u00f3rka nawet do 80%, a biotechnologiczny kwas hialuronowy dostaje si\u0119 dzi\u0119ki temu do sk\u00f3ry w\u0142a\u015bciwej i utrzymuje si\u0119 w niej do miesi\u0105ca. Tak skuteczny zabieg jest idealnym rozwi\u0105zaniem dla cer z du\u017cym niedoborem nawil\u017cenia, zar\u00f3wno przy sk\u00f3rach m\u0142odych, jak i bardziej dojrza\u0142ych.<\/p>\n<p><strong>Sk\u00f3ra zwiotcza\u0142a.<\/strong><\/p>\n<p>Dzi\u0119ki ogromnej ilo\u015bci mikrokana\u0142\u00f3w zag\u0119szczamy nask\u00f3rek, co jest widoczne ju\u017c po pierwszym zabiegu. Preparaty na bazie aktywnych substancji napinaj\u0105cych i wyg\u0142adzaj\u0105cych sk\u00f3r\u0119, kt\u00f3re po perforacji z du\u017c\u0105 efektywno\u015bci\u0105 wprowadzamy w sk\u00f3r\u0119 gwarantuj\u0105 optymalny efekt wyg\u0142adzenia i napi\u0119cia<\/p>\n<p>&nbsp;<\/p>\n<p class=\"western\"><strong>Piel\u0119gnacja domowa<\/strong><\/p>\n<p class=\"western\" align=\"LEFT\"><span style=\"font-family: Tahoma, sans-serif;\">Zabiegi biorewitalizacji sk\u00f3ry wykonywane w gabinecie stanowi\u0105 sp\u00f3jn\u0105 ca\u0142o\u015b\u0107 z piel\u0119gnacj\u0105 domow\u0105 i tylko po\u0142\u0105czenie tych dw\u00f3ch element\u00f3w gwarantuje w pe\u0142ni zadowalaj\u0105ce i d\u0142ugotrwa\u0142e efekty. Podczas zabieg\u00f3w znosimy barier\u0119 nask\u00f3rkow\u0105, co daje nam mo\u017cliwo\u015b\u0107 skutecznej suplementacji zewn\u0119trznej nie tylko podczas zabiegu, ale jeszcze podczas nast\u0119pnych czterech d\u00f3b.<\/span><\/p>\n<p class=\"western\" style=\"text-align: left;\" align=\"CENTER\"><span style=\"font-family: Tahoma, sans-serif;\"><b>Kompleksowa biorewitalizacja sk\u00f3ry obejmuje twarz, szyj\u0119 oraz dekolt. <\/b><\/span><\/p>\n<p class=\"western\" style=\"text-align: left;\" align=\"CENTER\"><span style=\"font-family: Tahoma, sans-serif;\"><b>Zabiegi wykonywane s\u0105 r\u00f3wnie\u017c na sk\u00f3rze biustu oraz d\u0142oniach.<br \/>\n<\/b><\/span><\/p>\n<h2 class=\"western\">Biust<\/h2>\n<p class=\"western\" align=\"LEFT\"><span style=\"font-family: Tahoma, sans-serif;\">Zabieg poprawiaj\u0105cy struktur\u0119 tkanki biustu.<\/span><\/p>\n<p class=\"western\" align=\"LEFT\"><span style=\"font-family: Tahoma, sans-serif;\">Struktura tkanki na piersiach jest niezwykle delikatna i\u00a0 bardzo szybko zmienia si\u0119 jej spr\u0119\u017cysto\u015b\u0107 co skutkuje utrat\u0105 j\u0119drno\u015bci i\u00a0 pogorszeniem wygl\u0105du biustu. <\/span><\/p>\n<p class=\"western\" align=\"LEFT\"><span style=\"font-family: Tahoma, sans-serif;\">Wskazania do zabiegu:<\/span><\/p>\n<p class=\"western\" align=\"LEFT\"><span style=\"font-family: Tahoma, sans-serif;\">&#8211; zwiotcza\u0142y nask\u00f3rek,<\/span><\/p>\n<p class=\"western\" align=\"LEFT\"><span style=\"font-family: Tahoma, sans-serif;\">&#8211; biust po okresie karmienia,<\/span><\/p>\n<p class=\"western\" align=\"LEFT\"><span style=\"font-family: Tahoma, sans-serif;\">&#8211; biust po du\u017cej utracie wagi,<\/span><\/p>\n<p class=\"western\" align=\"LEFT\"><span style=\"font-family: Tahoma, sans-serif;\">&#8211; biust z rozst\u0119pami, <\/span><\/p>\n<p class=\"western\" align=\"LEFT\"><span style=\"font-family: Tahoma, sans-serif;\">&#8211; biust po interwencjach chirurgicznych.<\/span><\/p>\n<h2 class=\"western\">D\u0142onie<\/h2>\n<p class=\"western\" align=\"LEFT\"><span style=\"font-family: Tahoma, sans-serif;\">Od wielu stuleci kobiety wykazywa\u0142y niezwyk\u0142\u0105 dba\u0142o\u015b\u0107 o d\u0142onie, wr\u0119cz mo\u017cna by\u0142o zaszeregowa\u0107 panie do odpowiedniej grupy spo\u0142ecznej oceniaj\u0105c stan nask\u00f3rka na d\u0142oniach (panie z wy\u017cszych sfer lub pracuj\u0105ce fizycznie-s\u0142u\u017cba). W dzisiejszych czasach nadal staramy si\u0119 dba\u0107 o d\u0142onie, ale codzienna ich piel\u0119gnacja (peelingi, balsamy) nie s\u0105 wystarczaj\u0105ce aby znacz\u0105co poprawi\u0107 ich wygl\u0105d.<\/span><\/p>\n<p class=\"western\" align=\"LEFT\"><span style=\"font-family: Tahoma, sans-serif;\">Zabieg Mezoterapii mikroig\u0142owej na d\u0142onie umo\u017cliwia wykonanie bardzo skutecznych procedur anty starzeniowych, kt\u00f3re jednocze\u015bnie s\u0105 na tyle bezpieczne, \u017ce nie wykluczaj\u0105 nas z \u017cycia codziennego bezpo\u015brednio po zabiegu.<\/span><\/p>\n<p class=\"western\" align=\"LEFT\"><span style=\"font-family: Tahoma, sans-serif;\">Wskazania do zabiegu:<\/span><\/p>\n<p class=\"western\" align=\"LEFT\"><span style=\"font-family: Tahoma, sans-serif;\">&#8211; zwiotcza\u0142a sk\u00f3ra na d\u0142oniach,<\/span><\/p>\n<p class=\"western\" align=\"LEFT\"><span style=\"font-family: Tahoma, sans-serif;\">&#8211; przebarwienia pigmentacyjne,<\/span><\/p>\n<p class=\"western\" align=\"LEFT\"><span style=\"font-family: Tahoma, sans-serif;\">&#8211; d\u0142onie zniszczone warunkami atmosferycznymi,<\/span><\/p>\n<p class=\"western\" align=\"LEFT\"><span style=\"font-family: Tahoma, sans-serif;\">&#8211; nask\u00f3rek zniszczony codziennymi pracami domowymi,<\/span><\/p>\n<p class=\"western\" align=\"LEFT\"><span style=\"font-family: Tahoma, sans-serif;\">&#8211; d\u0142onie kobiety dojrza\u0142ej.<\/span><\/p>\n","protected":false},"excerpt":{"rendered":"<p>BIOREWITALIZACJA \u2013 MIKRO AKTYWACJA M Kompleksowa biorewitalizacja sk\u00f3ry to niezwykle skuteczny, innowacyjny zabieg, pobudzaj\u0105cy sk\u00f3r\u0119 do produkcji warto\u015bciowego kolagenu i elastyny, b\u0119d\u0105cych podstaw\u0105 do przed\u0142u\u017cenia m\u0142odo\u015bci sk\u00f3ry. Wp\u0142ywaj\u0105cy zar\u00f3wno na popraw\u0119 jej struktury, jak i wygl\u0105du. Procedura pozwala na intensywne, ale bezbolesne stymulowanie g\u0142\u0119bokich\u00a0warstw sk\u00f3ry. Skutecznie znosi barier\u0119 w postaci martwych kom\u00f3rek, gwarantuj\u0105c efektywn\u0105 suplementacj\u0119 [&hellip;]<\/p>\n","protected":false},"author":1,"featured_media":446,"parent":0,"menu_order":0,"comment_status":"closed","ping_status":"closed","template":"","meta":{"footnotes":""},"_links":{"self":[{"href":"http:\/\/kwitnaca-wisnia.eu\/index.php?rest_route=\/wp\/v2\/pages\/184"}],"collection":[{"href":"http:\/\/kwitnaca-wisnia.eu\/index.php?rest_route=\/wp\/v2\/pages"}],"about":[{"href":"http:\/\/kwitnaca-wisnia.eu\/index.php?rest_route=\/wp\/v2\/types\/page"}],"author":[{"embeddable":true,"href":"http:\/\/kwitnaca-wisnia.eu\/index.php?rest_route=\/wp\/v2\/users\/1"}],"replies":[{"embeddable":true,"href":"http:\/\/kwitnaca-wisnia.eu\/index.php?rest_route=%2Fwp%2Fv2%2Fcomments&post=184"}],"version-history":[{"count":8,"href":"http:\/\/kwitnaca-wisnia.eu\/index.php?rest_route=\/wp\/v2\/pages\/184\/revisions"}],"predecessor-version":[{"id":1964,"href":"http:\/\/kwitnaca-wisnia.eu\/index.php?rest_route=\/wp\/v2\/pages\/184\/revisions\/1964"}],"wp:featuredmedia":[{"embeddable":true,"href":"http:\/\/kwitnaca-wisnia.eu\/index.php?rest_route=\/wp\/v2\/media\/446"}],"wp:attachment":[{"href":"http:\/\/kwitnaca-wisnia.eu\/index.php?rest_route=%2Fwp%2Fv2%2Fmedia&parent=184"}],"curies":[{"name":"wp","href":"https:\/\/api.w.org\/{rel}","templated":true}]}}