{"id":188,"date":"2015-10-16T11:46:47","date_gmt":"2015-10-16T11:46:47","guid":{"rendered":"http:\/\/kwitnaca-wisnia.eu\/?page_id=188"},"modified":"2015-12-01T13:53:48","modified_gmt":"2015-12-01T13:53:48","slug":"kwas-hialuronowy","status":"publish","type":"page","link":"http:\/\/kwitnaca-wisnia.eu\/?page_id=188","title":{"rendered":"Kwas hialuronowy"},"content":{"rendered":"<h3 align=\"CENTER\"><span style=\"font-family: Tahoma, sans-serif;\"><span style=\"font-size: large;\"><b>KWAS HIALURONOWY<\/b><\/span><\/span><\/h3>\n<h3 align=\"CENTER\"><strong><span style=\"font-family: Tahoma, sans-serif;\">Korekta zmarszczek, wype\u0142nianie bruzd kwasem hialuronowym<\/span><\/strong><\/h3>\n<p>&nbsp;<\/p>\n<p>Produkty wype\u0142niaj\u0105ce (kwas hialuronowy) to substancje wyst\u0119puj\u0105ce naturalnie w sk\u00f3rze, a ilo\u015b\u0107 ich i jako\u015b\u0107 zmniejsza si\u0119 wraz z wiekiem, co prowadzi do zwiotczenia sk\u00f3ry. Sk\u00f3ra najpierw staje si\u0119 wysuszona, a nast\u0119pnie pojawiaj\u0105 si\u0119 pierwsze pojedyncze linie, kt\u00f3re z czasem przekszta\u0142caj\u0105 si\u0119 w g\u0142\u0119bsze zmarszczki.<\/p>\n<p><strong><span style=\"font-family: Tahoma, sans-serif;\">Wype\u0142niacze poprzez nawil\u017cenie i nadanie obj\u0119to\u015bci:<\/span><\/strong><\/p>\n<p>-wyg\u0142adzaj\u0105 zmarszczki<br \/>\n-poprawiaj\u0105 kontur twarzy<br \/>\n-modeluj\u0105 wargi<\/p>\n<p>Fillery silnie stymuluje sk\u00f3r\u0119, kt\u00f3ra nawet po wch\u0142oni\u0119ciu si\u0119 preparatu (5-18 miesi\u0119cy w zale\u017cno\u015bci od preparatu) wygl\u0105da lepiej ni\u017c przed zabiegiem.<\/p>\n<p>Zabiegi z u\u017cyciem wype\u0142niaczy stosujemy do wype\u0142niania zmarszczek oraz do zabieg\u00f3w wolumetrycznych w okolicach takich jak:<\/p>\n<p>-bruzdy nosowo wargowe<br \/>\n-zmarszczki marionetki<br \/>\n-bruzda br\u00f3dkowa<br \/>\n-zmarszczki &#8222;palacza&#8221; i &#8222;kurze \u0142apki&#8221;<\/p>\n<p><strong><span style=\"font-family: Tahoma, sans-serif;\">Efekty zabiegu:<\/span><\/strong><\/p>\n<p>-widoczne s\u0105 natychmiast po podaniu<br \/>\n-zmarszczki staj\u0105 si\u0119 znacznie p\u0142ytsze<br \/>\n-nast\u0119puje poprawa owalu twarzy<\/p>\n<p>Zabieg wykonywany jest w znieczuleniu miejscowym przez wykwalifikowanego lekarza.<br \/>\nOdst\u0119p pomi\u0119dzy zabiegami wype\u0142niania zmiarszczek, a innymi metodami odm\u0142adzania, peelingi chemiczne, mikrodermabrazja powinien wynosi\u0107 1-2 tygodnie.<br \/>\nW dniu zabiegu powinno si\u0119 unika\u0107 intensywnego nagrzewania cia\u0142a (sauna, solarium, promienie s\u0142oneczne), intensywnego wysi\u0142ku fizycznego i stosowania produkt\u00f3w zawieraj\u0105cych alkohol bezpo\u015brednio na miejsca korekcji.<br \/>\nPrzez kilka godzin po zabiegu nale\u017cy unika\u0107 dotykania i masowania miejsc iniekcji.<\/p>\n<p><strong><span style=\"font-family: Tahoma, sans-serif;\">Przeciwwskazania:<\/span><\/strong><span style=\"font-family: Tahoma, sans-serif;\"><br \/>\n-nadwra\u017cliwo\u015b\u0107 na sk\u0142adniki wype\u0142niacza<br \/>\n-aktywne infekcje sk\u00f3rne (tr\u0105dzik, opryszczka itp.)<br \/>\n-choroby uk\u0142adu immunologicznego<br \/>\n-ci\u0105\u017ca<br \/>\n-karmienie piersi\u0105<\/span><\/p>\n<p>Nie nale\u017cy przyjmowa\u0107 aspiryny i innych niesteroidowych lek\u00f3w przeciwzapalnych, witaminy E oraz innych lek\u00f3w obni\u017caj\u0105cych krzepliwo\u015b\u0107 krwi przez 7-10 dni przed zabiegiem.<\/p>\n<p><strong><span style=\"font-family: Tahoma, sans-serif;\">Objawy niepo\u017c\u0105dane mog\u0105ce wyst\u0105pi\u0107 po zabiegu:<\/span><\/strong><\/p>\n<p>-zaczerwienienie, obrz\u0119k, b\u00f3l w miejscu wstrzykni\u0119cia wype\u0142niacza (objawy te znikaj\u0105 w ci\u0105gu 72 godzin)<br \/>\n-\u015bwi\u0105d w przypadku sk\u00f3ry wra\u017cliwej<br \/>\n-sporadycznie obrz\u0119k pod postaci\u0105 zgrubienia utrzymuj\u0105cego si\u0119 kilka tygodni<\/p>\n<h3 align=\"CENTER\"><strong><span style=\"font-family: Tahoma, sans-serif;\">Powi\u0119kszanie, wype\u0142nianie, korekta kszta\u0142tu ust<\/span><\/strong><\/h3>\n<p><span style=\"font-family: Tahoma, sans-serif;\">Do powi\u0119kszania i modelowania kszta\u0142tu ust stosujemy wype\u0142niacz najwy\u017cszej jako\u015bci, kt\u00f3rego g\u0142\u00f3wn\u0105 funkcj\u0105 jest wi\u0105zanie i magazynowanie wody w tkankach.<\/span><\/p>\n<p>Z up\u0142ywem czasu usta bardzo szybko trac\u0105 swoj\u0105 naturaln\u0105 spoisto\u015b\u0107, kolor i nawil\u017cenie. Dlatego zabiegi poprawiaj\u0105ce kondycj\u0119 tego obszaru wydaj\u0105 si\u0119 obecnie konieczno\u015bci\u0105. U os\u00f3b chc\u0105cych zachowa\u0107 pi\u0119kny kszta\u0142t i obj\u0119to\u015b\u0107 ust wykonujemy odpowiednie korekty wstrzykuj\u0105c wype\u0142niacz w celu uwydatnienia konturu ust, powi\u0119kszenia ust, usuni\u0119cia zmarszczek wok\u00f3\u0142 ust, b\u0105d\u017a w celu ich nawil\u017cenia przywracaj\u0105c im m\u0142odzie\u0144czy wygl\u0105d.<\/p>\n<p>Zabieg trwa ok. 30 min. i jest prawie bezbolesny. Zawsze stosuje si\u0119 znieczulenie miejscowe, w zale\u017cno\u015bci od wra\u017cliwo\u015bci pacjenta, kremem lub za pomoc\u0105 znieczulenia stomatologicznego.<\/p>\n<p><strong><span style=\"font-family: Tahoma, sans-serif;\">Bezpo\u015brednio po zabiegu mog\u0105 wyst\u0105pi\u0107 w miejscu podania: <\/span><\/strong><\/p>\n<p>-obrz\u0119k<br \/>\n-rumie\u0144<br \/>\n-zasinienie<br \/>\n-b\u00f3l<br \/>\n-\u015bwi\u0105d<br \/>\n-nadwra\u017cliwo\u015b\u0107 na dotyk<\/p>\n<p><span style=\"font-family: Tahoma, sans-serif;\">Objawy te zwykle ust\u0119puj\u0105 po kilku dniach po podaniu preparatu.<\/span><\/p>\n<p>Czas utrzymywania si\u0119 efektu: 3 &#8211; 9 miesi\u0119cy, zale\u017cnie od indywidualnych cech pacjenta.<\/p>\n<h1 class=\"western\" style=\"text-align: center;\">WOLUMETRIA<\/h1>\n<h3 align=\"CENTER\"><strong><span style=\"font-family: Tahoma, sans-serif;\">Modelowanie kontur\u00f3w twarzy (zabiegi wolumetryczne)<\/span><\/strong><\/h3>\n<p><span style=\"font-family: Tahoma, sans-serif;\">Zabiegi wolumetryczne polegaj\u0105 na korygowaniu oraz modelowaniu kszta\u0142t\u00f3w twarzy i szyi poprzez przywr\u00f3cenie utraconej obj\u0119to\u015bci, zapewniaj\u0105c bardziej m\u0142odzie\u0144czy wygl\u0105d.<\/span><\/p>\n<p>Zabiegi te, przy minimalnej inwazyjno\u015bci umo\u017cliwiaj\u0105 uzyskanie efektu liftingu.<br \/>\nZ wiekiem sk\u00f3ra staje si\u0119 bardziej wiotka, mniej elastyczna, a mi\u0119\u015bnie trac\u0105 swoj\u0105 kurczliwo\u015b\u0107. Sk\u00f3ra w\u0142a\u015bciwa ulega stopniowemu odwodnieniu i staje si\u0119 cie\u0144sza. Nask\u00f3rek oraz sk\u00f3ra w\u0142a\u015bciwa, kt\u00f3re zazwyczaj s\u0105 po\u0142\u0105czone ze sob\u0105, zaczynaj\u0105 si\u0119 rozdziela\u0107, a zwiotcza\u0142a sk\u00f3ra pokrywa si\u0119 zmarszczkami.<\/p>\n<p>Zmianom tym zwykle towarzyszy spadek ilo\u015bci t\u0142uszczu, kt\u00f3ry r\u00f3wnie\u017c powoduje zmniejszenie obj\u0119to\u015bci i j\u0119drno\u015bci sk\u00f3ry. Zmiany obj\u0119to\u015bci najcz\u0119\u015bciej dotycz\u0105 ko\u015bci policzkowych, policzk\u00f3w, fa\u0142d\u00f3w nosowo-wargowych, k\u0105cik\u00f3w ust, podbr\u00f3dka i szyi.<\/p>\n<p><strong><span style=\"font-family: Tahoma, sans-serif;\">Zastosowanie metod wolumetrycznych pozwala na:<\/span><\/strong><\/p>\n<p>-modelowanie ko\u015bci policzkowych<br \/>\n-popraw\u0119 owalu twarzy<br \/>\n-zmian\u0119 kszta\u0142tu ust<br \/>\n-modelowanie podbr\u00f3dka<\/p>\n","protected":false},"excerpt":{"rendered":"<p>KWAS HIALURONOWY Korekta zmarszczek, wype\u0142nianie bruzd kwasem hialuronowym &nbsp; Produkty wype\u0142niaj\u0105ce (kwas hialuronowy) to substancje wyst\u0119puj\u0105ce naturalnie w sk\u00f3rze, a ilo\u015b\u0107 ich i jako\u015b\u0107 zmniejsza si\u0119 wraz z wiekiem, co prowadzi do zwiotczenia sk\u00f3ry. Sk\u00f3ra najpierw staje si\u0119 wysuszona, a nast\u0119pnie pojawiaj\u0105 si\u0119 pierwsze pojedyncze linie, kt\u00f3re z czasem przekszta\u0142caj\u0105 si\u0119 w g\u0142\u0119bsze zmarszczki. Wype\u0142niacze [&hellip;]<\/p>\n","protected":false},"author":1,"featured_media":0,"parent":0,"menu_order":0,"comment_status":"closed","ping_status":"closed","template":"","meta":{"footnotes":""},"_links":{"self":[{"href":"http:\/\/kwitnaca-wisnia.eu\/index.php?rest_route=\/wp\/v2\/pages\/188"}],"collection":[{"href":"http:\/\/kwitnaca-wisnia.eu\/index.php?rest_route=\/wp\/v2\/pages"}],"about":[{"href":"http:\/\/kwitnaca-wisnia.eu\/index.php?rest_route=\/wp\/v2\/types\/page"}],"author":[{"embeddable":true,"href":"http:\/\/kwitnaca-wisnia.eu\/index.php?rest_route=\/wp\/v2\/users\/1"}],"replies":[{"embeddable":true,"href":"http:\/\/kwitnaca-wisnia.eu\/index.php?rest_route=%2Fwp%2Fv2%2Fcomments&post=188"}],"version-history":[{"count":5,"href":"http:\/\/kwitnaca-wisnia.eu\/index.php?rest_route=\/wp\/v2\/pages\/188\/revisions"}],"predecessor-version":[{"id":641,"href":"http:\/\/kwitnaca-wisnia.eu\/index.php?rest_route=\/wp\/v2\/pages\/188\/revisions\/641"}],"wp:attachment":[{"href":"http:\/\/kwitnaca-wisnia.eu\/index.php?rest_route=%2Fwp%2Fv2%2Fmedia&parent=188"}],"curies":[{"name":"wp","href":"https:\/\/api.w.org\/{rel}","templated":true}]}}