{"id":190,"date":"2015-10-16T11:46:56","date_gmt":"2015-10-16T11:46:56","guid":{"rendered":"http:\/\/kwitnaca-wisnia.eu\/?page_id=190"},"modified":"2020-12-07T14:50:35","modified_gmt":"2020-12-07T14:50:35","slug":"botoks","status":"publish","type":"page","link":"http:\/\/kwitnaca-wisnia.eu\/?page_id=190","title":{"rendered":"Botoks"},"content":{"rendered":"<p>&nbsp;<\/p>\n<p align=\"CENTER\"><!--more--><\/p>\n<h3 align=\"CENTER\"><strong><span style=\"font-family: Tahoma, sans-serif;\">Likwidacja zmarszczek mimicznych przy u\u017cyciu toksyny botuliniowej (BOTOX)<\/span><\/strong><!--more--><\/h3>\n<p><strong><span style=\"font-family: Tahoma, sans-serif;\">Preparat typu A s\u0142u\u017cy g\u0142\u00f3wnie do usuwania zmarszczek:<\/span><\/strong><\/p>\n<p>-okolica mi\u0119dzybrwiowa<br \/>\n-zmarszczki poziome czo\u0142a<br \/>\n-kurze \u0142apki, zmarszczki powieki dolnej,opadaj\u0105ce k\u0105ciki ust<\/p>\n<p>&nbsp;<\/p>\n<p>Wstrzykni\u0119cie niewielkiej dawki preparatu do wybranych mi\u0119\u015bni twarzy zapobiega skurczowi tych mi\u0119\u015bni, a jednocze\u015bnie marszczeniu i fa\u0142dowaniu si\u0119 sk\u00f3ry, natomiast pozosta\u0142e mi\u0119\u015bnie funkcjonuj\u0105 jak dotychczas. Substancja wstrzykiwana jest precyzyjnie za pomoc\u0105 cieniutkiej, jednorazowej ig\u0142y w kilka miejsc na twarzy.<\/p>\n<p><!--more--><\/p>\n<p><strong><span style=\"font-family: Tahoma, sans-serif;\">Efekt zabiegu:<\/span><\/strong><\/p>\n<p>-znikanie zmarszczek mimicznych w wybranych miejscach na twarzy<br \/>\n-wyraz twarzy nie zmienia si\u0119!<\/p>\n<p><span style=\"font-family: Tahoma, sans-serif;\">Preparat zaczyna dzia\u0142a\u0107 po 2-3 dniach od wstrzykni\u0119cia, a pe\u0142ny efekt leczenia widoczny jest po 7 do 10 dniach.<\/span><\/p>\n<p>Zalet\u0105 ww substancji jest fakt, \u017ce efekt leczenia jest przemijaj\u0105cy (utrzymuje si\u0119 3-5 miesi\u0119cy i d\u0142u\u017cej w zale\u017cno\u015bci od pacjenta). Efekt leczenia zanika stopniowo. Zabieg nale\u017cy wykona\u0107 2-3-krotnie w ci\u0105gu roku (przy systematycznym stosowaniu czas utrzymywania si\u0119 efekt\u00f3w leczenia wyd\u0142u\u017ca si\u0119, co wi\u0105\u017ce si\u0119 ze zmniejszeniem cz\u0119stotliwo\u015bci kolejnych wstrzykni\u0119\u0107).<\/p>\n<p>Na 7-10 dni przed zabiegiem nie nale\u017cy przyjmowa\u0107 aspiryny i innych niesteroidowych lek\u00f3w przeciwzapalnych, witaminy E oraz innych lek\u00f3w obni\u017caj\u0105cych krzepliwo\u015b\u0107 krwi.<\/p>\n<p><strong><span style=\"font-family: Tahoma, sans-serif;\">Dzia\u0142ania niepo\u017c\u0105dane:<\/span><\/strong><\/p>\n<p><span style=\"font-family: Tahoma, sans-serif;\"><br \/>\n-tkliwo\u015b\u0107 i zasinienie w miejscu wstrzykni\u0119cia<br \/>\n-w niekt\u00f3rych przypadkach mo\u017ce powodowa\u0107 przemijaj\u0105ce os\u0142abienie okolicznych mi\u0119\u015bni<br \/>\n-rzadko, mo\u017ce prowadzi\u0107 do niewielkiego i odwracalnego opadania powiek i brwi (1-2 tygodnie po zabiegu)<\/span><\/p>\n<p><strong><span style=\"font-family: Tahoma, sans-serif;\">Przeciwskazania do zabiegu:<\/span><\/strong><\/p>\n<p>-zaburzenia przewodnictwa nerwowo-mi\u0119\u015bniowego (miastenia gravis, zesp\u00f3\u0142 Lamberta Eatona)<br \/>\n-nadwra\u017cliwo\u015b\u0107 na sk\u0142adniki preparatu<br \/>\nStosowanie nast\u0119puj\u0105cych lek\u00f3w lub okres do 1 tygodnia od ich odstawienia:<\/p>\n","protected":false},"excerpt":{"rendered":"<p>&nbsp;<\/p>\n","protected":false},"author":1,"featured_media":0,"parent":0,"menu_order":0,"comment_status":"closed","ping_status":"closed","template":"","meta":{"footnotes":""},"_links":{"self":[{"href":"http:\/\/kwitnaca-wisnia.eu\/index.php?rest_route=\/wp\/v2\/pages\/190"}],"collection":[{"href":"http:\/\/kwitnaca-wisnia.eu\/index.php?rest_route=\/wp\/v2\/pages"}],"about":[{"href":"http:\/\/kwitnaca-wisnia.eu\/index.php?rest_route=\/wp\/v2\/types\/page"}],"author":[{"embeddable":true,"href":"http:\/\/kwitnaca-wisnia.eu\/index.php?rest_route=\/wp\/v2\/users\/1"}],"replies":[{"embeddable":true,"href":"http:\/\/kwitnaca-wisnia.eu\/index.php?rest_route=%2Fwp%2Fv2%2Fcomments&post=190"}],"version-history":[{"count":10,"href":"http:\/\/kwitnaca-wisnia.eu\/index.php?rest_route=\/wp\/v2\/pages\/190\/revisions"}],"predecessor-version":[{"id":642,"href":"http:\/\/kwitnaca-wisnia.eu\/index.php?rest_route=\/wp\/v2\/pages\/190\/revisions\/642"}],"wp:attachment":[{"href":"http:\/\/kwitnaca-wisnia.eu\/index.php?rest_route=%2Fwp%2Fv2%2Fmedia&parent=190"}],"curies":[{"name":"wp","href":"https:\/\/api.w.org\/{rel}","templated":true}]}}