{"id":192,"date":"2015-10-16T11:47:05","date_gmt":"2015-10-16T11:47:05","guid":{"rendered":"http:\/\/kwitnaca-wisnia.eu\/?page_id=192"},"modified":"2015-12-01T14:02:39","modified_gmt":"2015-12-01T14:02:39","slug":"lipoliza-iniekcyjna","status":"publish","type":"page","link":"http:\/\/kwitnaca-wisnia.eu\/?page_id=192","title":{"rendered":"Lipoliza iniekcyjna Aqualyx"},"content":{"rendered":"<p align=\"CENTER\"><strong><span style=\"font-family: Tahoma, sans-serif;\">Lipoliza iniekcyjna Aqualyx<\/span><\/strong><\/p>\n<p><strong><span style=\"font-family: Tahoma,sans-serif;\">Czym Jest Aqualyx?<\/span><\/strong><\/p>\n<p>Aqualyx to niechirurgiczna alternatywa liposukcji.<br \/>\nAqualyx to jedyny na \u015bwiecie, zarejestrowany preparat do zabieg\u00f3w iniekcyjnego usuwania tkanki t\u0142uszczowej, a technika intralipoterapii zosta\u0142a uznana za najbezpieczniejsz\u0105 technik\u0119 iniekcyjn\u0105 w redukcji tkanki t\u0142uszczowej.<\/p>\n<p><a href=\"http:\/\/kwitnaca-wisnia.eu\/wp-content\/uploads\/2015\/10\/19.jpg\" data-rel=\"lightbox-image-0\" data-rl_title=\"\" data-rl_caption=\"\" title=\"\"><img loading=\"lazy\" decoding=\"async\" class=\"aligncenter size-full wp-image-147\" src=\"http:\/\/kwitnaca-wisnia.eu\/wp-content\/uploads\/2015\/10\/19.jpg\" alt=\"19\" width=\"1000\" height=\"450\" srcset=\"http:\/\/kwitnaca-wisnia.eu\/wp-content\/uploads\/2015\/10\/19.jpg 1000w, http:\/\/kwitnaca-wisnia.eu\/wp-content\/uploads\/2015\/10\/19-300x135.jpg 300w, http:\/\/kwitnaca-wisnia.eu\/wp-content\/uploads\/2015\/10\/19-220x99.jpg 220w, http:\/\/kwitnaca-wisnia.eu\/wp-content\/uploads\/2015\/10\/19-187x84.jpg 187w, http:\/\/kwitnaca-wisnia.eu\/wp-content\/uploads\/2015\/10\/19-453x204.jpg 453w\" sizes=\"(max-width: 1000px) 100vw, 1000px\" \/><\/a><\/p>\n<p><strong><span style=\"font-family: Tahoma,sans-serif;\">Jak dzia\u0142a Aqualyx?<\/span><\/strong><\/p>\n<p>Aqualyx to roztw\u00f3r bez fosfatydylocholiny, w kt\u00f3rym g\u0142\u00f3wnymi, dzia\u0142aj\u0105cymi na kom\u00f3rk\u0119 t\u0142uszczow\u0105 substancjami s\u0105 detergenty (typu deoksycholan sodu).<br \/>\nDetergent rozpuszcza t\u0142uszcz i niszczy b\u0142on\u0119 kom\u00f3rkow\u0105 \u2013 zachodzi proces adipocytolizy.<br \/>\nAqualyx wstrzykni\u0119ty w tkank\u0119 t\u0142uszczow\u0105 powoduje niszczenie kom\u00f3rek t\u0142uszczowych, kt\u00f3re transportowane s\u0105 do w\u0105troby i wydalane z organizmu przez nerki.<\/p>\n<p>W przeciwie\u0144stwie do stosowanych powszechnie roztwor\u00f3w fosfatydylocholiny preparat Aqualyx jest:<br \/>\n&#8211; bezbolesny i bardziej skuteczny<br \/>\n&#8211; nieinwazyjny (od 1 do 2 wk\u0142u\u0107)<br \/>\n&#8211; szybszy &#8211; mniejsza liczba koniecznych zabieg\u00f3w do uzyskania efekt\u00f3w<\/p>\n<p><strong>Wskazania<\/strong><\/p>\n<p>Aqualyx mo\u017cemy zastosowa\u0107 w taki miejscach jak:<\/p>\n<p>&#8211; ko\u0144czyny g\u00f3rne \u2013 w okolicy tricepsu<br \/>\n&#8211; fa\u0142dy na plecach (poni\u017cej \u017ceber)<br \/>\n&#8211; brzuch<br \/>\n&#8211; biodra<br \/>\n&#8211; \u201ebryczesy\u201d<br \/>\n&#8211; okolica podpo\u015bladkowa<br \/>\n&#8211; wewn\u0119trzna strona ud<br \/>\n&#8211; wewn\u0119trzna strona kolan<br \/>\n&#8211; podw\u00f3jny podbr\u00f3dek\/modelowanie konturu \u017cuchwy<br \/>\n&#8211; pseudoginekomastia m\u0119ska<br \/>\n&#8211; t\u0142uszczaki<br \/>\n&#8211; bawoli karczek (po terapii antyretrowirusowej)<\/p>\n<p>Najlepsze efekty osi\u0105galne s\u0105 u pacjent\u00f3w z odpowiedni\u0105 waga lub lekk\u0105 nadwag\u0105 z miejscowym nagromadzeniem t\u0142uszczu. Zw\u0142aszcza w przypadku takich miejscowych ot\u0142uszcze\u0144 u kobiet w takich miejscach jak: biodra, bryczesy, wewn\u0119trzna strona kolan, kt\u00f3re nie ulegaj\u0105 redukcji pomimo \u0107wicze\u0144 i diety.<\/p>\n<p><strong>Przeciwwskazaniami do zabiegu AQUALYX s\u0105:<\/strong><\/p>\n<p>&#8211; ostre choroby nerek i w\u0105troby, cukrzyca, choroby krwi zwi\u0105zane z nadmiernym krwawieniem, sta\u0142e stosowanie lek\u00f3w rozrzedzaj\u0105cych krew.<br \/>\n&#8211; choroby tarczycy: Aqualyx mo\u017ce by\u0107 wykonywany u os\u00f3b z zaburzeniami autoimmunologicznymi tarczycy, u os\u00f3b chorych na Hashimoto tylko w przypadku kiedy poziom przeciwcia\u0142 jest bardzo niski lub r\u00f3wny zero.<\/p>\n<p>Zabieg\u00f3w nie wykonuje si\u0119 r\u00f3wnie\u017c u ci\u0119\u017carnych oraz kobiet karmi\u0105cych piersi\u0105.<\/p>\n<p><strong>Mo\u017cliwe objawy uboczne:<\/strong><\/p>\n<p>&#8211; zaczerwienienie sk\u00f3ry<br \/>\n&#8211; obrz\u0119k<br \/>\n&#8211; siniaki<br \/>\n&#8211; uczucie dyskomfortu w miejscu podania<br \/>\n&#8211; \u015bwi\u0105d, pieczenie<\/p>\n<p>objawy te ust\u0119puj\u0105 samoistnie w ci\u0105gu kilu dni.<\/p>\n","protected":false},"excerpt":{"rendered":"<p>Lipoliza iniekcyjna Aqualyx Czym Jest Aqualyx? Aqualyx to niechirurgiczna alternatywa liposukcji. Aqualyx to jedyny na \u015bwiecie, zarejestrowany preparat do zabieg\u00f3w iniekcyjnego usuwania tkanki t\u0142uszczowej, a technika intralipoterapii zosta\u0142a uznana za najbezpieczniejsz\u0105 technik\u0119 iniekcyjn\u0105 w redukcji tkanki t\u0142uszczowej. Jak dzia\u0142a Aqualyx? Aqualyx to roztw\u00f3r bez fosfatydylocholiny, w kt\u00f3rym g\u0142\u00f3wnymi, dzia\u0142aj\u0105cymi na kom\u00f3rk\u0119 t\u0142uszczow\u0105 substancjami s\u0105 detergenty [&hellip;]<\/p>\n","protected":false},"author":1,"featured_media":0,"parent":0,"menu_order":0,"comment_status":"closed","ping_status":"closed","template":"","meta":{"footnotes":""},"_links":{"self":[{"href":"http:\/\/kwitnaca-wisnia.eu\/index.php?rest_route=\/wp\/v2\/pages\/192"}],"collection":[{"href":"http:\/\/kwitnaca-wisnia.eu\/index.php?rest_route=\/wp\/v2\/pages"}],"about":[{"href":"http:\/\/kwitnaca-wisnia.eu\/index.php?rest_route=\/wp\/v2\/types\/page"}],"author":[{"embeddable":true,"href":"http:\/\/kwitnaca-wisnia.eu\/index.php?rest_route=\/wp\/v2\/users\/1"}],"replies":[{"embeddable":true,"href":"http:\/\/kwitnaca-wisnia.eu\/index.php?rest_route=%2Fwp%2Fv2%2Fcomments&post=192"}],"version-history":[{"count":7,"href":"http:\/\/kwitnaca-wisnia.eu\/index.php?rest_route=\/wp\/v2\/pages\/192\/revisions"}],"predecessor-version":[{"id":645,"href":"http:\/\/kwitnaca-wisnia.eu\/index.php?rest_route=\/wp\/v2\/pages\/192\/revisions\/645"}],"wp:attachment":[{"href":"http:\/\/kwitnaca-wisnia.eu\/index.php?rest_route=%2Fwp%2Fv2%2Fmedia&parent=192"}],"curies":[{"name":"wp","href":"https:\/\/api.w.org\/{rel}","templated":true}]}}