{"id":196,"date":"2015-10-16T11:47:28","date_gmt":"2015-10-16T11:47:28","guid":{"rendered":"http:\/\/kwitnaca-wisnia.eu\/?page_id=196"},"modified":"2015-12-01T14:08:09","modified_gmt":"2015-12-01T14:08:09","slug":"leczenie-nadpotliwosci","status":"publish","type":"page","link":"http:\/\/kwitnaca-wisnia.eu\/?page_id=196","title":{"rendered":"Leczenie nadpotliwo\u015bci"},"content":{"rendered":"<p align=\"CENTER\"><strong><span style=\"font-family: Tahoma, sans-serif;\">Leczenie nadpotliwo\u015bci<\/span><\/strong><\/p>\n<p><span style=\"font-family: Tahoma, sans-serif;\">Pocenie si\u0119 jest jednym z najwa\u017cniejszych sposob\u00f3w utraty ciep\u0142a przez organizm. Osoby z nadmiern\u0105 potliwo\u015bci\u0105 wydzielaj\u0105 pot w ilo\u015bci znacznie wi\u0119kszej ni\u017c jest to potrzebne do kontrolowania temperatury cia\u0142a.<\/span><\/p>\n<p><span style=\"font-family: Tahoma, sans-serif;\"><b>Wyr\u00f3\u017cnia si\u0119 dwa g\u0142\u00f3wne rodzaje nadmiernej potliwo\u015bci:<\/b><\/span><\/p>\n<p>Miejscowa nadmierna potliwo\u015b\u0107 jest cz\u0119stsza odmiana omawianej nieprawid\u0142owo\u015bci i dotyczy st\u00f3p, d\u0142oni i, w oko\u0142o 30-40% przypadk\u00f3w, pach. Rzadziej, nadmierna potliwo\u015b\u0107 obejmuje r\u00f3wnie\u017c twarz. Jeszcze rzadszym zjawiskiem jest nadmierne pocenie si\u0119 twarzy wywo\u0142ywane przez gor\u0105ce lub pikantne potrawy. BOTOX (R) jest zalecany w leczeniu miejscowej nadmiernej potliwo\u015bci pach w przypadku niepowodzenia innych metod terapii.<\/p>\n<p>Uog\u00f3lniona nadmierna potliwo\u015b\u0107 dotyczy ca\u0142ego cia\u0142a. Wyst\u0119puje znacznie rzadziej i zwykle jest nast\u0119pstwem wsp\u00f3\u0142istniejacej choroby, takiej jak infekcja, cukrzyca lub nadczynno\u015b\u0107 tarczycy. Nadmierna potliwo\u015b\u0107 zazwyczaj zanika pod wp\u0142ywem leczenia podstawowej choroby.<\/p>\n<p><span style=\"font-family: Tahoma, sans-serif;\"><b>Jak cz\u0119stym zjawiskiem jest nadmierna potliwo\u015b\u0107?<\/b><\/span><\/p>\n<p>Ocenia si\u0119, \u017ce nawet 1% populacji cierpi na jedn\u0105 z odmian nadmiernej potliwo\u015bci. Dolegliwo\u015bci zwykle pojawiaja si\u0119 w drugiej lub w trzeciej dekadzie \u017cycia.<\/p>\n<p><span style=\"font-family: Tahoma, sans-serif;\"><b>Jakie s\u0105 przyczyny nadmiernej potliwo\u015bci?<\/b><\/span><\/p>\n<p>Nie wiadomo, dlaczego u niekt\u00f3rych os\u00f3b wyst\u0119puje nadmierna potliwo\u015b\u0107, za\u015b u innych nie. Od oko\u0142o 1\/3 do 1\/2 os\u00f3b z nadmiern\u0105 potliwo\u015bci\u0105 ma krewnego z tym samym problemem, co wskazuje na mo\u017cliwe genetyczne pod\u0142o\u017ce nieprawid\u0142owo\u015bci. Nadmierna potliwo\u015b\u0107 jest nast\u0119pstwem nadaktywno\u015bci jednego z rodzaj\u00f3w gruczo\u0142\u00f3w potowych, nale\u017c\u0105cych do gruczo\u0142\u00f3w wydzielania zewn\u0119trznego. Gruczo\u0142y tego typu s\u0105 zlokalizowane niemal na ca\u0142ej powierzchni cia\u0142a, ale jest ich szczeg\u00f3lnie wiele na d\u0142oniowej stronie r\u0105k, na stopach i pod pachami. Wiele czynnik\u00f3w mo\u017ce wywo\u0142ywa\u0107 prawid\u0142owe wydzielanie potu. Te same czynniki wyzwalaj\u0105 nadmiern\u0105 potliwo\u015b\u0107 &#8211; jedyna r\u00f3\u017cnic\u0105 jest ilo\u015b\u0107 potu.<\/p>\n<p><span style=\"font-family: Tahoma, sans-serif;\"><b>Nadmierna potliwo\u015b\u0107 jest wyzwalana przez takie czynniki jak:<\/b><\/span><\/p>\n<ul>\n<li><span style=\"font-family: Tahoma, sans-serif;\">\u0106wiczenia fizyczne.<\/span><\/li>\n<li><span style=\"font-family: Tahoma, sans-serif;\">Ciep\u0142o lub zimno.<\/span><\/li>\n<li><span style=\"font-family: Tahoma, sans-serif;\">Alkohol, kawa lub herbata, palenie.<\/span><\/li>\n<li><span style=\"font-family: Tahoma, sans-serif;\">Stres, l\u0119k lub silne emocje.<\/span><\/li>\n<li><span style=\"font-family: Tahoma, sans-serif;\">Niekt\u00f3re pory dnia.<\/span><\/li>\n<\/ul>\n<p><span style=\"font-family: Tahoma, sans-serif;\">Osoby z nadmierna potliwo\u015bci\u0105 mog\u0105 wydziela\u0107 olbrzymi\u0105 obj\u0119to\u015b\u0107 potu. To oznacza, \u017ce ich d\u0142onie, stopy, klatka piersiowa lub pachy (w zale\u017cno\u015bci od tego, kt\u00f3rej cz\u0119\u015bci cia\u0142a dotyczy nadmierna potliwo\u015b\u0107) s\u0105 stale wilgotne. To utrudnia wykonywanie zwyk\u0142ych, codziennych czynno\u015bci i mo\u017ce by\u0107 przyczyn\u0105 k\u0142opotliwych sytuacji w \u017cyciu zawodowym lub towarzyskim. Nale\u017cy jednak podkre\u015bli\u0107, \u017ce nie jest prawd\u0105, \u017ce nadmierna potliwo\u015b\u0107 wi\u0105\u017ce si\u0119 z przykrym zapachem cia\u0142a. Zapach kojarzony przez niekt\u00f3rych z nadmiernym poceniem si\u0119, w rzeczywisto\u015bci jest nast\u0119pstwem dzia\u0142ania bakterii kolonizuj\u0105cych miejsca, w kt\u00f3rych d\u0142ugo utrzymuje si\u0119 pot.<\/span><\/p>\n<p>Obecnie w leczeniu nadpotliwo\u015bci d\u0142oni, st\u00f3p, i pach najskuteczniejsz\u0105 metod\u0105 jest podanie toksyny botulinowej. Efekty pojawiaj\u0105 si\u0119 po kilku dniach i utrzymuj\u0105 od kilku miesi\u0119cy do roku. Zabiegi z zakresu dermatologii estetycznej dermatochirurgii s\u0105 wzbogacone dla podtrzymania efekt\u00f3w zabiegami w gabinecie kosmetycznym pod kontrol\u0105 lekarza.<\/p>\n<p><span style=\"font-family: Tahoma, sans-serif;\"><b>W jaki spos\u00f3b przeprowadza si\u0119 leczenie nadpotliwo\u015bci BOTOX(R)-em?<\/b><\/span><\/p>\n<p><span style=\"font-family: Tahoma, sans-serif;\">BOTOX(R) jest lekiem w zastrzykach podawanym do sk\u00f3ry. Jest zalecany w leczeniu nadmiernej potliwo\u015bci, a przez wiele lat by\u0142 stosowany w terapii kurczu mi\u0119Eni oczu, twarzy i szyi. Ponadto, BOTOX(R) znalaz\u0142 zastosowanie w leczeniu kurczu mi\u0119\u015bni u dzieci z pora\u017ceniem m\u00f3zgowym. BOTOX(R) jest doskonale oczyszczonym preparatem bia\u0142ka &#8211; toksyny botulinowej typu A &#8211; uzyskiwanej z bakterii Clostridium botulinum. Kontrolowany wzrost tych bakterii jest mo\u017cliwy dzi\u0119ki nowoczesnym metodom hodowli. Przy u\u017cyciu bardzo cienkiej ig\u0142y, lekarz wstrzykuje ma\u0142a obj\u0119to\u015b\u0107 (0.1-0.2 ml) roztworu BOTOX(R)-u w 10-15 miejsc oddalonych od siebie o 1 cm, pokrywajac r\u00f3wnomiernie okolic\u0119 obu pach. Niekiedy korzysta si\u0119 z barwnika, kt\u00f3ry umo\u017cliwia zidentyfikowanie tych miejsc, w kt\u00f3rych wydzielanie potu jest najwi\u0119ksze i kt\u00f3re powinny by\u0107 nak\u0142uwane. Sesja leczenia trwa oko\u0142o 30 minut. Po wstrzykni\u0119ciu do sk\u00f3ry niewielkiej dawki, BOTOX(R) blokuje dzia\u0142anie nerw\u00f3w, kt\u00f3re zaopatruj\u0105 gruczo\u0142y wydzielania zewn\u0119trznego. To zapobiega wydzielaniu przez nie potu.<\/span><\/p>\n<p><span style=\"font-family: Tahoma, sans-serif;\">Odpowied\u017a na leczenie wykazuje indywidualne r\u00f3\u017cnice. W jednym z bada\u0144 klinicznych, wytwarzanie potu zmniejszy\u0142o si\u0119 o 87% po tygodniu od leczenia. Ponadto, u 95% pacjent\u00f3w obj\u0119to\u015b\u0107 potu zmala\u0142a co najmniej o po\u0142ow\u0119. Blokada zako\u0144cze\u0144 nerwowych pod wp\u0142ywem BOTOX(R)-u utrzymuje si\u0119 przez 6-12 miesi\u0119cy, po kt\u00f3rych powstaj\u0105 nowe zako\u0144czenia nerwowe zast\u0119puj\u0105c te wcze\u015bniej zablokowane. To oznacza, \u017ce efekt leczenia utrzymuje si\u0119 przez kilka miesi\u0119cy, ale w ko\u0144cu zanika. Kolejna sesja leczenia mo\u017ce by\u0107 przeprowadzona po wyga\u015bni\u0119ciu efektu poprzedniej, co nast\u0119puje \u015brednio po 7-12 miesi\u0105cach.<\/span><\/p>\n","protected":false},"excerpt":{"rendered":"<p>Leczenie nadpotliwo\u015bci Pocenie si\u0119 jest jednym z najwa\u017cniejszych sposob\u00f3w utraty ciep\u0142a przez organizm. Osoby z nadmiern\u0105 potliwo\u015bci\u0105 wydzielaj\u0105 pot w ilo\u015bci znacznie wi\u0119kszej ni\u017c jest to potrzebne do kontrolowania temperatury cia\u0142a. Wyr\u00f3\u017cnia si\u0119 dwa g\u0142\u00f3wne rodzaje nadmiernej potliwo\u015bci: Miejscowa nadmierna potliwo\u015b\u0107 jest cz\u0119stsza odmiana omawianej nieprawid\u0142owo\u015bci i dotyczy st\u00f3p, d\u0142oni i, w oko\u0142o 30-40% przypadk\u00f3w, [&hellip;]<\/p>\n","protected":false},"author":1,"featured_media":0,"parent":0,"menu_order":0,"comment_status":"closed","ping_status":"closed","template":"","meta":{"footnotes":""},"_links":{"self":[{"href":"http:\/\/kwitnaca-wisnia.eu\/index.php?rest_route=\/wp\/v2\/pages\/196"}],"collection":[{"href":"http:\/\/kwitnaca-wisnia.eu\/index.php?rest_route=\/wp\/v2\/pages"}],"about":[{"href":"http:\/\/kwitnaca-wisnia.eu\/index.php?rest_route=\/wp\/v2\/types\/page"}],"author":[{"embeddable":true,"href":"http:\/\/kwitnaca-wisnia.eu\/index.php?rest_route=\/wp\/v2\/users\/1"}],"replies":[{"embeddable":true,"href":"http:\/\/kwitnaca-wisnia.eu\/index.php?rest_route=%2Fwp%2Fv2%2Fcomments&post=196"}],"version-history":[{"count":4,"href":"http:\/\/kwitnaca-wisnia.eu\/index.php?rest_route=\/wp\/v2\/pages\/196\/revisions"}],"predecessor-version":[{"id":647,"href":"http:\/\/kwitnaca-wisnia.eu\/index.php?rest_route=\/wp\/v2\/pages\/196\/revisions\/647"}],"wp:attachment":[{"href":"http:\/\/kwitnaca-wisnia.eu\/index.php?rest_route=%2Fwp%2Fv2%2Fmedia&parent=196"}],"curies":[{"name":"wp","href":"https:\/\/api.w.org\/{rel}","templated":true}]}}