{"id":198,"date":"2015-10-16T11:47:39","date_gmt":"2015-10-16T11:47:39","guid":{"rendered":"http:\/\/kwitnaca-wisnia.eu\/?page_id=198"},"modified":"2015-12-01T14:13:06","modified_gmt":"2015-12-01T14:13:06","slug":"rediesse","status":"publish","type":"page","link":"http:\/\/kwitnaca-wisnia.eu\/?page_id=198","title":{"rendered":"Rediesse"},"content":{"rendered":"<p><strong><span style=\"font-family: Tahoma, sans-serif;\">Radiesse \u2013 nowy zabieg na bazie hydroksyapatytu wapnia<\/span><\/strong><\/p>\n<p><span style=\"font-family: Tahoma, sans-serif;\">Podstawowym elementem budulcowym sk\u00f3ry jest kolagen. To on nadaje sk\u00f3rze obj\u0119to\u015b\u0107, elastyczno\u015b\u0107, j\u0119drno\u015b\u0107 i m\u0142ody wygl\u0105d. Na skutek procesu starzenia zawarte w sk\u00f3rze w\u0142\u00f3kna kolagenowe ulegaj\u0105 stopniowemu \u015bcie\u0144czeniu wskutek czego sk\u00f3ra traci swoje cechy. W konsekwencji staje si\u0119 ona wiotka, zaczyna opada\u0107 i pojawiaj\u0105 si\u0119 na jej powierzchni liczne zmarszczki, fa\u0142dy i bruzdy. Starzej\u0105ca si\u0119 twarz traci sw\u00f3j m\u0142odzie\u0144czy owal i \u015bwie\u017cy wygl\u0105d. Idealnym sposobem odm\u0142odzenia sk\u00f3ry, nie tylko twarzy, jest przywr\u00f3cenie jej elastyczno\u015bci i obj\u0119to\u015bci. Dzi\u0119ki preparatowi <\/span><strong><span style=\"font-family: Tahoma, sans-serif;\">Radiesse<\/span><\/strong><span style=\"font-family: Tahoma, sans-serif;\"> zawieraj\u0105cemu mikro-drobiny hydroksyapatytu wapnia (identycznego z tym, kt\u00f3ry wyst\u0119puje w ludzkich ko\u015bciach) oraz \u017celu poprawa obj\u0119to\u015bci nast\u0119puje bezpo\u015brednio po podaniu daj\u0105c efekt wype\u0142nienia zmarszczek i wyg\u0142adzenia powierzchni sk\u00f3ry.<\/span><\/p>\n<p><span style=\"font-family: Tahoma, sans-serif;\">Jednak szczeg\u00f3lne w preparacie <\/span><strong><span style=\"font-family: Tahoma, sans-serif;\">Radiesse<\/span><\/strong><span style=\"font-family: Tahoma, sans-serif;\"> jest jego dzia\u0142anie pobudzaj\u0105ce produkcj\u0119 w\u0142asnych w\u0142\u00f3kien kolagenowych sk\u00f3ry co daje w efekcie jej pogrubienie i popraw\u0119 spr\u0119\u017cysto\u015bci. Proces ten trwa przez kilka miesi\u0119cy po podaniu, a efekt dzia\u0142ania preparatu utrzymuje si\u0119 przez ponad rok. Dzi\u0119ki powy\u017cszym zabiegom uzyskuje si\u0119 wyra\u017ane odm\u0142odzenie twarzy i r\u0105k.<\/span><\/p>\n<p><a href=\"http:\/\/kwitnaca-wisnia.eu\/wp-content\/uploads\/2015\/10\/16.jpg\" data-rel=\"lightbox-image-0\" data-rl_title=\"\" data-rl_caption=\"\" title=\"\"><img loading=\"lazy\" decoding=\"async\" class=\"aligncenter size-full wp-image-144\" src=\"http:\/\/kwitnaca-wisnia.eu\/wp-content\/uploads\/2015\/10\/16.jpg\" alt=\"16\" width=\"1310\" height=\"445\" srcset=\"http:\/\/kwitnaca-wisnia.eu\/wp-content\/uploads\/2015\/10\/16.jpg 1310w, http:\/\/kwitnaca-wisnia.eu\/wp-content\/uploads\/2015\/10\/16-300x102.jpg 300w, http:\/\/kwitnaca-wisnia.eu\/wp-content\/uploads\/2015\/10\/16-1024x348.jpg 1024w, http:\/\/kwitnaca-wisnia.eu\/wp-content\/uploads\/2015\/10\/16-220x75.jpg 220w, http:\/\/kwitnaca-wisnia.eu\/wp-content\/uploads\/2015\/10\/16-187x64.jpg 187w, http:\/\/kwitnaca-wisnia.eu\/wp-content\/uploads\/2015\/10\/16-453x154.jpg 453w\" sizes=\"(max-width: 1310px) 100vw, 1310px\" \/><\/a><\/p>\n<p><strong><span style=\"font-family: Tahoma, sans-serif;\">Spos\u00f3b podawania:<\/span><\/strong><span style=\"font-family: Tahoma, sans-serif;\"> Preparat <\/span><strong><span style=\"font-family: Tahoma, sans-serif;\">Radiesse<\/span><\/strong><span style=\"font-family: Tahoma, sans-serif;\"> podawany jest w warunkach ambulatoryjnych. Na tydzie\u0144 przed zabiegiem nie powinno si\u0119 za\u017cywa\u0107 Aspiryny ani lek\u00f3w pochodnych rozrzedzaj\u0105cych krew. Nie jest wskazane podawanie preparatu w trakcie trwania miesi\u0105czki. W przypadku wyst\u0105pienia opryszczki nale\u017cy bezwzgl\u0119dnie od\u0142o\u017cy\u0107 podawanie preparatu na 10-14 dni. Przez tydzie\u0144 przed zabiegiem nie wolno za\u017cywa\u0107 antybiotyk\u00f3w i lek\u00f3w sterydowych zwi\u0119kszaj\u0105cych ryzyko pojawienia si\u0119 uczule\u0144. W dniu zabiegu nale\u017cy zmy\u0107 makija\u017c. Najcz\u0119\u015bciej sk\u00f3ra twarzy jest znieczulana przy pomocy ma\u015bci EMLA. Ma\u015b\u0107 nak\u0142ada si\u0119 na twarz na 1-2 godziny przed zabiegiem. U os\u00f3b bardzo wra\u017cliwych mo\u017cna zastosowa\u0107 znieczulenie miejscowe roztworem Lignokainy.<\/span><\/p>\n<p><a href=\"http:\/\/kwitnaca-wisnia.eu\/wp-content\/uploads\/2015\/10\/15.jpg\" data-rel=\"lightbox-image-1\" data-rl_title=\"\" data-rl_caption=\"\" title=\"\"><img loading=\"lazy\" decoding=\"async\" class=\"aligncenter size-full wp-image-143\" src=\"http:\/\/kwitnaca-wisnia.eu\/wp-content\/uploads\/2015\/10\/15.jpg\" alt=\"15\" width=\"660\" height=\"420\" srcset=\"http:\/\/kwitnaca-wisnia.eu\/wp-content\/uploads\/2015\/10\/15.jpg 660w, http:\/\/kwitnaca-wisnia.eu\/wp-content\/uploads\/2015\/10\/15-300x191.jpg 300w, http:\/\/kwitnaca-wisnia.eu\/wp-content\/uploads\/2015\/10\/15-220x140.jpg 220w, http:\/\/kwitnaca-wisnia.eu\/wp-content\/uploads\/2015\/10\/15-187x119.jpg 187w, http:\/\/kwitnaca-wisnia.eu\/wp-content\/uploads\/2015\/10\/15-453x288.jpg 453w\" sizes=\"(max-width: 660px) 100vw, 660px\" \/><\/a><\/p>\n<p><strong><span style=\"font-family: Tahoma, sans-serif;\">Objawy niepo\u017c\u0105dane:<\/span><\/strong><span style=\"font-family: Tahoma, sans-serif;\"><br \/>\nBezpo\u015brednio po podaniu preparatu pacjent mo\u017ce odczuwa\u0107 pieczenie i niewielkie pobolewanie. Przez kilka dni po zabiegu mog\u0105 utrzymywa\u0107 si\u0119 zaczerwienia, zasinienia, stwardnienia i tkliwo\u015b\u0107 w miejscu podania. Objawy te mijaj\u0105 zwykle po kilku dniach. Jak w ka\u017cdym przypadku iniekcji istnieje ryzyko odczynu zapalnego. W przypadku utrzymuj\u0105cego si\u0119 d\u0142u\u017cej zgrubienia i bolesno\u015bci w miejscu podania nale\u017cy niezw\u0142ocznie skontaktowa\u0107 si\u0119 z lekarzem lecz\u0105cym. Kilka istotnych fakt\u00f3w dotycz\u0105cych preparatu <\/span><strong><span style=\"font-family: Tahoma, sans-serif;\">Radiesse<\/span><\/strong><\/p>\n<p><span style=\"font-family: Tahoma, sans-serif;\">jest to jeden z nielicznych preparat\u00f3w, kt\u00f3ry powoduje natychmiastow\u0105 korekcj\u0119 obj\u0119to\u015bciow\u0105 z jednoczesn\u0105 stymulacj\u0105 w\u0142asnego kolagenu daj\u0105c\u0105 d\u0142ugotrwa\u0142y efekt<\/span><\/p>\n<p><span style=\"font-family: Tahoma, sans-serif;\">nie ma potrzeby wykonywania test\u00f3w antyalergicznych, preparat nie zawiera sk\u0142adnik\u00f3w pochodzenia zwierz\u0119cego. <\/span><strong><span style=\"font-family: Tahoma, sans-serif;\">Radiesse<\/span><\/strong><span style=\"font-family: Tahoma, sans-serif;\"> jest w 100% biokompatybilny tj. wch\u0142ania si\u0119 spos\u00f3b naturalny<\/span><\/p>\n<p><span style=\"font-family: Tahoma, sans-serif;\">zazwyczaj wystarczy jeden zabieg, ale po 3-4 miesi\u0105cach zaleca si\u0119 konsultacj\u0119 lekarsk\u0105, podczas kt\u00f3rej lekarz dokona oceny i w razie potrzeby wykona zabieg uzupe\u0142niaj\u0105cy<\/span><\/p>\n<p><strong><span style=\"font-family: Tahoma, sans-serif;\">Radiesse <\/span><\/strong><span style=\"font-family: Tahoma, sans-serif;\">stosuje si\u0119 r\u00f3wnie\u017c do odm\u0142adzania grzbietowej powierzchni r\u0105k, bowiem d\u0142onie podobnie jak twarz zdradzaj\u0105 up\u0142yw czasu. Na ich zewn\u0119trznej stronie coraz wyra\u017aniej odznaczaj\u0105 si\u0119 naczynia i ko\u015bci. Utracon\u0105 obj\u0119to\u015b\u0107 mo\u017cna odzyska\u0107 dzi\u0119ki zabiegowi z u\u017cyciem preparatu Radiesse<\/span><\/p>\n<p><span style=\"font-family: Tahoma, sans-serif;\">dzia\u0142anie preparatu <\/span><strong><span style=\"font-family: Tahoma, sans-serif;\">Radiesse<\/span><\/strong><span style=\"font-family: Tahoma, sans-serif;\"> jest klinicznie udowodnione i udokumentowane<\/span><\/p>\n<p><span style=\"font-family: Tahoma, sans-serif;\">poziom satysfakcji pacjent\u00f3w leczonych preparatem <\/span><strong><span style=\"font-family: Tahoma, sans-serif;\">Radiesse<\/span><\/strong><span style=\"font-family: Tahoma, sans-serif;\"> jest bardzo wysoki<\/span><\/p>\n<p><span style=\"font-family: Tahoma, sans-serif;\">celem zmniejszenia dolegliwo\u015bci b\u00f3lowych zwi\u0105zanych z podawaniem preparatu RADIESSE dozwolone jest jego mieszanie z roztworem Lignokainy<\/span><\/p>\n<p><strong><span style=\"font-family: Tahoma, sans-serif;\">Najcz\u0119\u015bciej korygowane okolice:<\/span><\/strong><\/p>\n<p><a href=\"http:\/\/kwitnaca-wisnia.eu\/wp-content\/uploads\/2015\/10\/14.jpg\" data-rel=\"lightbox-image-2\" data-rl_title=\"\" data-rl_caption=\"\" title=\"\"><img loading=\"lazy\" decoding=\"async\" class=\"aligncenter size-full wp-image-142\" src=\"http:\/\/kwitnaca-wisnia.eu\/wp-content\/uploads\/2015\/10\/14.jpg\" alt=\"14\" width=\"250\" height=\"292\" srcset=\"http:\/\/kwitnaca-wisnia.eu\/wp-content\/uploads\/2015\/10\/14.jpg 250w, http:\/\/kwitnaca-wisnia.eu\/wp-content\/uploads\/2015\/10\/14-220x257.jpg 220w, http:\/\/kwitnaca-wisnia.eu\/wp-content\/uploads\/2015\/10\/14-187x218.jpg 187w\" sizes=\"(max-width: 250px) 100vw, 250px\" \/><\/a><\/p>\n<p><span style=\"font-family: Tahoma, sans-serif;\">fa\u0142dy nosowo-wargowe <\/span><\/p>\n<p><span style=\"font-family: Tahoma, sans-serif;\">Linie Marionetki<\/span><\/p>\n<p><span style=\"font-family: Tahoma, sans-serif;\">k\u0105ciki ust<\/span><\/p>\n<p><span style=\"font-family: Tahoma, sans-serif;\">kontur twarzy<\/span><\/p>\n<p><span style=\"font-family: Tahoma, sans-serif;\">okolica brody<\/span><\/p>\n<p><span style=\"font-family: Tahoma, sans-serif;\">p\u0142atki uszu<\/span><\/p>\n<p><span style=\"font-family: Tahoma, sans-serif;\">grzbietowe powierzchnie d\u0142oni<\/span><\/p>\n","protected":false},"excerpt":{"rendered":"<p>Radiesse \u2013 nowy zabieg na bazie hydroksyapatytu wapnia Podstawowym elementem budulcowym sk\u00f3ry jest kolagen. To on nadaje sk\u00f3rze obj\u0119to\u015b\u0107, elastyczno\u015b\u0107, j\u0119drno\u015b\u0107 i m\u0142ody wygl\u0105d. Na skutek procesu starzenia zawarte w sk\u00f3rze w\u0142\u00f3kna kolagenowe ulegaj\u0105 stopniowemu \u015bcie\u0144czeniu wskutek czego sk\u00f3ra traci swoje cechy. W konsekwencji staje si\u0119 ona wiotka, zaczyna opada\u0107 i pojawiaj\u0105 si\u0119 na jej [&hellip;]<\/p>\n","protected":false},"author":1,"featured_media":143,"parent":0,"menu_order":0,"comment_status":"closed","ping_status":"closed","template":"","meta":{"footnotes":""},"_links":{"self":[{"href":"http:\/\/kwitnaca-wisnia.eu\/index.php?rest_route=\/wp\/v2\/pages\/198"}],"collection":[{"href":"http:\/\/kwitnaca-wisnia.eu\/index.php?rest_route=\/wp\/v2\/pages"}],"about":[{"href":"http:\/\/kwitnaca-wisnia.eu\/index.php?rest_route=\/wp\/v2\/types\/page"}],"author":[{"embeddable":true,"href":"http:\/\/kwitnaca-wisnia.eu\/index.php?rest_route=\/wp\/v2\/users\/1"}],"replies":[{"embeddable":true,"href":"http:\/\/kwitnaca-wisnia.eu\/index.php?rest_route=%2Fwp%2Fv2%2Fcomments&post=198"}],"version-history":[{"count":6,"href":"http:\/\/kwitnaca-wisnia.eu\/index.php?rest_route=\/wp\/v2\/pages\/198\/revisions"}],"predecessor-version":[{"id":649,"href":"http:\/\/kwitnaca-wisnia.eu\/index.php?rest_route=\/wp\/v2\/pages\/198\/revisions\/649"}],"wp:featuredmedia":[{"embeddable":true,"href":"http:\/\/kwitnaca-wisnia.eu\/index.php?rest_route=\/wp\/v2\/media\/143"}],"wp:attachment":[{"href":"http:\/\/kwitnaca-wisnia.eu\/index.php?rest_route=%2Fwp%2Fv2%2Fmedia&parent=198"}],"curies":[{"name":"wp","href":"https:\/\/api.w.org\/{rel}","templated":true}]}}