{"id":200,"date":"2015-10-16T11:47:52","date_gmt":"2015-10-16T11:47:52","guid":{"rendered":"http:\/\/kwitnaca-wisnia.eu\/?page_id=200"},"modified":"2015-12-01T14:23:27","modified_gmt":"2015-12-01T14:23:27","slug":"mezoterapia-iglowa","status":"publish","type":"page","link":"http:\/\/kwitnaca-wisnia.eu\/?page_id=200","title":{"rendered":"Mezoterapia ig\u0142owa"},"content":{"rendered":"<p lang=\"en-US\" align=\"CENTER\"><span style=\"font-family: Tahoma, sans-serif;\"><span style=\"font-size: large;\"><b>MEZOTERAPIA IG\u0141OWA<\/b><\/span><\/span><\/p>\n<h3 align=\"CENTER\"><strong><span style=\"font-family: Tahoma, sans-serif;\"><span lang=\"en-US\">Light Eyes<\/span><\/span><\/strong><\/h3>\n<p><span style=\"font-family: Tahoma, sans-serif;\">Zabieg radzi sobie jednocze\u015bnie z cieniami pod oczami, opuchlizn\u0105 i zmarszczkami. Poprawia elastyczno\u015b\u0107 sk\u00f3ry i kr\u0105\u017cenie limfatyczne, zmniejszaj\u0105c tendencj\u0119 do powstawania obrz\u0119k\u00f3w.<\/span><\/p>\n<p>To pierwszy preparat kt\u00f3ry zawiera ruszczyk , witamin\u0119 C, kwas hialuronowy, jagod\u0119, rozmaryn i heksapeptydy. Mo\u017cna nim poprawi\u0107 jako\u015b\u0107 cienkiej i wiotkiej sk\u00f3ry powieki dolnej, a tak\u017ce g\u00f3rnej.<\/p>\n<p>Dla osi\u0105gni\u0119cia efektu zalecane s\u0105 3 zabiegi w odst\u0119pach co 2-4 tyg. Preparat podawany poprzez iniekcj\u0119.<\/p>\n<p style=\"padding-left: 30px;\">Przeciwwskazania:<\/p>\n<p style=\"padding-left: 30px;\"><span style=\"font-family: Tahoma, sans-serif;\">Ci\u0105\u017ca<\/span><\/p>\n<p style=\"padding-left: 30px;\"><span style=\"font-family: Tahoma, sans-serif;\">Karmienie<\/span><\/p>\n<p style=\"padding-left: 30px;\"><span style=\"font-family: Tahoma, sans-serif;\">Nadwra\u017cliwo\u015b\u0107 na kt\u00f3rykolwiek ze sk\u0142adnik\u00f3w<\/span><\/p>\n<p style=\"padding-left: 30px; text-align: center;\"><a href=\"http:\/\/kwitnaca-wisnia.eu\/wp-content\/uploads\/2015\/10\/18.jpg\" data-rel=\"lightbox-image-0\" data-rl_title=\"\" data-rl_caption=\"\" title=\"\"><img loading=\"lazy\" decoding=\"async\" class=\"aligncenter size-full wp-image-146\" src=\"http:\/\/kwitnaca-wisnia.eu\/wp-content\/uploads\/2015\/10\/18.jpg\" alt=\"18\" width=\"854\" height=\"315\" srcset=\"http:\/\/kwitnaca-wisnia.eu\/wp-content\/uploads\/2015\/10\/18.jpg 854w, http:\/\/kwitnaca-wisnia.eu\/wp-content\/uploads\/2015\/10\/18-300x111.jpg 300w, http:\/\/kwitnaca-wisnia.eu\/wp-content\/uploads\/2015\/10\/18-220x81.jpg 220w, http:\/\/kwitnaca-wisnia.eu\/wp-content\/uploads\/2015\/10\/18-187x69.jpg 187w, http:\/\/kwitnaca-wisnia.eu\/wp-content\/uploads\/2015\/10\/18-453x167.jpg 453w\" sizes=\"(max-width: 854px) 100vw, 854px\" \/><\/a><\/p>\n<h3 align=\"CENTER\"><strong><span style=\"font-family: Tahoma, sans-serif;\">Alidya<\/span><\/strong><\/h3>\n<p><strong><span style=\"font-family: Tahoma, sans-serif;\">Alidya<\/span><\/strong><span style=\"font-family: Tahoma, sans-serif;\"> (Anti Lipo Dystrophic Agent) \u2013 preparat do walki z cellulitem<\/span><\/p>\n<p>Poznaj innowacyjny w skali \u015bwiatowej wynalazek do walki z cellulitem! Niebywa\u0142a skuteczno\u015b\u0107 i bezpiecze\u0144stwo preparatu gwarantowane na etapie leczenia i \u2013 uwaga! \u2013 r\u00f3wnie\u017c profilaktyki.<br \/>\nNie wahaj si\u0119 \u2013 <strong><span style=\"font-family: Tahoma, sans-serif;\">Alidya<\/span><\/strong><span style=\"font-family: Tahoma, sans-serif;\"> to jedyny na \u015bwiecie preparat do walki z cellulitem, kt\u00f3ry trafia w sedno!<\/span><\/p>\n<p>Po\u015bpiech, stres, niezbyt zdrowy styl \u017cycia: ma\u0142o ruchu, na\u0142ogi, dieta bogata w w\u0119glowodany i t\u0142uszcze, a tak\u017ce przesycona estrogenami kobieco\u015b\u0107 &#8211; to wszystko sprawia, \u017ce w organizmie na poziomie cz\u0105steczkowym i kom\u00f3rkowym zachodz\u0105 niekorzystne reakcje, kt\u00f3re mog\u0105 skutkowa\u0107 deformacj\u0105 tkanki sk\u00f3rnej. Zgodnie z najnowsz\u0105 teori\u0105, jedn\u0105 z przyczyn cellulitu jest odk\u0142adanie si\u0119 jon\u00f3w \u017celaza w macierzy ECM \u2013 substancji, kt\u00f3ra wype\u0142nia przestrze\u0144 pomi\u0119dzy kom\u00f3rkami i zespala struktur\u0119 tkankow\u0105. Odk\u0142adaj\u0105ce si\u0119 \u017celazo przyspiesza szkodliwy proces utleniania lipid\u00f3w \u2013 peroksydacj\u0119, kt\u00f3ra zachodzi pod wp\u0142ywem wolnych rodnik\u00f3w. W wyniku reakcji powstaj\u0105 bardzo aktywne nadtlenki, niekorzystnie wp\u0142ywaj\u0105ce na w\u0142a\u015bciwo\u015bci b\u0142on kom\u00f3rkowych, bia\u0142ek i kwas\u00f3w nukleinowych znajduj\u0105cych si\u0119 w kom\u00f3rce. Skutkuje to obumieraniem kom\u00f3rek.<\/p>\n<p><strong><span style=\"font-family: Tahoma, sans-serif;\">Alidya<\/span><\/strong><span style=\"font-family: Tahoma, sans-serif;\"> wychwytuje szkodliwe jony \u017celaza i przywraca sprawno\u015b\u0107 b\u0142on kom\u00f3rkowych, zabezpieczaj\u0105c tym samym \u017cywotno\u015b\u0107 i sprawno\u015b\u0107 tkanek ju\u017c na najbardziej podstawowym poziomie struktury organizmu.<\/span><\/p>\n<p><a href=\"http:\/\/kwitnaca-wisnia.eu\/wp-content\/uploads\/2015\/10\/17.jpg\" data-rel=\"lightbox-image-1\" data-rl_title=\"\" data-rl_caption=\"\" title=\"\"><img loading=\"lazy\" decoding=\"async\" class=\"aligncenter size-full wp-image-145\" src=\"http:\/\/kwitnaca-wisnia.eu\/wp-content\/uploads\/2015\/10\/17.jpg\" alt=\"17\" width=\"940\" height=\"436\" srcset=\"http:\/\/kwitnaca-wisnia.eu\/wp-content\/uploads\/2015\/10\/17.jpg 940w, http:\/\/kwitnaca-wisnia.eu\/wp-content\/uploads\/2015\/10\/17-300x139.jpg 300w, http:\/\/kwitnaca-wisnia.eu\/wp-content\/uploads\/2015\/10\/17-220x102.jpg 220w, http:\/\/kwitnaca-wisnia.eu\/wp-content\/uploads\/2015\/10\/17-187x87.jpg 187w, http:\/\/kwitnaca-wisnia.eu\/wp-content\/uploads\/2015\/10\/17-453x210.jpg 453w\" sizes=\"(max-width: 940px) 100vw, 940px\" \/><\/a><\/p>\n<p><span style=\"font-family: Tahoma, sans-serif;\">Czym jest <\/span><strong><span style=\"font-family: Tahoma, sans-serif;\">Alidya<\/span><\/strong><span style=\"font-family: Tahoma, sans-serif;\">?<\/span><\/p>\n<p><strong><span style=\"font-family: Tahoma, sans-serif;\">Alidya<\/span><\/strong><span style=\"font-family: Tahoma, sans-serif;\"> to certyfikowany, zarejestrowany, pierwszy na \u015bwiecie preparat do wstrzykni\u0119\u0107, wykorzystywany do leczenia i profilaktyki cellulitu. Wynalazc\u0105 <\/span><strong><span style=\"font-family: Tahoma, sans-serif;\">Alidya<\/span><\/strong><span style=\"font-family: Tahoma, sans-serif;\"> jest prof. dr Pasquale Motolese \u2013 tw\u00f3rca znanego ju\u017c preparatu Aqualyx. Iniekcje z wykorzystaniem <\/span><strong><span style=\"font-family: Tahoma, sans-serif;\">Alidya<\/span><\/strong><span style=\"font-family: Tahoma, sans-serif;\"> wykonywane s\u0105 podczas zabiegu mezoterapii. To znakomity \u015brodek do chelatacji (wy\u0142apywania) szkodliwych jon\u00f3w \u017celaza i rozpuszczania toksyn zmagazynowanych w tkankach. Ten bogaty w aminokwasy i cukrowce preparat poprawia tak\u017ce kr\u0105\u017cenie t\u0119tnicze i drena\u017c osmotyczny istoty mi\u0119dzykom\u00f3rkowej oraz korzystnie wp\u0142ywa na odbudow\u0119 bia\u0142ek tworz\u0105cych macierz i likwidacj\u0119 wolnych rodnik\u00f3w. Dzi\u0119ki odkwaszeniu \u015brodowiska istoty mi\u0119dzykom\u00f3rkowej utrudnia odk\u0142adanie si\u0119 jon\u00f3w \u017celaza.<\/span><\/p>\n<p><span style=\"font-family: Tahoma, sans-serif;\"><br \/>\nJakich efekt\u00f3w mo\u017cna si\u0119 spodziewa\u0107 po zabiegu z wykorzystaniem <\/span><strong><span style=\"font-family: Tahoma, sans-serif;\">Alidya<\/span><\/strong><span style=\"font-family: Tahoma, sans-serif;\">?<\/span><\/p>\n<p>U\u017cycie <strong><span style=\"font-family: Tahoma, sans-serif;\">Alidya<\/span><\/strong><span style=\"font-family: Tahoma, sans-serif;\"> poprzez wy\u0142apanie jon\u00f3w \u017celaza z macierzy przywraca prawid\u0142owe w\u0142a\u015bciwo\u015bci b\u0142on kom\u00f3rkowych i tym samym zabezpiecza \u017cywotno\u015b\u0107 kom\u00f3rek i sprawno\u015b\u0107 tkanki. W efekcie terapia przywr\u00f3ci sk\u00f3rze j\u0119drno\u015b\u0107, g\u0142adko\u015b\u0107 i w\u0142a\u015bciwy wygl\u0105d. U os\u00f3b, u kt\u00f3rych dotychczas nie stwierdzono objaw\u00f3w cellulitu, wydatnie poprawia si\u0119 ochrona tkanek i kom\u00f3rek przed szkodliwym nagromadzeniem si\u0119 jon\u00f3w \u017celaza i zmniejszaj\u0105 si\u0119 skutki ju\u017c powsta\u0142ych uszkodze\u0144 w materiale biologicznym na poziomie cz\u0105steczkowym.<\/span><\/p>\n<p><span style=\"font-family: Tahoma, sans-serif;\"><br \/>\nDla kogo przeznaczony jest zabieg z u\u017cyciem preparatu <\/span><strong><span style=\"font-family: Tahoma, sans-serif;\">Alidya<\/span><\/strong><span style=\"font-family: Tahoma, sans-serif;\">?<\/span><\/p>\n<p>Preparat <strong><span style=\"font-family: Tahoma, sans-serif;\">Alidya<\/span><\/strong><span style=\"font-family: Tahoma, sans-serif;\"> jest dla Ciebie, je\u015bli:<\/span><\/p>\n<p><span style=\"font-family: Tahoma, sans-serif;\">chcesz skutecznie walczy\u0107 z istniej\u0105cym cellulitem,<\/span><\/p>\n<p><span style=\"font-family: Tahoma, sans-serif;\">pragniesz zapobiec powstaniu nieatrakcyjnych deformacji tkanki sk\u00f3rnej,<\/span><\/p>\n<p><span style=\"font-family: Tahoma, sans-serif;\">dbasz o zachowanie dobrej kondycji sk\u00f3ry na poziomie kom\u00f3rkowym i tkankowym,<\/span><\/p>\n<p><span style=\"font-family: Tahoma, sans-serif;\">chcesz zmniejszy\u0107 skutki stresu, kt\u00f3remu poddawane jest cia\u0142o na skutek stosowania z\u0142ej diety, prowadzenia niezdrowego stylu \u017cycia lub przebywania w \u015brodowisku o wysokim st\u0119\u017ceniu toksyn.<\/span><\/p>\n<p><span style=\"font-family: Tahoma, sans-serif;\">Jakie s\u0105 wskazania do zabiegu z zastosowaniem <\/span><strong><span style=\"font-family: Tahoma, sans-serif;\">Alidya<\/span><\/strong><span style=\"font-family: Tahoma, sans-serif;\">?<\/span><\/p>\n<p>Terapia preparatem <strong><span style=\"font-family: Tahoma, sans-serif;\">Alidya<\/span><\/strong><span style=\"font-family: Tahoma, sans-serif;\"> zalecana jest w leczeniu istniej\u0105cego cellulitu oraz, co bardzo wa\u017cne, w zapobieganiu jego powstaniu. Wskazana jest te\u017c po liposukcji, w przypadku wyst\u0105pienia obrz\u0119ku lipidowego i po intralipoterapii przeprowadzonej z wykorzystaniem Aqualyxu.<\/span><\/p>\n<p>Co wyr\u00f3\u017cnia preparat <strong><span style=\"font-family: Tahoma, sans-serif;\">Alidya<\/span><\/strong><span style=\"font-family: Tahoma, sans-serif;\"> od innych dost\u0119pnych na rynku?<\/span><\/p>\n<p><strong><span style=\"font-family: Tahoma, sans-serif;\">Alidya<\/span><\/strong><span style=\"font-family: Tahoma, sans-serif;\"> to synonim skuteczno\u015bci i najwy\u017cszych standard\u00f3w bezpiecze\u0144stwa \u2013 zar\u00f3wno w aspekcie leczniczym, jak i profilaktycznym. Kiedy inne preparaty dzia\u0142aj\u0105 jedynie leczniczo, <\/span><strong><span style=\"font-family: Tahoma, sans-serif;\">Alidya<\/span><\/strong><span style=\"font-family: Tahoma, sans-serif;\"> zapewnia ochron\u0119 przed cellulitem, nie dopuszczaj\u0105c do nadmiernego odk\u0142adania si\u0119 jon\u00f3w \u017celaza w macierzy mi\u0119dzykom\u00f3rkowej. Tajemnica skuteczno\u015bci <\/span><strong><span style=\"font-family: Tahoma, sans-serif;\">Alidya<\/span><\/strong><span style=\"font-family: Tahoma, sans-serif;\"> tkwi w wielokierunkowym i wielopoziomowym dzia\u0142aniu preparatu, czego brak innym produktom. <\/span><strong><span style=\"font-family: Tahoma, sans-serif;\">Alidya<\/span><\/strong><span style=\"font-family: Tahoma, sans-serif;\"> daje efekty ju\u017c na najbardziej podstawowym poziomie struktury organizmu.<\/span><\/p>\n<p><span style=\"font-family: Tahoma, sans-serif;\">Zabieg wykonujemy jeden raz na tydzie\u0144,<\/span><\/p>\n<p><span style=\"font-family: Tahoma, sans-serif;\">cykl zabiegowy obejmuje od 7 do 12 zabieg\u00f3w,<\/span><\/p>\n<p><span style=\"font-family: Tahoma, sans-serif;\">po pe\u0142nym cyklu zabiegowym mo\u017cliwe jest wykonanie jednego lub kilku powt\u00f3rze\u0144 w odst\u0119pie 15-30 dni,<\/span><\/p>\n<p><span style=\"font-family: Tahoma, sans-serif;\">zalecane jest powtarzanie leczenia raz do roku, w celu utrzymania stabilnego rezultatu.<\/span><\/p>\n","protected":false},"excerpt":{"rendered":"<p>MEZOTERAPIA IG\u0141OWA Light Eyes Zabieg radzi sobie jednocze\u015bnie z cieniami pod oczami, opuchlizn\u0105 i zmarszczkami. Poprawia elastyczno\u015b\u0107 sk\u00f3ry i kr\u0105\u017cenie limfatyczne, zmniejszaj\u0105c tendencj\u0119 do powstawania obrz\u0119k\u00f3w. To pierwszy preparat kt\u00f3ry zawiera ruszczyk , witamin\u0119 C, kwas hialuronowy, jagod\u0119, rozmaryn i heksapeptydy. Mo\u017cna nim poprawi\u0107 jako\u015b\u0107 cienkiej i wiotkiej sk\u00f3ry powieki dolnej, a tak\u017ce g\u00f3rnej. Dla [&hellip;]<\/p>\n","protected":false},"author":1,"featured_media":0,"parent":0,"menu_order":0,"comment_status":"closed","ping_status":"closed","template":"","meta":{"footnotes":""},"_links":{"self":[{"href":"http:\/\/kwitnaca-wisnia.eu\/index.php?rest_route=\/wp\/v2\/pages\/200"}],"collection":[{"href":"http:\/\/kwitnaca-wisnia.eu\/index.php?rest_route=\/wp\/v2\/pages"}],"about":[{"href":"http:\/\/kwitnaca-wisnia.eu\/index.php?rest_route=\/wp\/v2\/types\/page"}],"author":[{"embeddable":true,"href":"http:\/\/kwitnaca-wisnia.eu\/index.php?rest_route=\/wp\/v2\/users\/1"}],"replies":[{"embeddable":true,"href":"http:\/\/kwitnaca-wisnia.eu\/index.php?rest_route=%2Fwp%2Fv2%2Fcomments&post=200"}],"version-history":[{"count":8,"href":"http:\/\/kwitnaca-wisnia.eu\/index.php?rest_route=\/wp\/v2\/pages\/200\/revisions"}],"predecessor-version":[{"id":651,"href":"http:\/\/kwitnaca-wisnia.eu\/index.php?rest_route=\/wp\/v2\/pages\/200\/revisions\/651"}],"wp:attachment":[{"href":"http:\/\/kwitnaca-wisnia.eu\/index.php?rest_route=%2Fwp%2Fv2%2Fmedia&parent=200"}],"curies":[{"name":"wp","href":"https:\/\/api.w.org\/{rel}","templated":true}]}}