{"id":206,"date":"2015-10-16T11:48:31","date_gmt":"2015-10-16T11:48:31","guid":{"rendered":"http:\/\/kwitnaca-wisnia.eu\/?page_id=206"},"modified":"2020-12-08T16:02:06","modified_gmt":"2020-12-08T16:02:06","slug":"epilacja-laserowa","status":"publish","type":"page","link":"http:\/\/kwitnaca-wisnia.eu\/?page_id=206","title":{"rendered":"Epilacja laserowa"},"content":{"rendered":"<p><!--more--><\/p>\n<p><strong>Laser do epilacji Mediostar Next Pro \u2013 najbardziej zaawansowane i jedyne urz\u0105dzenie do zabieg\u00f3w bezbolesnej epilacji. <\/strong><\/p>\n<p><strong>MEDIOSTAR NEXT PRO \u2013<\/strong> diodowy laser niemieckiej firmy Asclepion. Jest najbardziej zaawansowanym i jedynym na rynku urz\u0105dzeniem do zabieg\u00f3w bezbolesnej epilacji niezale\u017cnie od pory roku, karnacji czy koloru w\u0142osa. Efektywno\u015b\u0107 lasera potwierdzona zosta\u0142a badaniami klinicznymi.<br \/>\nLaser wyposa\u017cony jest w g\u0142owic\u0119 STD &#8211; unikalne po\u0142\u0105czenie dw\u00f3ch d\u0142ugo\u015bci fali 810 i 940 nm, kt\u00f3re poch\u0142aniaj\u0105 zar\u00f3wno melanin\u0119 (barwnik w\u0142osa) jak i hemoglobin\u0119 (barwnik krwi). Wysoka energia dociera do mieszk\u00f3w w\u0142osowych na g\u0142\u0119bszych poziomach. Nawet przy u\u017cyciu energii o wi\u0119kszej g\u0119sto\u015bci, urz\u0105dzenie dzia\u0142a delikatnie, co gwarantuje niskie ryzyko poparze\u0144 czy innych termicznych uszkodze\u0144. Daje to mo\u017cliwo\u015b\u0107 usuwania w\u0142os\u00f3w u pacjent\u00f3w o ciemnej sk\u00f3rze i cienkim blond w\u0142osie.<br \/>\nDodatkowo, laser jest wyposa\u017cony w opatentowany system ch\u0142odzenia typu Peltier, kt\u00f3ry sprawia, \u017ce inwazyjny zabieg jest bardziej komfortowy i praktycznie bezbolesny.<\/p>\n<p><a href=\"http:\/\/kwitnaca-wisnia.eu\/wp-content\/uploads\/2020\/12\/ascl_nextpro_weiss_mit-und-ohne-trolley_feb2015-scaled.jpg\" data-rel=\"lightbox-image-0\" data-rl_title=\"\" data-rl_caption=\"\" title=\"\"><img loading=\"lazy\" decoding=\"async\" class=\"alignnone size-medium wp-image-1323\" src=\"http:\/\/kwitnaca-wisnia.eu\/wp-content\/uploads\/2020\/12\/ascl_nextpro_weiss_mit-und-ohne-trolley_feb2015-250x300.jpg\" alt=\"\" width=\"250\" height=\"300\" srcset=\"http:\/\/kwitnaca-wisnia.eu\/wp-content\/uploads\/2020\/12\/ascl_nextpro_weiss_mit-und-ohne-trolley_feb2015-250x300.jpg 250w, http:\/\/kwitnaca-wisnia.eu\/wp-content\/uploads\/2020\/12\/ascl_nextpro_weiss_mit-und-ohne-trolley_feb2015-852x1024.jpg 852w, http:\/\/kwitnaca-wisnia.eu\/wp-content\/uploads\/2020\/12\/ascl_nextpro_weiss_mit-und-ohne-trolley_feb2015-768x923.jpg 768w, http:\/\/kwitnaca-wisnia.eu\/wp-content\/uploads\/2020\/12\/ascl_nextpro_weiss_mit-und-ohne-trolley_feb2015-1279x1536.jpg 1279w, http:\/\/kwitnaca-wisnia.eu\/wp-content\/uploads\/2020\/12\/ascl_nextpro_weiss_mit-und-ohne-trolley_feb2015-1705x2048.jpg 1705w\" sizes=\"(max-width: 250px) 100vw, 250px\" \/><\/a><\/p>\n<p>Z laserem do epilacji Mediostar Next Pro epilacja w\u0142os\u00f3w bez b\u00f3lu nigdy nie by\u0142a tak szybka, \u0142atwa i dok\u0142adna \u2014 niezale\u017cnie od koloru w\u0142os\u00f3w, pory roku czy karnacji. Dzi\u015b, zar\u00f3wno kobiety, jak i m\u0119\u017cczy\u017ani, pragn\u0105 najlepszej jako\u015bci lasera do usuwania w\u0142os\u00f3w, kt\u00f3ry jest bezpieczny i skuteczny. Odpowiedzi\u0105 na te potrzeby jest Mediostar Next Pro \u2014 innowacyjny laser do\u00a0 zabieg\u00f3w bezbolesnej epilacji i depilacji ca\u0142ego cia\u0142a, tak\u017ce wra\u017cliwych okolic intymnych. Tworzy on zupe\u0142nie nowe standardy epilacji na rynku \u015bwiatowym \u2013 posiada nowatorskie rozwi\u0105zania, niedost\u0119pne w \u017cadnym innym laserze diodowym, takie jak: bezbolesna epilacja przez ca\u0142y rok, na wszystkich fototypach sk\u00f3ry.<\/p>\n<h3 class=\"heading-style-3 visible-first\"><span class=\"item_title_part_0 item_title_part_odd item_title_part_first_half item_title_part_first\">Epilacja<\/span> <span class=\"item_title_part_1 item_title_part_even item_title_part_first_half\">laserowa<\/span> <span class=\"item_title_part_2 item_title_part_odd item_title_part_first_half\">i<\/span> <span class=\"item_title_part_3 item_title_part_even item_title_part_second_half\">jej<\/span> <span class=\"item_title_part_4 item_title_part_odd item_title_part_second_half\">g\u0142\u00f3wne<\/span> <span class=\"item_title_part_5 item_title_part_even item_title_part_second_half item_title_part_last\">zalety<\/span><\/h3>\n<p>Epilacja z zastosowaniem lasera to przede wszystkim szereg korzy\u015bci dla naszych klient\u00f3w:<\/p>\n<ul>\n<li>zabieg jest ca\u0142kowicie bezpieczny i bezbolesny dla pacjenta,<\/li>\n<li>laser posiada tryb pracy Smooth Plus \u2013 kt\u00f3ry usuwa ow\u0142osienie szybko i bezbole\u015bnie,<\/li>\n<li>urz\u0105dzenie ma kilka dost\u0119pnych tryb\u00f3w pracy w zale\u017cno\u015bci od zapotrzebowania,<\/li>\n<li>laser wyposa\u017cony jest w du\u017ce okienko zabiegowe, dzi\u0119ki kt\u00f3remu usuwanie w\u0142os\u00f3w jest bardzo szybkie \u2013 14&#215;10 milimetr\u00f3w kwadratowych,<\/li>\n<li>po\u0142\u0105czenie dw\u00f3ch d\u0142ugo\u015bci fal \u2013 810nm oraz 940nm \u2013 wp\u0142ywa na precyzyjne usuwanie jasnych oraz ciemnych w\u0142os\u00f3w,<\/li>\n<li>zabiegi mog\u0105 by\u0107 wykonywane r\u00f3wnie\u017c latem,<\/li>\n<li>laser charakteryzuje wysoka efektywno\u015b\u0107 \u2013 rezultaty widoczne ju\u017c po pierwszym zabiegu.<\/li>\n<\/ul>\n<p>Epilacja laserowa jest zabiegiem bezpiecznym, jednak nale\u017cy pami\u0119ta\u0107, \u017ce istniej\u0105 r\u00f3wnie\u017c przeciwwskazania do jego wykonania. Do g\u0142\u00f3wnych nale\u017c\u0105:<\/p>\n<ul>\n<li>okres ci\u0105\u017cy oraz karmienia piersi\u0105,<\/li>\n<li>znamiona barwnikowe na ciele,<\/li>\n<li>tatua\u017c,<\/li>\n<li>infekcje bakteryjne oraz wirusowe,<\/li>\n<li>przyjmowanie doustnie retinoid\u00f3w (od zako\u0144czenia leczenie musi up\u0142yn\u0105\u0107 minimum 6 miesi\u0119cy),<\/li>\n<li>epilepsja,<\/li>\n<li>cukrzyca,<\/li>\n<li>gor\u0105czkowanie,<\/li>\n<li>niedoczynno\u015b\u0107 tarczycy,<\/li>\n<li>implanty, botoks,<\/li>\n<li>metalowe implanty, rozrusznik serca,<\/li>\n<li>infekcje w miejscach zabiegu,<\/li>\n<li>choroby psychiczne,<\/li>\n<li>choroby dermatologiczne,<\/li>\n<li>choroby nowotworowe,<\/li>\n<li>choroby uk\u0142adu nerwowego.<\/li>\n<\/ul>\n<p><a href=\"http:\/\/kwitnaca-wisnia.eu\/wp-content\/uploads\/2020\/12\/brodaukobiety.png\" data-rel=\"lightbox-image-1\" data-rl_title=\"\" data-rl_caption=\"\" title=\"\"><img loading=\"lazy\" decoding=\"async\" class=\"alignnone size-medium wp-image-1325\" src=\"http:\/\/kwitnaca-wisnia.eu\/wp-content\/uploads\/2020\/12\/brodaukobiety-300x145.png\" alt=\"\" width=\"300\" height=\"145\" srcset=\"http:\/\/kwitnaca-wisnia.eu\/wp-content\/uploads\/2020\/12\/brodaukobiety-300x145.png 300w, http:\/\/kwitnaca-wisnia.eu\/wp-content\/uploads\/2020\/12\/brodaukobiety-1024x496.png 1024w, http:\/\/kwitnaca-wisnia.eu\/wp-content\/uploads\/2020\/12\/brodaukobiety-768x372.png 768w, http:\/\/kwitnaca-wisnia.eu\/wp-content\/uploads\/2020\/12\/brodaukobiety.png 1256w\" sizes=\"(max-width: 300px) 100vw, 300px\" \/><\/a><\/p>\n<p><a href=\"http:\/\/kwitnaca-wisnia.eu\/wp-content\/uploads\/2020\/12\/pachy.png\" data-rel=\"lightbox-image-2\" data-rl_title=\"\" data-rl_caption=\"\" title=\"\"><img loading=\"lazy\" decoding=\"async\" class=\"alignnone size-medium wp-image-1326\" src=\"http:\/\/kwitnaca-wisnia.eu\/wp-content\/uploads\/2020\/12\/pachy-300x170.png\" alt=\"\" width=\"300\" height=\"170\" srcset=\"http:\/\/kwitnaca-wisnia.eu\/wp-content\/uploads\/2020\/12\/pachy-300x170.png 300w, http:\/\/kwitnaca-wisnia.eu\/wp-content\/uploads\/2020\/12\/pachy-1024x580.png 1024w, http:\/\/kwitnaca-wisnia.eu\/wp-content\/uploads\/2020\/12\/pachy-768x435.png 768w, http:\/\/kwitnaca-wisnia.eu\/wp-content\/uploads\/2020\/12\/pachy.png 1145w\" sizes=\"(max-width: 300px) 100vw, 300px\" \/><\/a><a href=\"http:\/\/kwitnaca-wisnia.eu\/wp-content\/uploads\/2020\/12\/Mediostar_wlosy.jpg\" data-rel=\"lightbox-image-3\" data-rl_title=\"\" data-rl_caption=\"\" title=\"\"><img loading=\"lazy\" decoding=\"async\" class=\"alignnone size-medium wp-image-1327\" src=\"http:\/\/kwitnaca-wisnia.eu\/wp-content\/uploads\/2020\/12\/Mediostar_wlosy-300x121.jpg\" alt=\"\" width=\"300\" height=\"121\" srcset=\"http:\/\/kwitnaca-wisnia.eu\/wp-content\/uploads\/2020\/12\/Mediostar_wlosy-300x121.jpg 300w, http:\/\/kwitnaca-wisnia.eu\/wp-content\/uploads\/2020\/12\/Mediostar_wlosy.jpg 600w\" sizes=\"(max-width: 300px) 100vw, 300px\" \/><\/a><\/p>\n","protected":false},"excerpt":{"rendered":"","protected":false},"author":1,"featured_media":446,"parent":0,"menu_order":0,"comment_status":"closed","ping_status":"closed","template":"","meta":{"footnotes":""},"_links":{"self":[{"href":"http:\/\/kwitnaca-wisnia.eu\/index.php?rest_route=\/wp\/v2\/pages\/206"}],"collection":[{"href":"http:\/\/kwitnaca-wisnia.eu\/index.php?rest_route=\/wp\/v2\/pages"}],"about":[{"href":"http:\/\/kwitnaca-wisnia.eu\/index.php?rest_route=\/wp\/v2\/types\/page"}],"author":[{"embeddable":true,"href":"http:\/\/kwitnaca-wisnia.eu\/index.php?rest_route=\/wp\/v2\/users\/1"}],"replies":[{"embeddable":true,"href":"http:\/\/kwitnaca-wisnia.eu\/index.php?rest_route=%2Fwp%2Fv2%2Fcomments&post=206"}],"version-history":[{"count":11,"href":"http:\/\/kwitnaca-wisnia.eu\/index.php?rest_route=\/wp\/v2\/pages\/206\/revisions"}],"predecessor-version":[{"id":1333,"href":"http:\/\/kwitnaca-wisnia.eu\/index.php?rest_route=\/wp\/v2\/pages\/206\/revisions\/1333"}],"wp:featuredmedia":[{"embeddable":true,"href":"http:\/\/kwitnaca-wisnia.eu\/index.php?rest_route=\/wp\/v2\/media\/446"}],"wp:attachment":[{"href":"http:\/\/kwitnaca-wisnia.eu\/index.php?rest_route=%2Fwp%2Fv2%2Fmedia&parent=206"}],"curies":[{"name":"wp","href":"https:\/\/api.w.org\/{rel}","templated":true}]}}