{"id":208,"date":"2015-10-16T11:48:44","date_gmt":"2015-10-16T11:48:44","guid":{"rendered":"http:\/\/kwitnaca-wisnia.eu\/?page_id=208"},"modified":"2026-02-25T16:42:46","modified_gmt":"2026-02-25T16:42:46","slug":"laseroterapia","status":"publish","type":"page","link":"http:\/\/kwitnaca-wisnia.eu\/?page_id=208","title":{"rendered":"Laseroterapia"},"content":{"rendered":"<p><span style=\"font-family: Tahoma, sans-serif;\">MEDYCZNY LASER LIKWIDUJ\u0104CY NIEDOSKONA\u0141O\u015aCI SK\u00d3RY<\/span><\/p>\n<p><span style=\"font-family: Tahoma, sans-serif;\"><i>Ekskluzywne zabiegi medycznym laserem diodowym IRIS<\/i><\/span><\/p>\n<p>Najbardziej zaawansowany i wszechstronny laser w walce z niedoskona\u0142o\u015bciami sk\u00f3ry.<\/p>\n<p><span style=\"font-family: Tahoma, sans-serif;\">* zamykanie naczy\u0144 krwiono\u015bnych<br \/>\n* likwidacja naczyniak\u00f3w, rumienia<br \/>\n* likwidacja w\u0142\u00f3kniak\u00f3w, brodawek p\u0142askich i \u0142ojotokowych<br \/>\n* likwidacja plam pos\u0142onecznych<\/span><\/p>\n<p><a href=\"http:\/\/kwitnaca-wisnia.eu\/wp-content\/uploads\/2015\/10\/12.jpg\" data-rel=\"lightbox-image-0\" data-rl_title=\"\" data-rl_caption=\"\" title=\"\"><img loading=\"lazy\" decoding=\"async\" class=\"aligncenter size-full wp-image-140\" src=\"http:\/\/kwitnaca-wisnia.eu\/wp-content\/uploads\/2015\/10\/12.jpg\" alt=\"12\" width=\"800\" height=\"344\" srcset=\"http:\/\/kwitnaca-wisnia.eu\/wp-content\/uploads\/2015\/10\/12.jpg 800w, http:\/\/kwitnaca-wisnia.eu\/wp-content\/uploads\/2015\/10\/12-300x129.jpg 300w, http:\/\/kwitnaca-wisnia.eu\/wp-content\/uploads\/2015\/10\/12-220x95.jpg 220w, http:\/\/kwitnaca-wisnia.eu\/wp-content\/uploads\/2015\/10\/12-187x80.jpg 187w, http:\/\/kwitnaca-wisnia.eu\/wp-content\/uploads\/2015\/10\/12-453x195.jpg 453w\" sizes=\"(max-width: 800px) 100vw, 800px\" \/><\/a><\/p>\n<p><span style=\"font-family: Tahoma, sans-serif;\"><i>Laser Iris stanowi kompleksowe rozwi\u0105zanie w dziedzinie laserowego leczenia zmian sk\u00f3rnych. Znajduje zastosowanie w terapii wielu schorze\u0144, m. in. przy leczeniu zmian naczyniopochodnych, zmian naczy\u0144 ko\u0144czyn dolnych, \u0142agodnych zmianach barwnikowych, zmianach sk\u00f3rnych. <\/i><\/span><\/p>\n<p><span style=\"font-family: Tahoma, sans-serif;\"><br \/>\n<\/span><strong><span style=\"font-family: Tahoma, sans-serif;\">Zastosowania kliniczne<\/span><\/strong><span style=\"font-family: Tahoma, sans-serif;\"><br \/>\nLaser o podw\u00f3jnej d\u0142ugo\u015bci fali wytwarza wi\u0105zk\u0119 zielon\u0105 o d\u0142ugo\u015bci fali 532 nm oraz wi\u0105zk\u0119 podczerwon\u0105 940 nm, co pozwala zoptymalizowa\u0107 parametry zabiegowe w zale\u017cno\u015bci od wskaza\u0144 klinicznych:<\/span><\/p>\n<p>Wi\u0105zka 532 nm znajduje zastosowanie przy leczeniu zmian naczyniopochodnych, zmian barwnikowych, zmian sk\u00f3rnych, tr\u0105dziku.<br \/>\nWi\u0105zka 940 nm znajduje zastosowanie przy leczeniu g\u0142\u0119biej po\u0142o\u017conych oraz wi\u0119kszych naczy\u0144 krwiono\u015bnych (0,3-1,5 mm \u015brednicy), w tym zmian naczyniowych ko\u0144czyn dolnych.<\/p>\n<p><span style=\"font-family: Tahoma, sans-serif;\"><br \/>\nZmiany naczyniowe, niez\u0142o\u015bliwe zmiany barwnikowe, zmiany sk\u00f3rne oraz nadmierne ow\u0142osienie mog\u0105 by\u0107 leczone laserowo przy u\u017cyciu \u015bwiat\u0142a widzialnego oraz o d\u0142ugo\u015bci fali zbli\u017conej do podczerwieni. \u015awiat\u0142o lasera jest poch\u0142aniane przez oksyhemoglobin\u0119 i melanin\u0119. Dzi\u0119ki temu, w odr\u00f3\u017cnieniu od urz\u0105dze\u0144 wykorzystuj\u0105cych \u015bwiat\u0142o widzialne, zastosowanie lasera pozwala na selektywne nagrzewanie nawet drobnych fragment\u00f3w zmian.<\/span><\/p>\n<p><strong><span style=\"font-family: Tahoma, sans-serif;\">Leczenie naczyniowych zmian patologicznych takich jak:<\/span><\/strong><span style=\"font-family: Tahoma, sans-serif;\"><br \/>\n\u2022&nbsp;&nbsp;&nbsp; rozszerzone naczynia krwiono\u015bne<br \/>\n\u2022&nbsp;&nbsp; &nbsp;leczenie \u017cy\u0142 ko\u0144czyn dolnych<br \/>\n\u2022&nbsp;&nbsp;&nbsp; pop\u0119kane naczynka w\u0142osowate tzw. Paj\u0105czki<br \/>\n\u2022&nbsp;&nbsp;&nbsp; tr\u0105dzik r\u00f3\u017cowaty<br \/>\n\u2022&nbsp;&nbsp; &nbsp;naczyniaki starcze<br \/>\n\u2022&nbsp;&nbsp; &nbsp;drobne p\u0119cherzyki z krwi\u0105 na uszach os\u00f3b starszych<\/span><\/p>\n<p><strong><span style=\"font-family: Tahoma, sans-serif;\">Leczenie zmian sk\u00f3rnych, w tym:<\/span><\/strong><span style=\"font-family: Tahoma, sans-serif;\"><br \/>\n\u2022&nbsp;&nbsp; &nbsp;brodawki<br \/>\n\u2022&nbsp;&nbsp; &nbsp;brodawki mi\u0119kkie lub starcze<br \/>\n\u2022&nbsp;&nbsp; &nbsp;zrogowacenia nask\u00f3rka<\/span><\/p>\n<p>Do zabiegu nie ma potrzeby specjalnie si\u0119 przygotowywa\u0107,&nbsp; wa\u017cne jest aby sk\u00f3ra poddana zabiegowi nie by\u0142a opalona. Przed zabiegiem przeprowadzona jest konsultacja, kt\u00f3ra pomo\u017ce prawid\u0142owo okre\u015bli\u0107 stan sk\u00f3ry oraz ilo\u015b\u0107 zabieg\u00f3w. Cz\u0119stotliwo\u015b\u0107 zabieg\u00f3w 1 x w miesi\u0105cu.<\/p>\n<p><a href=\"http:\/\/kwitnaca-wisnia.eu\/wp-content\/uploads\/2015\/10\/11.jpg\" data-rel=\"lightbox-image-1\" data-rl_title=\"\" data-rl_caption=\"\" title=\"\"><img loading=\"lazy\" decoding=\"async\" class=\"aligncenter size-full wp-image-139\" src=\"http:\/\/kwitnaca-wisnia.eu\/wp-content\/uploads\/2015\/10\/11.jpg\" alt=\"11\" width=\"415\" height=\"201\" srcset=\"http:\/\/kwitnaca-wisnia.eu\/wp-content\/uploads\/2015\/10\/11.jpg 415w, http:\/\/kwitnaca-wisnia.eu\/wp-content\/uploads\/2015\/10\/11-300x145.jpg 300w, http:\/\/kwitnaca-wisnia.eu\/wp-content\/uploads\/2015\/10\/11-220x107.jpg 220w, http:\/\/kwitnaca-wisnia.eu\/wp-content\/uploads\/2015\/10\/11-187x91.jpg 187w\" sizes=\"(max-width: 415px) 100vw, 415px\" \/><\/a><\/p>\n<p><a href=\"http:\/\/kwitnaca-wisnia.eu\/wp-content\/uploads\/2015\/10\/Przed.jpg\" data-rel=\"lightbox-image-2\" data-rl_title=\"\" data-rl_caption=\"\" title=\"\"><img loading=\"lazy\" decoding=\"async\" class=\"alignnone size-medium wp-image-673 aligncenter\" src=\"http:\/\/kwitnaca-wisnia.eu\/wp-content\/uploads\/2015\/10\/Przed-300x202.jpg\" alt=\"Przed\" width=\"300\" height=\"202\" srcset=\"http:\/\/kwitnaca-wisnia.eu\/wp-content\/uploads\/2015\/10\/Przed-300x202.jpg 300w, http:\/\/kwitnaca-wisnia.eu\/wp-content\/uploads\/2015\/10\/Przed-1024x688.jpg 1024w, http:\/\/kwitnaca-wisnia.eu\/wp-content\/uploads\/2015\/10\/Przed-140x94.jpg 140w\" sizes=\"(max-width: 300px) 100vw, 300px\" \/><\/a> <a href=\"http:\/\/kwitnaca-wisnia.eu\/wp-content\/uploads\/2015\/10\/20151117_170418.jpg\" data-rel=\"lightbox-image-3\" data-rl_title=\"\" data-rl_caption=\"\" title=\"\"><img loading=\"lazy\" decoding=\"async\" class=\"alignnone  wp-image-674 aligncenter\" src=\"http:\/\/kwitnaca-wisnia.eu\/wp-content\/uploads\/2015\/10\/20151117_170418-300x190.jpg\" alt=\"20151117_170418\" width=\"299\" height=\"189\" srcset=\"http:\/\/kwitnaca-wisnia.eu\/wp-content\/uploads\/2015\/10\/20151117_170418-300x190.jpg 300w, http:\/\/kwitnaca-wisnia.eu\/wp-content\/uploads\/2015\/10\/20151117_170418-1024x648.jpg 1024w\" sizes=\"(max-width: 299px) 100vw, 299px\" \/><\/a><\/p>\n","protected":false},"excerpt":{"rendered":"<p>MEDYCZNY LASER LIKWIDUJ\u0104CY NIEDOSKONA\u0141O\u015aCI SK\u00d3RY Ekskluzywne zabiegi medycznym laserem diodowym IRIS Najbardziej zaawansowany i wszechstronny laser w walce z niedoskona\u0142o\u015bciami sk\u00f3ry. * zamykanie naczy\u0144 krwiono\u015bnych * likwidacja naczyniak\u00f3w, rumienia * likwidacja w\u0142\u00f3kniak\u00f3w, brodawek p\u0142askich i \u0142ojotokowych * likwidacja plam pos\u0142onecznych Laser Iris stanowi kompleksowe rozwi\u0105zanie w dziedzinie laserowego leczenia zmian sk\u00f3rnych. Znajduje zastosowanie w terapii [&hellip;]<\/p>\n","protected":false},"author":1,"featured_media":0,"parent":0,"menu_order":0,"comment_status":"closed","ping_status":"closed","template":"","meta":{"footnotes":""},"_links":{"self":[{"href":"http:\/\/kwitnaca-wisnia.eu\/index.php?rest_route=\/wp\/v2\/pages\/208"}],"collection":[{"href":"http:\/\/kwitnaca-wisnia.eu\/index.php?rest_route=\/wp\/v2\/pages"}],"about":[{"href":"http:\/\/kwitnaca-wisnia.eu\/index.php?rest_route=\/wp\/v2\/types\/page"}],"author":[{"embeddable":true,"href":"http:\/\/kwitnaca-wisnia.eu\/index.php?rest_route=\/wp\/v2\/users\/1"}],"replies":[{"embeddable":true,"href":"http:\/\/kwitnaca-wisnia.eu\/index.php?rest_route=%2Fwp%2Fv2%2Fcomments&post=208"}],"version-history":[{"count":6,"href":"http:\/\/kwitnaca-wisnia.eu\/index.php?rest_route=\/wp\/v2\/pages\/208\/revisions"}],"predecessor-version":[{"id":1322,"href":"http:\/\/kwitnaca-wisnia.eu\/index.php?rest_route=\/wp\/v2\/pages\/208\/revisions\/1322"}],"wp:attachment":[{"href":"http:\/\/kwitnaca-wisnia.eu\/index.php?rest_route=%2Fwp%2Fv2%2Fmedia&parent=208"}],"curies":[{"name":"wp","href":"https:\/\/api.w.org\/{rel}","templated":true}]}}