{"id":210,"date":"2015-10-16T11:49:03","date_gmt":"2015-10-16T11:49:03","guid":{"rendered":"http:\/\/kwitnaca-wisnia.eu\/?page_id=210"},"modified":"2015-10-16T13:32:50","modified_gmt":"2015-10-16T13:32:50","slug":"makijaz-permanentny","status":"publish","type":"page","link":"http:\/\/kwitnaca-wisnia.eu\/?page_id=210","title":{"rendered":"Makija\u017c Permanentny"},"content":{"rendered":"<p><span style=\"color: #444444;\"><span style=\"font-family: Tahoma, sans-serif;\"><u><b>Makija\u017c permanentny<\/b><\/u><\/span><\/span><span style=\"color: #444444;\"><span style=\"font-family: Tahoma, sans-serif;\"> jest to makija\u017c sta\u0142y.<\/span><\/span><\/p>\n<p><span style=\"color: #444444;\"><span style=\"font-family: Tahoma, sans-serif;\">Polega na wprowadzeniu pod sk\u00f3r\u0119 odpowiednich pigment\u00f3w, stosowany g\u0142\u00f3wnie w okolicach ust, brwi i oczu. Spos\u00f3b nak\u0142adania podobny jest nieco do tatuowania, a \u00a0efekt utrzymuje si\u0119 od 2 do 5 lat.<\/span><\/span><\/p>\n<p><span style=\"color: #444444;\"><span style=\"font-family: Tahoma, sans-serif;\">Celem makija\u017cu permanentnego jest w spos\u00f3b naturalny podkre\u015bli\u0107 pi\u0119kno ka\u017cdej z Nas. Zabieg makija\u017cu trwa\u0142ego pomaga skorygowa\u0107 kszta\u0142t brwi (s\u0142abe lub nieregularne), ust (zaznaczenie konturu lub wzmocnienie czerwieni warg) oraz podkre\u015bli\u0107 wyraz oczu (\u201ekreski\u201d na dolnej i\/lub g\u00f3rnej powiece)<\/span><\/span><\/p>\n<p><span style=\"color: #444444;\"><span style=\"font-family: Tahoma, sans-serif;\">Ka\u017cdej klientce mo\u017cna dobra\u0107 makija\u017c odpowiedni do jej typu urody oraz indywidualnych potrzeb.<\/span><\/span><\/p>\n<p><span style=\"color: #444444;\"><span style=\"font-family: Tahoma, sans-serif;\">Makija\u017c permanentny jest luksusem dla ka\u017cdego, a w szczeg\u00f3lno\u015bci dla os\u00f3b, kt\u00f3re:<br \/>\n\u2022maj\u0105 ma\u0142o czasu na makija\u017c<\/span><\/span><\/p>\n<p><span style=\"color: #444444;\">\u2022<span style=\"font-family: Tahoma, sans-serif;\">zapracowanych<\/span><\/span><\/p>\n<p><span style=\"color: #444444;\">\u2022<span style=\"font-family: Tahoma, sans-serif;\">rano i wieczorem wygl\u0105daj\u0105 blado, ma\u0142o wyrazi\u015bcie<\/span><\/span><\/p>\n<p><span style=\"color: #444444;\">\u2022<span style=\"font-family: Tahoma, sans-serif;\">wcale si\u0119 nie maluj\u0105 (r\u00f3wnie\u017c sportowc\u00f3w), a mimo to chcieliby wygl\u0105da\u0107 pi\u0119kniej i bardziej \u015bwie\u017co<\/span><\/span><\/p>\n<p><span style=\"color: #444444;\">\u2022<span style=\"font-family: Tahoma, sans-serif;\">nosz\u0105 okulary i szk\u0142a kontaktowe, przez co maj\u0105 problemy z wykonaniem makija\u017cu<\/span><\/span><\/p>\n<p><span style=\"color: #444444;\">\u2022<span style=\"font-family: Tahoma, sans-serif;\">starszych, maj\u0105cych problemy ze wzrokiem<\/span><\/span><\/p>\n<p><span style=\"color: #444444;\">\u2022<span style=\"font-family: Tahoma, sans-serif;\">s\u0105 uczulone na kosmetyki kolorowe<\/span><\/span><\/p>\n<p><span style=\"color: #444444;\">\u2022<span style=\"font-family: Tahoma, sans-serif;\">maj\u0105 rzadkie brwi, ma\u0142e oczy, blade, w\u0105skie lub o nieregularnym kszta\u0142cie usta<\/span><\/span><\/p>\n<p><span style=\"color: #444444;\">\u2022<span style=\"font-family: Tahoma, sans-serif;\">kt\u00f3re chcia\u0142yby dokona\u0107 trwa\u0142ej korekty swojej naturalnej urody<\/span><\/span><\/p>\n<p><span style=\"color: #444444;\">\u2022<span style=\"font-family: Tahoma, sans-serif;\">pozbawionych brwi i rz\u0119s np. po chemioterapii<\/span><\/span><\/p>\n<p><span style=\"color: #444444;\"><span style=\"font-family: Tahoma, sans-serif;\">Makija\u017c permanentny utrzymuj\u0105cy si\u0119 w zale\u017cno\u015bci od typu i kolorytu sk\u00f3ry od 2 do 5 lat. Gdy zacznie bledn\u0105\u0107 mo\u017ce zosta\u0107 w ka\u017cdym czasie na nowo zabarwiony lub mo\u017cna zdecydowa\u0107 si\u0119 na co\u015b nowego, na zupe\u0142nie nowy, indywidualnie dopasowany wizerunek.<\/span><\/span><\/p>\n<p><span style=\"color: #444444;\"><span style=\"font-family: Tahoma, sans-serif;\">W zale\u017cno\u015bci od rozleg\u0142o\u015bci makija\u017c permanentny mo\u017ce trwa\u0107 od 60 minut do 3 godzin. W ci\u0105gu kilku dni po zabiegu makija\u017c ulega rozja\u015bnieniu i dlatego potrzebne jest jego uzupe\u0142nienie \u2013 korekta.<\/span><\/span><\/p>\n<p><span style=\"color: #444444;\"><span style=\"font-family: Tahoma, sans-serif;\">Podczas zabiegu mo\u017ce doj\u015b\u0107 do podra\u017cnienia, zaczerwienienia lub obrz\u0119ku sk\u00f3ry, ale objawy te szybko ust\u0119puj\u0105. Po dw\u00f3ch dniach od zabiegu nask\u00f3rek zaczyna si\u0119 dyskretnie z\u0142uszcza\u0107 \u2013 jest to proces naturalny. Bardzo wa\u017cne jest ci\u0105g\u0142e nawil\u017canie odpowiednimi preparatami oferowanymi przez osob\u0119 wykonuj\u0105c\u0105 makija\u017c permanentny \u2013 linergistk\u0119. Przez pierwsze 2 tygodnie po zabiegu nie nale\u017cy chodzi\u0107 do sauny ani do solarium.<\/span><\/span><\/p>\n","protected":false},"excerpt":{"rendered":"<p>Makija\u017c permanentny jest to makija\u017c sta\u0142y. Polega na wprowadzeniu pod sk\u00f3r\u0119 odpowiednich pigment\u00f3w, stosowany g\u0142\u00f3wnie w okolicach ust, brwi i oczu. Spos\u00f3b nak\u0142adania podobny jest nieco do tatuowania, a \u00a0efekt utrzymuje si\u0119 od 2 do 5 lat. Celem makija\u017cu permanentnego jest w spos\u00f3b naturalny podkre\u015bli\u0107 pi\u0119kno ka\u017cdej z Nas. Zabieg makija\u017cu trwa\u0142ego pomaga skorygowa\u0107 kszta\u0142t [&hellip;]<\/p>\n","protected":false},"author":1,"featured_media":0,"parent":0,"menu_order":0,"comment_status":"closed","ping_status":"closed","template":"","meta":{"footnotes":""},"_links":{"self":[{"href":"http:\/\/kwitnaca-wisnia.eu\/index.php?rest_route=\/wp\/v2\/pages\/210"}],"collection":[{"href":"http:\/\/kwitnaca-wisnia.eu\/index.php?rest_route=\/wp\/v2\/pages"}],"about":[{"href":"http:\/\/kwitnaca-wisnia.eu\/index.php?rest_route=\/wp\/v2\/types\/page"}],"author":[{"embeddable":true,"href":"http:\/\/kwitnaca-wisnia.eu\/index.php?rest_route=\/wp\/v2\/users\/1"}],"replies":[{"embeddable":true,"href":"http:\/\/kwitnaca-wisnia.eu\/index.php?rest_route=%2Fwp%2Fv2%2Fcomments&post=210"}],"version-history":[{"count":2,"href":"http:\/\/kwitnaca-wisnia.eu\/index.php?rest_route=\/wp\/v2\/pages\/210\/revisions"}],"predecessor-version":[{"id":285,"href":"http:\/\/kwitnaca-wisnia.eu\/index.php?rest_route=\/wp\/v2\/pages\/210\/revisions\/285"}],"wp:attachment":[{"href":"http:\/\/kwitnaca-wisnia.eu\/index.php?rest_route=%2Fwp%2Fv2%2Fmedia&parent=210"}],"curies":[{"name":"wp","href":"https:\/\/api.w.org\/{rel}","templated":true}]}}