{"id":212,"date":"2015-10-16T11:49:15","date_gmt":"2015-10-16T11:49:15","guid":{"rendered":"http:\/\/kwitnaca-wisnia.eu\/?page_id=212"},"modified":"2024-03-18T12:15:36","modified_gmt":"2024-03-18T12:15:36","slug":"peelingi-chemiczne","status":"publish","type":"page","link":"http:\/\/kwitnaca-wisnia.eu\/?page_id=212","title":{"rendered":"Peelingi chemiczne"},"content":{"rendered":"<h3 style=\"text-align: center;\">Peelingi chemiczne<\/h3>\n<p style=\"text-align: center;\">Zmarszczki wyp\u0142ycaj\u0105 si\u0119,<\/p>\n<p style=\"text-align: center;\">sk\u00f3ra jest napi\u0119ta, plamy rozja\u015bnione.<\/p>\n<p style=\"text-align: center;\">Rozszerzone pory znikaj\u0105, a twarz promienieje<\/p>\n<p style=\"text-align: center;\">&#8230;i zn\u00f3w jest m\u0142oda.<\/p>\n<h1 style=\"text-align: center;\">YELLOW PEEL<\/h1>\n<h1 style=\"text-align: center;\">peeling medyczny<\/h1>\n<p>To jeden z najbardziej znanych i lubianych peeling\u00f3w. Jego g\u0142\u00f3wne zalety to wysoka skuteczno\u015b\u0107 i znikoma agresywno\u015b\u0107. <strong>Yellow Peel<\/strong> mo\u017ce usuwa\u0107 nask\u00f3rek na r\u00f3\u017cnych poziomach, dlatego jest stosowany zar\u00f3wno do redukcji przebarwie\u0144, jako uj\u0119drniaj\u0105cy zabieg przeciwzmarszczkowy jak te\u017c peeling oczyszczaj\u0105cy i roz\u015bwietlaj\u0105cy sk\u00f3r\u0119.<\/p>\n<p>W pierwszej fazie peelingu dzia\u0142aj\u0105 kwas glikolowy i salicylowy &#8211; wywo\u0142uj\u0105 z\u0142uszczanie, odnow\u0119 nask\u00f3rka i roz\u015bwietlenie twarzy. W drugiej fazie kwas retinowy i witamina C dzia\u0142aj\u0105 stymuluj\u0105co &#8211; pobudzaj\u0105 produkcj\u0119 kolagenu, elastyny i glikozamin, dzi\u0119ki czemu sk\u00f3ra nabiera j\u0119drno\u015bci. Trzy inne sk\u0142adniki: kwas fitowy, kojowy i azelainowy usuwaj\u0105 istniej\u0105ce przebarwienia i zapobiegaj\u0105 powstawaniu nowych.<\/p>\n<p>Dzia\u0142anie stymuluj\u0105ce <strong>Yellow Peel<\/strong> daje \u015bwietne efekty w zabiegach odm\u0142adzaj\u0105cych okolic\u0119 oczu.<\/p>\n<p>Kiedy zrobi\u0107 Yellow Peel?<\/p>\n<ul>\n<li>drobne zmarszczki i wiotko\u015b\u0107 sk\u00f3ry, fotostarzenie<\/li>\n<li>zmarszczki i wiotka sk\u00f3ra wok\u00f3\u0142 oczu<\/li>\n<li>przebarwienia na twarzy i d\u0142oniach<\/li>\n<li>blizny i zaburzenia pignentacji po tr\u0105dziku<\/li>\n<li>choroby \u0142ojotokowe sk\u00f3ry<\/li>\n<\/ul>\n<p>Opis i dzia\u0142anie zabiegu:<\/p>\n<p><strong>Yellow Peel<\/strong> to progresywny peeling, kt\u00f3rego rezultat zale\u017cny jest od ilo\u015bci nak\u0142adanych warstw. W ci\u0105gu paru godzin po zabiegu zwi\u0119ksza si\u0119 mikrokr\u0105\u017cenie, poprawia utlenienie sk\u00f3ry oraz nast\u0119puje dostarczanie substancji od\u017cywczych. W wyniku dzia\u0142ania peelingu zachodzi wzrost glikozaminoglikan\u00f3w, jak np. polisacharyd\u00f3w odpowiedzialnych za utrzymanie wody, to g\u0142\u00f3wny czynnik natychmiastowo zwi\u0119kszaj\u0105cy j\u0119drno\u015b\u0107 i napiu\u0119cie sk\u00f3ry a tym samym sp\u0142ycenie zmarszczek. Efekt z\u0142uszczania jest niewielki i wygl\u0105d sk\u00f3ry bezpo\u015brednio po zabiegu nie stanowi ograniczenia dla os\u00f3b aktywnych zawodowo.<\/p>\n<p style=\"text-align: right;\">Cena zabiegu: 550 z\u0142<\/p>\n<p style=\"text-align: center;\"><a href=\"http:\/\/kwitnaca-wisnia.eu\/wp-content\/uploads\/2015\/10\/yellow_peel_big.jpg\" data-rel=\"lightbox-image-0\" data-rl_title=\"\" data-rl_caption=\"\" title=\"\"><img loading=\"lazy\" decoding=\"async\" class=\"alignnone wp-image-1097\" src=\"http:\/\/kwitnaca-wisnia.eu\/wp-content\/uploads\/2015\/10\/yellow_peel_big-283x300.jpg\" alt=\"yellow_peel_big\" width=\"421\" height=\"447\" srcset=\"http:\/\/kwitnaca-wisnia.eu\/wp-content\/uploads\/2015\/10\/yellow_peel_big-283x300.jpg 283w, http:\/\/kwitnaca-wisnia.eu\/wp-content\/uploads\/2015\/10\/yellow_peel_big.jpg 429w\" sizes=\"(max-width: 421px) 100vw, 421px\" \/><\/a><\/p>\n<h1 style=\"text-align: center;\">PRX-T33\u00ae<\/h1>\n<h1 style=\"text-align: center;\">wyr\u00f3b medyczny<\/h1>\n<p>PRX-T33\u00ae jest wyrobem medycznym zarejestrowanym ze znakiem CE klasy I. Jest to oryginalna formu\u0142a po\u0142\u0105czenia 33% kwasu tr\u00f3jchlorooctowego (TCA), nadtlenku wodoru (H2O2) i 5% kwasu kojowego. PRX-T33\u00ae to nowa metoda biorewitalizacji sk\u00f3ry bez igie\u0142, kt\u00f3ra zosta\u0142a stworzona we W\u0142oszech przez dr Rossan\u0119 Castellana i obj\u0119ta patentem \u015bwiatowym po 10 letnich klinicznych badaniach do\u015bwiadczalnych. Na rynku medycznym dostepny jest od 2007 roku. Produkt jest w trakcie rejestracji jako produkt leczniczy na tr\u0105dzik \u2013 trwaj\u0105 badania kliniczne. Od 2007 roku zosta\u0142o wykonanych ponad 100 tys. zabieg\u00f3w.<\/p>\n<p>Wskazania:<\/p>\n<ul>\n<li>wiotka sk\u00f3ra twarzy i cia\u0142a<\/li>\n<li>bardzo wiotka sk\u00f3ra dekoltu i biustu<\/li>\n<li>blizny zanikowe i rozst\u0119py<\/li>\n<li>tr\u0105dzik<\/li>\n<li>melasma i przebarwienia sk\u00f3rne &#8211; wspomaga leczenie<\/li>\n<\/ul>\n<p>Dla kogo dedykowany jest PRX-T33\u00ae?<\/p>\n<p>PRX-T33\u00ae jest zabiegiem przeznaczonym dla obu p\u0142ci, w ka\u017cdym wieku, o wszystkich porach roku.<\/p>\n<p><strong>5-12 lat<\/strong>\u00a0 blizny (ospa wietrzna, liszajec)<\/p>\n<p><strong>12-25 lat<\/strong>\u00a0 zast\u0119puje oczyszczanie twarzy (wyg\u0142adza sk\u00f3r\u0119 i u\u0142atwia redukcj\u0119 zask\u00f3rnik\u00f3w)<\/p>\n<p><strong>25-35 lat<\/strong>\u00a0 rozst\u0119py, melasma<\/p>\n<p><strong>35-45 lat<\/strong>\u00a0 borewitalizacja twarzy, biorewitalizacja cia\u0142a, profilaktyka procesu starzenia sk\u00f3ry, zwiotczenie sk\u00f3ry biustu<\/p>\n<p><strong>45 lat<\/strong>\u00a0 rewitalizacja zwiotcza\u0142ej sk\u00f3ry, poprawa j\u0119drno\u015bci sk\u00f3ry dekoltu i biustu<\/p>\n<p style=\"text-align: right;\">Cena zabiegu: 350 z\u0142<\/p>\n<p style=\"text-align: left;\">Produkty pozabiegowe:<\/p>\n<p>Niezb\u0119dny po zabiegu PRX-T33\u00ae krem od\u017cywczy i nawil\u017caj\u0105cy do twarzy WiQo, do sk\u00f3ry suchej lub bardzo suchej na ca\u0142y obszar poddany zabiegowi. Na\u0142o\u017cenie kremu ma na celu odzyskanie na powierzchni sk\u00f3ry filmu hydrolipidowego, zabezpieczenie sk\u00f3ry przed nadmiern\u0105 sucho\u015bci\u0105 i uzyskanie dzia\u0142ania \u0142agodz\u0105cego przej\u015bciowy rumie\u0144. Po zabiegu zaleca si\u0119 pacjentowi stosowanie kremu w domu: 2-3 razy dziennie przez pierwsze dni po zabiegu, p\u00f3\u017aniej 1-2 razy dziennie w celu podtrzymania efekt\u00f3w. Cena: 250 z\u0142\/50ml<\/p>\n<p><a href=\"http:\/\/kwitnaca-wisnia.eu\/wp-content\/uploads\/2015\/10\/PRX-efekty-blizny.png\" data-rel=\"lightbox-image-1\" data-rl_title=\"\" data-rl_caption=\"\" title=\"\"><img loading=\"lazy\" decoding=\"async\" class=\" wp-image-1099 aligncenter\" src=\"http:\/\/kwitnaca-wisnia.eu\/wp-content\/uploads\/2015\/10\/PRX-efekty-blizny-300x218.png\" alt=\"prx-efekty-blizny\" width=\"480\" height=\"349\" srcset=\"http:\/\/kwitnaca-wisnia.eu\/wp-content\/uploads\/2015\/10\/PRX-efekty-blizny-300x218.png 300w, http:\/\/kwitnaca-wisnia.eu\/wp-content\/uploads\/2015\/10\/PRX-efekty-blizny.png 560w\" sizes=\"(max-width: 480px) 100vw, 480px\" \/><\/a><\/p>\n<p><a href=\"http:\/\/kwitnaca-wisnia.eu\/wp-content\/uploads\/2015\/10\/PRX-efekty-dekolt.png\" data-rel=\"lightbox-image-2\" data-rl_title=\"\" data-rl_caption=\"\" title=\"\"><img loading=\"lazy\" decoding=\"async\" class=\"wp-image-1100 aligncenter\" src=\"http:\/\/kwitnaca-wisnia.eu\/wp-content\/uploads\/2015\/10\/PRX-efekty-dekolt-300x115.png\" alt=\"prx-efekty-dekolt\" width=\"483\" height=\"185\" srcset=\"http:\/\/kwitnaca-wisnia.eu\/wp-content\/uploads\/2015\/10\/PRX-efekty-dekolt-300x115.png 300w, http:\/\/kwitnaca-wisnia.eu\/wp-content\/uploads\/2015\/10\/PRX-efekty-dekolt.png 899w\" sizes=\"(max-width: 483px) 100vw, 483px\" \/><\/a><\/p>\n<p style=\"text-align: center;\"><a href=\"http:\/\/kwitnaca-wisnia.eu\/wp-content\/uploads\/2015\/10\/PRX-T33_3.jpg\" data-rel=\"lightbox-image-3\" data-rl_title=\"\" data-rl_caption=\"\" title=\"\"><img loading=\"lazy\" decoding=\"async\" class=\"alignnone wp-image-1101\" src=\"http:\/\/kwitnaca-wisnia.eu\/wp-content\/uploads\/2015\/10\/PRX-T33_3-300x126.jpg\" alt=\"prx-t33_3\" width=\"485\" height=\"204\" srcset=\"http:\/\/kwitnaca-wisnia.eu\/wp-content\/uploads\/2015\/10\/PRX-T33_3-300x126.jpg 300w, http:\/\/kwitnaca-wisnia.eu\/wp-content\/uploads\/2015\/10\/PRX-T33_3.jpg 850w\" sizes=\"(max-width: 485px) 100vw, 485px\" \/><\/a><\/p>\n<h1 style=\"text-align: center;\">PRX-T33\u00ae + Dermia Medical<\/h1>\n<p>Autorski protok\u00f3\u0142 zabiegowy, kt\u00f3ry daje jeszcze bardziej spektakularne efekty!<\/p>\n<p style=\"text-align: right;\">Cena zabiegu: 500 z\u0142<\/p>\n<h1 style=\"text-align: center;\"><strong>Lightening<\/strong><\/h1>\n<h3 style=\"text-align: center;\">zabieg z\u0142uszczj\u0105co-rozja\u015bniaj\u0105cy<\/h3>\n<p>Innowacyjny zabieg Lightening posiada silne w\u0142a\u015bciwo\u015bci rozja\u015bniaj\u0105ce sk\u00f3r\u0119. Jego unikalny sk\u0142ad tworzy a\u017c ponad osiem substancji rozja\u015bniaj\u0105cych sk\u00f3r\u0119. Sk\u0142ad Lightening stanowi\u0105 pochodne witaminy A oraz aktywne sk\u0142adniki depigmentacyjne, antyoksydacyjne i przeciwstarzeniowe. Po zastosowaniu peelingu nast\u0119puje intensywna odbudowa nask\u00f3rka oraz przebudowa i regeneracja w\u0142\u00f3kien kolagenowych. Zalet\u0105 Lightening jest dzia\u0142anie na r\u00f3\u017cnych poziomach sk\u00f3ry. Na poziomie nask\u00f3rka nast\u0119puje pobudzenie regeneracji kom\u00f3rkowej a tym samym pogrubienie sk\u00f3ry i nask\u00f3rka. Na poziomie sk\u00f3ry w\u0142a\u015bciwej dzia\u0142anie peelingu skutecznie hamuje i rozprasza akumulacj\u0119 melaniny. G\u0142\u00f3wnym wskazaniem do zabiegu s\u0105 przebarwienia (zaburzenie procesu melanogenezy), zalecany r\u00f3wnie\u017c w terapii anti-aging, sk\u00f3rze t\u0142ustej, \u0142ojotokowej czy bliznach potr\u0105dzikowych.<\/p>\n<p><strong>Sk\u0142ad:<\/strong><\/p>\n<ul>\n<li>Kwas retinowy \u2013 jest najskuteczniejszym retinoidem o dzia\u0142aniu przeciwstarzeniowym i usuwaj\u0105cym efekty fotostarzenia si\u0119 sk\u00f3ry.<\/li>\n<li>Kwas fitowy \u2013 o silnym dzia\u0142aniu rozja\u015bniaj\u0105cym przebarwienia, anytoksydacyjnym.<\/li>\n<li>Kwas mlekowy \u2013 kwas mlekowy dzia\u0142a eksfoliacyjnie (z\u0142uszczaj\u0105co), co przyspiesza odnow\u0119 nask\u00f3rka, wyg\u0142adza sk\u00f3r\u0119 i poprawia jej koloryt.<\/li>\n<li>Kwas kojowy \u2013 \u015brodek stosowany w produktach do usuwania przebarwie\u0144 sk\u00f3ry. Jest zbli\u017cony pod wzgl\u0119dem w\u0142a\u015bciwo\u015bci chemicznych do hydrochinonu.<\/li>\n<li>Emblica \u2013 jest efektywnym antyoksydantem i jednym z najbardziej bogatych \u017ar\u00f3de\u0142 witaminy C w formie naturalnej.<\/li>\n<li>Arbutyna \u2013 pochodna hydrochinonu, naturalny czynnik o dzia\u0142aniu depigmentacyjnym<\/li>\n<li>Kwas Salicylowy \u2013 w przypadku terapii przebarwie\u0144 zapewnia niezb\u0119dne dzia\u0142anie eksfoliacyjne.<\/li>\n<li>Kwas migda\u0142owy \u2013 zadawalaj\u0105ce efekty przy sp\u0142ycaniu zmarszczek, w przypadku nieregularnych przebarwie\u0144, melazmy, hiperpigmentacji pozapalnych i pieg\u00f3w, w tr\u0105dziku pospolitym, krostkowym, w zapaleniu mieszk\u00f3w w\u0142osowych, w terapii fotostarzenia.<\/li>\n<\/ul>\n<p><strong>Wskazania g\u0142\u00f3wne do zabiegu:<\/strong><\/p>\n<ul>\n<li>Przebarwienia starcze<\/li>\n<li>Przebarwienia pos\u0142oneczne<\/li>\n<li>Zmarszczki<\/li>\n<li>Tr\u0105dzik<\/li>\n<\/ul>\n<p><strong>Efekty kuracji:<\/strong><\/p>\n<ul>\n<li>rozja\u015bnienie przebarwie\u0144 na r\u00f3\u017cnej g\u0142\u0119boko\u015bci<\/li>\n<li>silne dzia\u0142anie przeciwzmarszczkowe<\/li>\n<li>poprawa stanu sk\u00f3ry t\u0142ustej i \u0142ojotokowej, zw\u0119\u017cenie por\u00f3w sk\u00f3ry<\/li>\n<\/ul>\n<p><strong>Spos\u00f3b zastosowania:<\/strong><\/p>\n<p>Lightening jest peelingiem medycznym. Czas aplikacji kszta\u0142tuje si\u0119 pomi\u0119dzy 30 min a 4 godz. w zale\u017cno\u015bci od nasilenia problemu (przebarwie\u0144). W celu osi\u0105gni\u0119cia najlepszych efekt\u00f3w zabiegu konieczna jest kontynuacja leczenia i zastosowanie podczas kuracji domowej kremu Dark Spot Eraser 24H Cream, kt\u00f3ry dodatkowo rozja\u015bnia przebarwienia i przyspiesza regeneracj\u0119 sk\u00f3ry.<\/p>\n<p><strong>G\u0142\u00f3wne zalety:<\/strong><\/p>\n<p>Lightening nie jest zabiegiem inwazyjnym i nie powoduje wy\u0142\u0105czenia z codziennego \u017cycia. Zabieg wykonuje si\u0119 na: twarz, szyj\u0119, dekolt, d\u0142onie, ramiona.<\/p>\n<p style=\"text-align: right;\">Cena zabiegu: 300 z\u0142<\/p>\n<h1 style=\"text-align: center;\">Reti Peel<\/h1>\n<p>Zaawansowany system silnie odm\u0142adzaj\u0105cy, bazuj\u0105cy na dw\u00f3ch unikalnych kompleksach retinolowych. Rekomendowany dla sk\u00f3ry dojrza\u0142ej, z widoczn\u0105 utrat\u0105 j\u0119drno\u015bci i zmarszczkami.<\/p>\n<p>Reti Peel to\u00a0dwuetapowy system odm\u0142adzaj\u0105cy oparty na\u00a0podw\u00f3jnym kompleksie retinolowym o\u00a0najwy\u017cszym dost\u0119pnym st\u0119\u017ceniu 10%. Dodatek unikalnej kompozycji kwas\u00f3w AHA intensyfikuje procesy naprawcze sk\u00f3ry, jednocze\u015bnie \u0142agodz\u0105c agresywne dzia\u0142anie retinolu. Dzi\u0119ki temu eliminuje nie\u00a0zawsze po\u017c\u0105dane skutki, takie jak: silne z\u0142uszczanie wykluczaj\u0105ce z\u00a0aktywno\u015bci zawodowej, podra\u017cnienie, obrz\u0119k i\u00a0rumie\u0144.<\/p>\n<p>Pierwsza faza to zabieg w gabinecie , kt\u00f3rego kluczowym elementem jest spot\u0119gowany kompleks retinolu o najwy\u017cszym st\u0119\u017ceniu 10%, wzmocniony unikaln\u0105 kompilacj\u0105 kwas\u00f3w AHA. Wp\u0142ywa na g\u0142\u0119bsze warstwy sk\u00f3ry, inicjuj\u0105c procesy naprawcze, przyczynia si\u0119 do przywr\u00f3cenia j\u0119drno\u015bci, napi\u0119cia i g\u0119sto\u015bci sk\u00f3ry.<\/p>\n<p>Drugi etap trwa kolejnych 7 dni i polega na aplikacji specjalistycznego kremu do nocnej odnowy sk\u00f3ry. Preparat, w sk\u0142ad kt\u00f3rego wchodzi kompleks retinolu o st\u0119\u017ceniu 2,5%, papaina oraz sk\u0142adniki od\u017cywcze, efektywnie wyg\u0142adza, niweluje niedoskona\u0142o\u015bci cery, przywracaj\u0105c m\u0142ody wygl\u0105d, zwi\u0119kszaj\u0105c poziom nawil\u017cenia oraz nadaj\u0105c jednolity koloryt.<\/p>\n<p>Zalety produktu:<\/p>\n<ul>\n<li>inicjuje procesy naprawcze,<\/li>\n<li>przyczynia si\u0119 do przywr\u00f3cenia j\u0119drno\u015bci, napi\u0119cia i g\u0119sto\u015bci sk\u00f3ry.<\/li>\n<li>efektywnie wyg\u0142adza,<\/li>\n<li>przywraca m\u0142ody wygl\u0105d<\/li>\n<\/ul>\n<p style=\"text-align: right;\">Cena zabiegu: 350 z\u0142<\/p>\n<h1 style=\"text-align: center;\"><strong>Retix C<\/strong><\/h1>\n<p>To intensywna terapia anty-aging na twarz, szyj\u0119 i dekolt. Jej celem jest kompleksowa poprawa wygl\u0105du sk\u00f3ry, odbudowa w\u0142\u00f3kien kolagenowych i elastynowych, poprawa zag\u0119szczenia i napi\u0119cia sk\u00f3ry, wyg\u0142adzenie, rozja\u015bnienie przebarwie\u0144, redukcja niedoskona\u0142o\u015bci, stan\u00f3w zapalnych i tr\u0105dziku, zw\u0119\u017cenie por\u00f3w nawet do 80% i zwi\u0119kszenie poziomu nawil\u017cenia, ochrona przed fotouszkodzeniami oraz zwi\u0119kszenie naturalnej bariery ochronnej sk\u00f3ry.<\/p>\n<p>Retix C stosowany na cia\u0142o (brzuch, ramiona, plecy) powoduje, \u017ce sk\u00f3ra jest g\u0142adka i j\u0119drna, a \u015bwie\u017ce rozst\u0119py s\u0105 wyg\u0142adzone i mniej widoczne.<\/p>\n<p>Wskazania:<\/p>\n<ul>\n<li>sp\u0142ycenie zmarszczek<\/li>\n<li>zwi\u0119kszenie naturalnej bariery ochronnej sk\u00f3ry<\/li>\n<li>redukcja rozst\u0119p\u00f3w<\/li>\n<li>wyr\u00f3wnanie struktury sk\u00f3ry<\/li>\n<li>rozja\u015bnienie plam pigmentacyjnych, melasmy<\/li>\n<li>zwi\u0119kszenie j\u0119drno\u015bci i g\u0119sto\u015bci<\/li>\n<li>nawil\u017cenie<\/li>\n<li>zregenerowanie sk\u00f3ry szarej, matowej, zm\u0119czonej<\/li>\n<\/ul>\n<p style=\"text-align: right;\">Cena zabiegu: 250 z\u0142<\/p>\n","protected":false},"excerpt":{"rendered":"<p>Peelingi chemiczne Zmarszczki wyp\u0142ycaj\u0105 si\u0119, sk\u00f3ra jest napi\u0119ta, plamy rozja\u015bnione. Rozszerzone pory znikaj\u0105, a twarz promienieje &#8230;i zn\u00f3w jest m\u0142oda. YELLOW PEEL peeling medyczny To jeden z najbardziej znanych i lubianych peeling\u00f3w. Jego g\u0142\u00f3wne zalety to wysoka skuteczno\u015b\u0107 i znikoma agresywno\u015b\u0107. Yellow Peel mo\u017ce usuwa\u0107 nask\u00f3rek na r\u00f3\u017cnych poziomach, dlatego jest stosowany zar\u00f3wno do redukcji [&hellip;]<\/p>\n","protected":false},"author":1,"featured_media":0,"parent":0,"menu_order":0,"comment_status":"closed","ping_status":"closed","template":"","meta":{"footnotes":""},"_links":{"self":[{"href":"http:\/\/kwitnaca-wisnia.eu\/index.php?rest_route=\/wp\/v2\/pages\/212"}],"collection":[{"href":"http:\/\/kwitnaca-wisnia.eu\/index.php?rest_route=\/wp\/v2\/pages"}],"about":[{"href":"http:\/\/kwitnaca-wisnia.eu\/index.php?rest_route=\/wp\/v2\/types\/page"}],"author":[{"embeddable":true,"href":"http:\/\/kwitnaca-wisnia.eu\/index.php?rest_route=\/wp\/v2\/users\/1"}],"replies":[{"embeddable":true,"href":"http:\/\/kwitnaca-wisnia.eu\/index.php?rest_route=%2Fwp%2Fv2%2Fcomments&post=212"}],"version-history":[{"count":13,"href":"http:\/\/kwitnaca-wisnia.eu\/index.php?rest_route=\/wp\/v2\/pages\/212\/revisions"}],"predecessor-version":[{"id":1678,"href":"http:\/\/kwitnaca-wisnia.eu\/index.php?rest_route=\/wp\/v2\/pages\/212\/revisions\/1678"}],"wp:attachment":[{"href":"http:\/\/kwitnaca-wisnia.eu\/index.php?rest_route=%2Fwp%2Fv2%2Fmedia&parent=212"}],"curies":[{"name":"wp","href":"https:\/\/api.w.org\/{rel}","templated":true}]}}