{"id":233,"date":"2015-10-10T12:30:36","date_gmt":"2015-10-10T12:30:36","guid":{"rendered":"http:\/\/kwitnaca-wisnia.eu\/?page_id=233"},"modified":"2019-12-16T21:03:03","modified_gmt":"2019-12-16T21:03:03","slug":"o-nas","status":"publish","type":"page","link":"http:\/\/kwitnaca-wisnia.eu\/?page_id=233","title":{"rendered":"O NAS"},"content":{"rendered":"<div class=\"_2cuy _3dgx _2vxa\"><\/div>\n<div class=\"_2cuy _3dgx _2vxa\">\u00a0<a href=\"http:\/\/kwitnaca-wisnia.eu\/wp-content\/uploads\/2015\/10\/68317763_2409057095830764_4456054317928939520_n.png\" data-rel=\"lightbox-image-0\" data-rl_title=\"\" data-rl_caption=\"\" title=\"\"><img loading=\"lazy\" decoding=\"async\" class=\"alignnone size-full wp-image-1130\" src=\"http:\/\/kwitnaca-wisnia.eu\/wp-content\/uploads\/2015\/10\/68317763_2409057095830764_4456054317928939520_n.png\" alt=\"68317763_2409057095830764_4456054317928939520_n\" width=\"193\" height=\"192\" srcset=\"http:\/\/kwitnaca-wisnia.eu\/wp-content\/uploads\/2015\/10\/68317763_2409057095830764_4456054317928939520_n.png 193w, http:\/\/kwitnaca-wisnia.eu\/wp-content\/uploads\/2015\/10\/68317763_2409057095830764_4456054317928939520_n-150x150.png 150w, http:\/\/kwitnaca-wisnia.eu\/wp-content\/uploads\/2015\/10\/68317763_2409057095830764_4456054317928939520_n-50x50.png 50w, http:\/\/kwitnaca-wisnia.eu\/wp-content\/uploads\/2015\/10\/68317763_2409057095830764_4456054317928939520_n-49x49.png 49w, http:\/\/kwitnaca-wisnia.eu\/wp-content\/uploads\/2015\/10\/68317763_2409057095830764_4456054317928939520_n-184x184.png 184w\" sizes=\"(max-width: 193px) 100vw, 193px\" \/><\/a><\/div>\n<div class=\"_2cuy _3dgx _2vxa\"><\/div>\n<div class=\"_2cuy _3dgx _2vxa\"><\/div>\n<h2 class=\"_2cuy _3dgx _2vxa\">Oszukanie wieku sta\u0142o si\u0119 mo\u017cliwe<\/h2>\n<div class=\"_2cuy _3dgx _2vxa\"><\/div>\n<div class=\"_2cuy _3dgx _2vxa\">Gabinet Kosmetyki Estetycznej Kwitn\u0105ca Wi\u015bnia to wyj\u0105tkowe miejsce dla os\u00f3b, kt\u00f3re ceni\u0105 sobie pe\u0142en profesjonalizm oraz oczekuj\u0105 skutecznych rozwi\u0105za\u0144. Wysokie kwalifikacje personelu i do\u015bwiadczenie zapewniaj\u0105 bardzo dobre efekty wykonywanych zabieg\u00f3w. Pracujemy na produktach najwy\u017cszej jako\u015bci selektywnych marek. Zapewniamy pe\u0142n\u0105 dyskrecj\u0119, przyjazn\u0105 atmosfer\u0119 oraz indywidualne podej\u015bcie. Cech\u0105 wyr\u00f3\u017cniaj\u0105c\u0105 nasz gabinet jest stosowanie najnowocze\u015bniejszych osi\u0105gni\u0119\u0107 medycyny estetycznej i kosmetologii. Nieustannie podnosimy kwalifikacje, uczestniczymy w seminariach i konferencjach r\u00f3wnie\u017c mi\u0119dzynarodowych, aby zagwarantowa\u0107 Pa\u0144stwu pe\u0142en profesjonalizm i bezpiecze\u0144stwo wykonywanych zabieg\u00f3w. Oferujemy szeroki zakres zabieg\u00f3w i rozwi\u0105za\u0144 estetycznych, podkre\u015blaj\u0105cych naturalne pi\u0119kno. Naszym celem jest zadowolony pacjent, dlatego wszystkie us\u0142ugi wykonujemy przy u\u017cyciu tylko najwy\u017cszej klasy preparat\u00f3w oraz urz\u0105dze\u0144 o najwy\u017cszym profilu skuteczno\u015bci oraz bezpiecze\u0144stwa. Gabinet Kosmetyki Estetycznej Kwitn\u0105ca Wi\u015bnia jest miejscem, w kt\u00f3rym mo\u017cna cofn\u0105\u0107 czas bez u\u017cycia skalpela, miejscem gdzie \u201eOszukanie wieku sta\u0142o si\u0119 mo\u017cliwe\u201d. W ofercie gabinetu znajd\u0105 Pa\u0144stwo szeroki wachlarz zabieg\u00f3w pomagaj\u0105cych zachowa\u0107 m\u0142ody i pi\u0119kny wygl\u0105d a tak\u017ce dobre samopoczucie. W\u015br\u00f3d propozycji zabiegowych znajduj\u0105 si\u0119 mezoterapia, osocze bogatop\u0142ytkowe, fibryna, lipoliza, botoks, powi\u0119kszanie i modelowanie ust, nici liftinguj\u0105ce, leczenie nadpotliwo\u015bci, zabiegi laseroterapii, makija\u017c permanentny i wiele innych. O Pa\u0144stwa zdrow\u0105 i pi\u0119kn\u0105 sk\u00f3r\u0119 w naszym gabinecie dbaj\u0105 m.in. kosmetolog mgr Teresa Kubat oraz lekarz medycyny estetycznej dr Sylwia Szymanuszka-Knast.<\/div>\n<div class=\"_2cuy _3dgx _2vxa\"><\/div>\n<div class=\"_2cuy _3dgx _2vxa\"><\/div>\n<div class=\"_2cuy _3dgx _2vxa\"><\/div>\n<div class=\"_2cuy _3dgx _2vxa\"><\/div>\n<div class=\"_2cuy _3dgx _2vxa\"><\/div>\n<div class=\"_2cuy _3dgx _2vxa\">\n<div class=\"_2cuy _3dgx _2vxa\">Gabinet Kosmetyki Estetycznej Kwitn\u0105ca Wi\u015bnia znajduje si\u0119 w \u017borach, przy ul. Centralnej 21,<\/div>\n<div class=\"_2cuy _3dgx _2vxa\">tel. kontaktowy 663 277 466<\/div>\n<\/div>\n<div class=\"_2cuy _3dgx _2vxa\"><\/div>\n<p>&nbsp;<\/p>\n<p><a href=\"http:\/\/kwitnaca-wisnia.eu\/wp-content\/uploads\/2015\/10\/DSC_0081-e1446631695636.png\" data-rel=\"lightbox-image-1\" data-rl_title=\"\" data-rl_caption=\"\" title=\"\"><img loading=\"lazy\" decoding=\"async\" class=\"size-medium wp-image-409 alignleft\" src=\"http:\/\/kwitnaca-wisnia.eu\/wp-content\/uploads\/2015\/10\/DSC_0081-200x300.png\" alt=\"DSC_0081\" width=\"200\" height=\"300\" \/><\/a><\/p>\n<p>&nbsp;<\/p>\n<p>Do ka\u017cdego klienta podchodz\u0119 indywidualnie i zabiegi wykonuj\u0119 z pe\u0142nym zaanga\u017cowaniem oddaj\u0105c ca\u0142\u0105 swoj\u0105 wiedz\u0119 i do\u015bwiadczenie.<\/p>\n<p>Ilo\u015b\u0107 zadowolonych klient\u00f3w utwierdza mnie w przekonaniu, \u017ce moja praca znajduje uznanie\u00a0w Pa\u0144stwa oczach.<\/p>\n<p>&nbsp;<\/p>\n<p>W swojej pracy jestem otwarta r\u00f3wnie\u017c dla klient\u00f3w, kt\u00f3rzy nie znale\u017ali w mojej ofercie odpowiednich zabieg\u00f3w dla siebie, w takim przypadku prosz\u0119 o kontakt.<\/p>\n<p>&nbsp;<\/p>\n<p>&nbsp;<\/p>\n<p>&nbsp;<\/p>\n<p><a href=\"http:\/\/kwitnaca-wisnia.eu\/wp-content\/uploads\/2015\/10\/IMG_3635.jpg\" data-rel=\"lightbox-image-2\" data-rl_title=\"\" data-rl_caption=\"\" title=\"\"><img loading=\"lazy\" decoding=\"async\" class=\"aligncenter size-full wp-image-173\" src=\"http:\/\/kwitnaca-wisnia.eu\/wp-content\/uploads\/2015\/10\/IMG_3635.jpg\" alt=\"IMG_3635\" width=\"1067\" height=\"1063\" srcset=\"http:\/\/kwitnaca-wisnia.eu\/wp-content\/uploads\/2015\/10\/IMG_3635.jpg 1067w, http:\/\/kwitnaca-wisnia.eu\/wp-content\/uploads\/2015\/10\/IMG_3635-150x150.jpg 150w, http:\/\/kwitnaca-wisnia.eu\/wp-content\/uploads\/2015\/10\/IMG_3635-300x300.jpg 300w, http:\/\/kwitnaca-wisnia.eu\/wp-content\/uploads\/2015\/10\/IMG_3635-1024x1020.jpg 1024w, http:\/\/kwitnaca-wisnia.eu\/wp-content\/uploads\/2015\/10\/IMG_3635-220x219.jpg 220w, http:\/\/kwitnaca-wisnia.eu\/wp-content\/uploads\/2015\/10\/IMG_3635-75x75.jpg 75w, http:\/\/kwitnaca-wisnia.eu\/wp-content\/uploads\/2015\/10\/IMG_3635-187x186.jpg 187w, http:\/\/kwitnaca-wisnia.eu\/wp-content\/uploads\/2015\/10\/IMG_3635-453x451.jpg 453w, http:\/\/kwitnaca-wisnia.eu\/wp-content\/uploads\/2015\/10\/IMG_3635-184x184.jpg 184w\" sizes=\"(max-width: 1067px) 100vw, 1067px\" \/><\/a><\/p>\n","protected":false},"excerpt":{"rendered":"<p>\u00a0 Oszukanie wieku sta\u0142o si\u0119 mo\u017cliwe Gabinet Kosmetyki Estetycznej Kwitn\u0105ca Wi\u015bnia to wyj\u0105tkowe miejsce dla os\u00f3b, kt\u00f3re ceni\u0105 sobie pe\u0142en profesjonalizm oraz oczekuj\u0105 skutecznych rozwi\u0105za\u0144. Wysokie kwalifikacje personelu i do\u015bwiadczenie zapewniaj\u0105 bardzo dobre efekty wykonywanych zabieg\u00f3w. Pracujemy na produktach najwy\u017cszej jako\u015bci selektywnych marek. Zapewniamy pe\u0142n\u0105 dyskrecj\u0119, przyjazn\u0105 atmosfer\u0119 oraz indywidualne podej\u015bcie. Cech\u0105 wyr\u00f3\u017cniaj\u0105c\u0105 nasz gabinet [&hellip;]<\/p>\n","protected":false},"author":1,"featured_media":410,"parent":0,"menu_order":0,"comment_status":"closed","ping_status":"closed","template":"page-full.php","meta":{"footnotes":""},"_links":{"self":[{"href":"http:\/\/kwitnaca-wisnia.eu\/index.php?rest_route=\/wp\/v2\/pages\/233"}],"collection":[{"href":"http:\/\/kwitnaca-wisnia.eu\/index.php?rest_route=\/wp\/v2\/pages"}],"about":[{"href":"http:\/\/kwitnaca-wisnia.eu\/index.php?rest_route=\/wp\/v2\/types\/page"}],"author":[{"embeddable":true,"href":"http:\/\/kwitnaca-wisnia.eu\/index.php?rest_route=\/wp\/v2\/users\/1"}],"replies":[{"embeddable":true,"href":"http:\/\/kwitnaca-wisnia.eu\/index.php?rest_route=%2Fwp%2Fv2%2Fcomments&post=233"}],"version-history":[{"count":22,"href":"http:\/\/kwitnaca-wisnia.eu\/index.php?rest_route=\/wp\/v2\/pages\/233\/revisions"}],"predecessor-version":[{"id":1131,"href":"http:\/\/kwitnaca-wisnia.eu\/index.php?rest_route=\/wp\/v2\/pages\/233\/revisions\/1131"}],"wp:featuredmedia":[{"embeddable":true,"href":"http:\/\/kwitnaca-wisnia.eu\/index.php?rest_route=\/wp\/v2\/media\/410"}],"wp:attachment":[{"href":"http:\/\/kwitnaca-wisnia.eu\/index.php?rest_route=%2Fwp%2Fv2%2Fmedia&parent=233"}],"curies":[{"name":"wp","href":"https:\/\/api.w.org\/{rel}","templated":true}]}}