{"id":436,"date":"2015-11-02T08:41:33","date_gmt":"2015-11-02T08:41:33","guid":{"rendered":"http:\/\/kwitnaca-wisnia.eu\/?page_id=436"},"modified":"2026-02-25T15:59:24","modified_gmt":"2026-02-25T15:59:24","slug":"nici-pdo","status":"publish","type":"page","link":"http:\/\/kwitnaca-wisnia.eu\/?page_id=436","title":{"rendered":"Princess Peel &#8211; efekt &#8222;wow&#8221; bez podra\u017cnie\u0144"},"content":{"rendered":"<div class=\"inline_block\">\n<div data-rich-content=\"true\" data-content-type=\"text\/markdown\">\n<p><span style=\"color: #333333;\">Princess Peel to luksusowy korea\u0144ski biopeeling, kt\u00f3ry \u0142\u0105czy dzia\u0142anie eksfoliuj\u0105ce, liftinguj\u0105ce i regeneruj\u0105ce w jednym zabiegu. Sekret g\u0142adkiej, roz\u015bwietlonej sk\u00f3ry &#8211; prosto z Korei<\/span>.<!--more--><\/p>\n<\/div>\n<\/div>\n<div class=\"inline_block\">\n<div data-rich-content=\"true\" data-content-type=\"text\/markdown\">\n<p>Zabieg Princess Peel oferuje kompleksowe korzy\u015bci, obejmuj\u0105ce popraw\u0119 kondycji sk\u00f3ry, redukcj\u0119 oznak starzenia, detoksykacj\u0119 oraz wsparcie dla sk\u00f3ry dotkni\u0119tej problemami takimi jak blizny. Dzia\u0142a r\u00f3wnie\u017c na poziomie mikrokom\u00f3rkowym, stymuluj\u0105c enzymatyczne procesy regeneracyjne, co przyczynia si\u0119 do efektywnego odm\u0142adzania sk\u00f3ry. Dzi\u0119ki temu zabiegowi mo\u017cliwe jest osi\u0105gni\u0119cie zdrowszej, bardziej j\u0119drnej i promiennej cery.<\/p>\n<p><strong>JAK DZIA\u0141A PRINCESS PEEL:<\/strong><\/p>\n<p>\u2022Zapewnia g\u0142\u0119bok\u0105 penetracj\u0119 igie\u0142, stymulacj\u0119 nask\u00f3rka i wywo\u0142ywanie kontrolowanego stanu zapalnego, kt\u00f3ry prowadzi do aktywnej regeneracji<\/p>\n<p>\u2022Normalizuje procesy metaboliczne nask\u00f3rka, poprawia kr\u0105\u017cenie krwi.<\/p>\n<p>\u2022Podwy\u017cszenie temperatury pobudza reakcje enzymatyczne w kom\u00f3rkach i stymuluje ich odbudow\u0119 dzia\u0142aj\u0105c anty starzeniowo.<\/p>\n<p>\u2022Normalizuje procesy zachodz\u0105ce w sk\u00f3rze i stymuluje regeneracje kom\u00f3rek pozostawiaj\u0105c sk\u00f3r\u0119 rozja\u015bnion\u0105 i nawil\u017con\u0105, dzia\u0142a anty starzeniowo<\/p>\n<p><strong>Efekty Zabiegu:<\/strong><\/p>\n<ul>\n<li>natychmiastowe roz\u015bwietlenie i wyg\u0142adzenie sk\u00f3ry<\/li>\n<li>redukcja drobnych zmarszczek i poprawa napi\u0119cia<\/li>\n<li>oczyszczenie por\u00f3w i ujednolicenie kolorytu<\/li>\n<li>przyspieszona regeneracja i zwi\u0119kszona j\u0119drno\u015b\u0107 sk\u00f3ry<\/li>\n<li>poprawa mikrokr\u0105\u017cenia i dotlenienia sk\u00f3ry<\/li>\n<\/ul>\n<p>To zabieg bankietowy &#8211; idealny przed wa\u017cnym wydarzeniem, dla uzyskania promiennego wygl\u0105du bez okresu rekonwalescencji.<\/p>\n<p style=\"text-align: right;\">Cena 350 z\u0142<\/p>\n<\/div>\n<\/div>\n<p align=\"JUSTIFY\">\n","protected":false},"excerpt":{"rendered":"<p>Princess Peel to luksusowy korea\u0144ski biopeeling, kt\u00f3ry \u0142\u0105czy dzia\u0142anie eksfoliuj\u0105ce, liftinguj\u0105ce i regeneruj\u0105ce w jednym zabiegu. Sekret g\u0142adkiej, roz\u015bwietlonej sk\u00f3ry &#8211; prosto z Korei.<\/p>\n","protected":false},"author":1,"featured_media":0,"parent":0,"menu_order":0,"comment_status":"closed","ping_status":"closed","template":"","meta":{"footnotes":""},"_links":{"self":[{"href":"http:\/\/kwitnaca-wisnia.eu\/index.php?rest_route=\/wp\/v2\/pages\/436"}],"collection":[{"href":"http:\/\/kwitnaca-wisnia.eu\/index.php?rest_route=\/wp\/v2\/pages"}],"about":[{"href":"http:\/\/kwitnaca-wisnia.eu\/index.php?rest_route=\/wp\/v2\/types\/page"}],"author":[{"embeddable":true,"href":"http:\/\/kwitnaca-wisnia.eu\/index.php?rest_route=\/wp\/v2\/users\/1"}],"replies":[{"embeddable":true,"href":"http:\/\/kwitnaca-wisnia.eu\/index.php?rest_route=%2Fwp%2Fv2%2Fcomments&post=436"}],"version-history":[{"count":21,"href":"http:\/\/kwitnaca-wisnia.eu\/index.php?rest_route=\/wp\/v2\/pages\/436\/revisions"}],"predecessor-version":[{"id":1959,"href":"http:\/\/kwitnaca-wisnia.eu\/index.php?rest_route=\/wp\/v2\/pages\/436\/revisions\/1959"}],"wp:attachment":[{"href":"http:\/\/kwitnaca-wisnia.eu\/index.php?rest_route=%2Fwp%2Fv2%2Fmedia&parent=436"}],"curies":[{"name":"wp","href":"https:\/\/api.w.org\/{rel}","templated":true}]}}