{"id":578,"date":"2015-11-26T12:03:43","date_gmt":"2015-11-26T12:03:43","guid":{"rendered":"http:\/\/kwitnaca-wisnia.eu\/?page_id=578"},"modified":"2026-02-25T15:57:00","modified_gmt":"2026-02-25T15:57:00","slug":"makijaz-permanentny-2","status":"publish","type":"page","link":"http:\/\/kwitnaca-wisnia.eu\/?page_id=578","title":{"rendered":"Dermia Harmony"},"content":{"rendered":"<p style=\"text-align: left;\" align=\"CENTER\"><span style=\"color: #000000;\">Harmonia cia\u0142 i umys\u0142u w ka\u017cdym dotyku.<span style=\"font-family: Tahoma, sans-serif;\"><span style=\"font-size: x-large;\"><br \/>\n<\/span><\/span><\/span><!--more--><\/p>\n<p><strong>DERMIA HARMONY<\/strong><\/p>\n<p>Dermia Harmony to masa\u017c opracowany specjalnie dla marki Dermia Solution. Wyj\u0105tkowe ruchy przynosz\u0105 ulg\u0119 nie tylko dla cia\u0142a, ale i ducha. Relaksuj\u0105cy drena\u017c limfatyczny powoduje detoks i reset dla sk\u00f3ry.<\/p>\n<p>Dotyk ajurwedyjskich punkt\u00f3w Marma:<\/p>\n<ul>\n<li>sprawia, \u017ce uwalniaj\u0105 si\u0119 endorfiny i neuroprzeka\u017aniki, co wp\u0142ywa na nastr\u00f3j i poziom odczuwania b\u00f3lu<\/li>\n<li>redukuje stres, napi\u0119cie i sztywno\u015b\u0107 szyi<\/li>\n<li>pomaga przy bezsenno\u015bci i b\u00f3lu g\u0142owy<\/li>\n<li>likwiduje napi\u0119cie w obr\u0119bie \u017cuchwy<\/li>\n<li>uspakaja umys\u0142 i emocje<\/li>\n<\/ul>\n<p>Subtelne ruchy liftinguj\u0105ce, kt\u00f3re dzia\u0142aj\u0105 jak mikrotrening i relaks dla sk\u00f3ry jednocze\u015bnie &#8211; wzmacniaj\u0105 to, co os\u0142abione i rozlu\u017aniaj\u0105 to co spi\u0119te. Masa\u017c bark\u00f3w i karku odblokowuje napi\u0119cia w tej okolicy, daj\u0105c natychmiastow\u0105 ulg\u0119 nie tylko fizyczn\u0105, ale i psychiczn\u0105.<\/p>\n<p>Masa\u017c poprzedza przygotowanie sk\u00f3ry delikatnym peelingiem o probiotycznych w\u0142a\u015bciwo\u015bciach. Enzyme Exfoliant skutecznie niweluje warstw\u0119 rogow\u0105, dzia\u0142a rozja\u015bniaj\u0105co na sk\u00f3r\u0119 oraz \u015bwietnie nawil\u017ca.<\/p>\n<p>Aplikowane wysokiej jako\u015bci serum Hyaluron Complex dzia\u0142a silnie nawil\u017caj\u0105co i regeneruj\u0105co, poprawiaj\u0105c elastyczno\u015b\u0107 i napi\u0119cie sk\u00f3ry. Dzi\u0119ki czterem rozmiarom cz\u0105steczki, kwas hialuronowy przenika g\u0142\u0119bokie partie nask\u00f3rka i dzia\u0142a na wielu poziomach.<\/p>\n<p>Krem do masa\u017cu Synergy Massage Blend jest niekomadogenny i nie powoduje tzw. zapchania por\u00f3w. Formu\u0142a oparta na m.in. oleju z awokado zapewnia doskona\u0142e od\u017cywienie sk\u00f3ry. Krem wzbogacony jest w witamin\u0119 E, Palmytynian askorbylu (stabilna forma witaminy C) oraz olej s\u0142onecznikowy.<\/p>\n<p style=\"text-align: right;\">Cena 200 z\u0142<\/p>\n<p><strong>DERMIA HARMONY BLACK<\/strong><\/p>\n<p>Dermia Harmony Black to masa\u017c, kt\u00f3ry wzbogacony jest mask\u0105, kt\u00f3rej struktur\u0119 tworzy specjalny, oryginalny japo\u0144ski W\u0119giel Bincho, pozyskiwany ze specyficznej odmiany D\u0119bu. Masa\u017c opracowany jest specjalnie dla marki Dermia Solution. Wyj\u0105tkowe ruchy przynosz\u0105 ulg\u0119 nie tylko dla cia\u0142a, ale i ducha. Relaksuj\u0105cy drena\u017c limfatyczny powoduje detoks i reset dla sk\u00f3ry.<\/p>\n<p>Dotyk ajurwedyjskich punkt\u00f3w Marma:<\/p>\n<ul>\n<li>sprawia, \u017ce uwalniaj\u0105 si\u0119 endorfiny i neuroprzeka\u017aniki, co wp\u0142ywa na nastr\u00f3j i poziom odczuwania b\u00f3lu<\/li>\n<li>redukuje stres, napi\u0119cie i sztywno\u015b\u0107 szyi<\/li>\n<li>pomaga przy bezsenno\u015bci i b\u00f3lu g\u0142owy<\/li>\n<li>likwiduje napi\u0119cie w obr\u0119bie \u017cuchwy<\/li>\n<li>uspakaja umys\u0142 i emocje<\/li>\n<\/ul>\n<p>Subtelne ruchy liftinguj\u0105ce, kt\u00f3re dzia\u0142aj\u0105 jak mikrotrening i relaks dla sk\u00f3ry jednocze\u015bnie &#8211; wzmacniaj\u0105 to, co os\u0142abione i rozlu\u017aniaj\u0105 to co spi\u0119te. Masa\u017c bark\u00f3w i karku odblokowuje napi\u0119cia w tej okolicy, daj\u0105c natychmiastow\u0105 ulg\u0119 nie tylko fizyczn\u0105, ale i psychiczn\u0105.<\/p>\n<p>Masa\u017c poprzedza przygotowanie sk\u00f3ry delikatnym peelingiem o probiotycznych w\u0142a\u015bciwo\u015bciach. Enzyme Exfoliant skutecznie niweluje warstw\u0119 rogow\u0105, dzia\u0142a rozja\u015bniaj\u0105co na sk\u00f3r\u0119 oraz \u015bwietnie nawil\u017ca.<\/p>\n<p>Aplikowane wysokiej jako\u015bci serum Hyaluron Complex dzia\u0142a silnie nawil\u017caj\u0105co i regeneruj\u0105co, poprawiaj\u0105c elastyczno\u015b\u0107 i napi\u0119cie sk\u00f3ry. Dzi\u0119ki czterem rozmiarom cz\u0105steczki, kwas hialuronowy przenika g\u0142\u0119bokie partie nask\u00f3rka i dzia\u0142a na wielu poziomach.<\/p>\n<p>Maska Black z w\u0119glem Bincho podczas aplikacji uwalnia 2800 jon\u00f3w ujemnych, kt\u00f3re dzia\u0142aj\u0105 detoksykuj\u0105co i oczyszczaj\u0105co na sk\u00f3r\u0119. Mask\u0119 Black dodatkowo wzbogacaj\u0105 substancje aktywne m.in. ekstrakt z miodu, absolut z mi\u0105\u017cszu aloesu, wyci\u0105g z kasztanowca zwyczajnego, kwas hialuronowy oraz ekstrakt z oczaru wirginijskiego.<\/p>\n<p>Krem do masa\u017cu Synergy Massage Blend jest niekomadogenny i nie powoduje tzw. zapchania por\u00f3w. Formu\u0142a oparta na m.in. oleju z awokado zapewnia doskona\u0142e od\u017cywienie sk\u00f3ry. Krem wzbogacony jest w witamin\u0119 E, Palmytynian askorbylu (stabilna forma witaminy C) oraz olej s\u0142onecznikowy.<\/p>\n<p style=\"text-align: right;\">Cena 250 z\u0142<\/p>\n","protected":false},"excerpt":{"rendered":"<p>Harmonia cia\u0142 i umys\u0142u w ka\u017cdym dotyku.<\/p>\n","protected":false},"author":1,"featured_media":0,"parent":0,"menu_order":0,"comment_status":"closed","ping_status":"closed","template":"","meta":{"footnotes":""},"_links":{"self":[{"href":"http:\/\/kwitnaca-wisnia.eu\/index.php?rest_route=\/wp\/v2\/pages\/578"}],"collection":[{"href":"http:\/\/kwitnaca-wisnia.eu\/index.php?rest_route=\/wp\/v2\/pages"}],"about":[{"href":"http:\/\/kwitnaca-wisnia.eu\/index.php?rest_route=\/wp\/v2\/types\/page"}],"author":[{"embeddable":true,"href":"http:\/\/kwitnaca-wisnia.eu\/index.php?rest_route=\/wp\/v2\/users\/1"}],"replies":[{"embeddable":true,"href":"http:\/\/kwitnaca-wisnia.eu\/index.php?rest_route=%2Fwp%2Fv2%2Fcomments&post=578"}],"version-history":[{"count":6,"href":"http:\/\/kwitnaca-wisnia.eu\/index.php?rest_route=\/wp\/v2\/pages\/578\/revisions"}],"predecessor-version":[{"id":1958,"href":"http:\/\/kwitnaca-wisnia.eu\/index.php?rest_route=\/wp\/v2\/pages\/578\/revisions\/1958"}],"wp:attachment":[{"href":"http:\/\/kwitnaca-wisnia.eu\/index.php?rest_route=%2Fwp%2Fv2%2Fmedia&parent=578"}],"curies":[{"name":"wp","href":"https:\/\/api.w.org\/{rel}","templated":true}]}}