{"id":777,"date":"2016-11-12T21:20:40","date_gmt":"2016-11-12T21:20:40","guid":{"rendered":"http:\/\/kwitnaca-wisnia.eu\/?page_id=777"},"modified":"2026-02-25T15:47:44","modified_gmt":"2026-02-25T15:47:44","slug":"osocze-bogatoplytkowe-prp","status":"publish","type":"page","link":"http:\/\/kwitnaca-wisnia.eu\/?page_id=777","title":{"rendered":"GREEN PEEL- Peeling Zio\u0142owy"},"content":{"rendered":"<span style=\"color: #000000;\">Pi\u0119kno w harmonii z natur\u0105.<\/span>\n\n<span style=\"color: #000000;\"><strong>3 dermatologicznie opracowane metody dla skutecznego rozwi\u0105zania r\u00f3\u017cnych problem\u00f3w sk\u00f3rnych<\/strong>\n<!--more--><\/span>\n\n60 lat temu Christine Schrammek zapocz\u0105tkowa\u0142a prac\u0119 nad oryginalnym zabiegiem peelingu zio\u0142owego GREEN PEEL\u00ae, kt\u00f3ry pomaga osobom zmagaj\u0105cym si\u0119 z r\u00f3\u017cnymi problemami sk\u00f3rnymi w uzyskaniu zdrowej i czystej sk\u00f3ry. Sekretem naszego naturalnego peelingu jest mieszanka starannie wyselekcjonowanych zi\u00f3\u0142, kt\u00f3r\u0105 wcieramy w sk\u00f3r\u0119. Ide\u0105 tej metody jest specjalny masa\u017c zio\u0142ami, kt\u00f3ry wspomaga kr\u0105\u017cenie krwi i pomaga aktywowa\u0107 metabolizm sk\u00f3ry. Dzi\u0119ki temu zabiegowi standardowy proces odnowy sk\u00f3ry zostaje skr\u00f3cony z 28 dni do 5 dni. Dzi\u0119ki naszej wiedzy z zakresu dermatologii, przez ostatnie lata stale udoskonalali\u015bmy zabieg Zio\u0142owego Peelingu GREEN PEEL\u00ae. Obecnie mo\u017cemy pom\u00f3c wielu pacjentom, a nasza metoda zapewnia skuteczno\u015b\u0107 w walce z r\u00f3\u017cnymi problemami sk\u00f3rnymi. Rezultaty mo\u017cna osi\u0105gn\u0105\u0107 tak\u017ce bez efektu z\u0142uszczania sk\u00f3ry.\n\n<a href=\"http:\/\/kwitnaca-wisnia.eu\/wp-content\/uploads\/2026\/02\/1x-Green-Peel-Fresh-Up-1x-Green-Peel-Energy.jpg\" data-rel=\"lightbox-image-0\" data-rl_title=\"\" data-rl_caption=\"\" title=\"\"><img loading=\"lazy\" decoding=\"async\" class=\"alignnone size-medium wp-image-1948\" src=\"http:\/\/kwitnaca-wisnia.eu\/wp-content\/uploads\/2026\/02\/1x-Green-Peel-Fresh-Up-1x-Green-Peel-Energy-300x300.jpg\" alt=\"\" width=\"300\" height=\"300\" srcset=\"http:\/\/kwitnaca-wisnia.eu\/wp-content\/uploads\/2026\/02\/1x-Green-Peel-Fresh-Up-1x-Green-Peel-Energy-300x300.jpg 300w, http:\/\/kwitnaca-wisnia.eu\/wp-content\/uploads\/2026\/02\/1x-Green-Peel-Fresh-Up-1x-Green-Peel-Energy-150x150.jpg 150w, http:\/\/kwitnaca-wisnia.eu\/wp-content\/uploads\/2026\/02\/1x-Green-Peel-Fresh-Up-1x-Green-Peel-Energy-50x50.jpg 50w, http:\/\/kwitnaca-wisnia.eu\/wp-content\/uploads\/2026\/02\/1x-Green-Peel-Fresh-Up-1x-Green-Peel-Energy-49x49.jpg 49w, http:\/\/kwitnaca-wisnia.eu\/wp-content\/uploads\/2026\/02\/1x-Green-Peel-Fresh-Up-1x-Green-Peel-Energy-184x184.jpg 184w, http:\/\/kwitnaca-wisnia.eu\/wp-content\/uploads\/2026\/02\/1x-Green-Peel-Fresh-Up-1x-Green-Peel-Energy.jpg 550w\" sizes=\"(max-width: 300px) 100vw, 300px\" \/><\/a> \u00a0\u00a0 1x Green Peel Fresh Up &amp; 1x Green Peel Energy\n\n<a href=\"http:\/\/kwitnaca-wisnia.eu\/wp-content\/uploads\/2026\/02\/2x-Green-Peel-Fresh-up.jpg\" data-rel=\"lightbox-image-1\" data-rl_title=\"\" data-rl_caption=\"\" title=\"\"><img loading=\"lazy\" decoding=\"async\" class=\"alignnone size-medium wp-image-1949\" src=\"http:\/\/kwitnaca-wisnia.eu\/wp-content\/uploads\/2026\/02\/2x-Green-Peel-Fresh-up-300x300.jpg\" alt=\"\" width=\"300\" height=\"300\" srcset=\"http:\/\/kwitnaca-wisnia.eu\/wp-content\/uploads\/2026\/02\/2x-Green-Peel-Fresh-up-300x300.jpg 300w, http:\/\/kwitnaca-wisnia.eu\/wp-content\/uploads\/2026\/02\/2x-Green-Peel-Fresh-up-150x150.jpg 150w, http:\/\/kwitnaca-wisnia.eu\/wp-content\/uploads\/2026\/02\/2x-Green-Peel-Fresh-up-50x50.jpg 50w, http:\/\/kwitnaca-wisnia.eu\/wp-content\/uploads\/2026\/02\/2x-Green-Peel-Fresh-up-49x49.jpg 49w, http:\/\/kwitnaca-wisnia.eu\/wp-content\/uploads\/2026\/02\/2x-Green-Peel-Fresh-up-184x184.jpg 184w, http:\/\/kwitnaca-wisnia.eu\/wp-content\/uploads\/2026\/02\/2x-Green-Peel-Fresh-up.jpg 550w\" sizes=\"(max-width: 300px) 100vw, 300px\" \/><\/a> \u00a0 2x Green Peel Fresh Up\n\n<a href=\"http:\/\/kwitnaca-wisnia.eu\/wp-content\/uploads\/2026\/02\/6x-Green-Peel-Fresh-up.jpg\" data-rel=\"lightbox-image-2\" data-rl_title=\"\" data-rl_caption=\"\" title=\"\"><img loading=\"lazy\" decoding=\"async\" class=\"alignnone size-medium wp-image-1950\" src=\"http:\/\/kwitnaca-wisnia.eu\/wp-content\/uploads\/2026\/02\/6x-Green-Peel-Fresh-up-300x300.jpg\" alt=\"\" width=\"300\" height=\"300\" srcset=\"http:\/\/kwitnaca-wisnia.eu\/wp-content\/uploads\/2026\/02\/6x-Green-Peel-Fresh-up-300x300.jpg 300w, http:\/\/kwitnaca-wisnia.eu\/wp-content\/uploads\/2026\/02\/6x-Green-Peel-Fresh-up-150x150.jpg 150w, http:\/\/kwitnaca-wisnia.eu\/wp-content\/uploads\/2026\/02\/6x-Green-Peel-Fresh-up-50x50.jpg 50w, http:\/\/kwitnaca-wisnia.eu\/wp-content\/uploads\/2026\/02\/6x-Green-Peel-Fresh-up-49x49.jpg 49w, http:\/\/kwitnaca-wisnia.eu\/wp-content\/uploads\/2026\/02\/6x-Green-Peel-Fresh-up-184x184.jpg 184w, http:\/\/kwitnaca-wisnia.eu\/wp-content\/uploads\/2026\/02\/6x-Green-Peel-Fresh-up.jpg 550w\" sizes=\"(max-width: 300px) 100vw, 300px\" \/><\/a> \u00a0 6x Green Peel Fresh Up\n<h3>GREEN PEEL\u00ae Zio\u0142owy Peeling Classic<\/h3>\nREGENERACJA I ODNOWIENIE SK\u00d3RY &#8211; efekt z\u0142uszczania\n\nCel: odnowa sk\u00f3ry\n\n<a href=\"http:\/\/kwitnaca-wisnia.eu\/wp-content\/uploads\/2026\/02\/classic.jpg\" data-rel=\"lightbox-image-3\" data-rl_title=\"\" data-rl_caption=\"\" title=\"\"><img loading=\"lazy\" decoding=\"async\" class=\"alignnone size-medium wp-image-1944\" src=\"http:\/\/kwitnaca-wisnia.eu\/wp-content\/uploads\/2026\/02\/classic-300x248.jpg\" alt=\"\" width=\"300\" height=\"248\" srcset=\"http:\/\/kwitnaca-wisnia.eu\/wp-content\/uploads\/2026\/02\/classic-300x248.jpg 300w, http:\/\/kwitnaca-wisnia.eu\/wp-content\/uploads\/2026\/02\/classic-768x636.jpg 768w, http:\/\/kwitnaca-wisnia.eu\/wp-content\/uploads\/2026\/02\/classic.jpg 958w\" sizes=\"(max-width: 300px) 100vw, 300px\" \/><\/a>\n\nPodczas masa\u017cu zio\u0142owego dochodzi do usuni\u0119cia wierzchnich warstw nask\u00f3rka, zwi\u0119kszenia ukrwienia, dotlenienia i przemiany materii oraz pobudzenia proces\u00f3w regeneracyjnych. Skraca to zwyk\u0142y czas odnowienia sk\u00f3ry z 28 dni do 5 dni. Po procesie peelingu pojawia si\u0119 nowa, \u015bwie\u017ca sk\u00f3ra. Ko\u0144cowy zabieg Beauty Finish dostarcza szczeg\u00f3lnie wra\u017cliwej sk\u00f3rze sk\u0142adnik\u00f3w od\u017cywczych.\n\nZalecenia do zabiegu GREEN PEEL\u00ae Zio\u0142owy Peeling Classic :\n<ul>\n \t<li>Sk\u00f3ra zniszczona s\u0142o\u0144cem i zmarszczki (profilaktyka przeciwstarzeniowa)<\/li>\n \t<li>Obwis\u0142a sk\u00f3ra cia\u0142a (brzuch, ramiona, uda)<\/li>\n \t<li>Hiperpigmentacja, przebarwienia<\/li>\n \t<li>Zanieczyszczona sk\u00f3ra, tr\u0105dzik<\/li>\n \t<li>Blizny i rozst\u0119py<\/li>\n \t<li>Sk\u00f3ra ze sk\u0142onno\u015bci\u0105 do przedwczesnego powstawania zmarszczek<\/li>\n<\/ul>\n<p style=\"text-align: right;\">Cena 750 z\u0142<\/p>\n\n<h3>GREEN PEEL\u00ae Energy<\/h3>\nZASTRZYK ENERGII &#8211; bez efektu z\u0142uszczania\n\nCel: regeneracja sk\u00f3ry\n\n<a href=\"http:\/\/kwitnaca-wisnia.eu\/wp-content\/uploads\/2026\/02\/Energy-1.jpg\" data-rel=\"lightbox-image-4\" data-rl_title=\"\" data-rl_caption=\"\" title=\"\"><img loading=\"lazy\" decoding=\"async\" class=\"alignnone  wp-image-1947\" src=\"http:\/\/kwitnaca-wisnia.eu\/wp-content\/uploads\/2026\/02\/Energy-1-300x200.jpg\" alt=\"\" width=\"372\" height=\"248\" srcset=\"http:\/\/kwitnaca-wisnia.eu\/wp-content\/uploads\/2026\/02\/Energy-1-300x200.jpg 300w, http:\/\/kwitnaca-wisnia.eu\/wp-content\/uploads\/2026\/02\/Energy-1-140x94.jpg 140w, http:\/\/kwitnaca-wisnia.eu\/wp-content\/uploads\/2026\/02\/Energy-1.jpg 500w\" sizes=\"(max-width: 372px) 100vw, 372px\" \/><\/a>\n\nZabieg Energy pobudza kr\u0105\u017cenie krwi i metabolizm kom\u00f3rek. Prowadzi to do naturalnej poprawy struktury sk\u00f3ry bez efektu z\u0142uszczania. Sk\u00f3ra zyskuje witalno\u015b\u0107 i zdrowy blask, a oznaki starzenia si\u0119 sk\u00f3ry ulegaj\u0105 zmniejszeniu. GREEN PEEL\u00ae Body Energy to r\u00f3wnie\u017c spos\u00f3b na leczenie problematycznych obszar\u00f3w na prawie ca\u0142ym ciele.\n\nZalecenia do zabiegu GREEN PEEL\u00ae Energy:\n<ul>\n \t<li>Zmarszczki i profilaktyka przeciwstarzeniowa<\/li>\n \t<li>Zanieczyszczenia sk\u00f3ry<\/li>\n \t<li>Przebarwienia<\/li>\n<\/ul>\nZalecenia do zabiegu na cia\u0142o GREEN PEEL\u00ae Body Energy:\n<ul>\n \t<li>Rozst\u0119py i cellulit<\/li>\n \t<li>Rogowacenie mieszkowe<\/li>\n \t<li>Utrata elastyczno\u015bci sk\u00f3ry<\/li>\n<\/ul>\n<p style=\"text-align: right;\">Cena 490 z\u0142<\/p>\n\n<h3>GREEN PEEL\u00ae Fresh up<\/h3>\nPOWIEW \u015aWIE\u017bO\u015aCI &#8211; bez efektu z\u0142uszczania\n\nCel: od\u015bwie\u017cenie sk\u00f3ry\n\n<a href=\"http:\/\/kwitnaca-wisnia.eu\/wp-content\/uploads\/2026\/02\/fresh-up.jpg\" data-rel=\"lightbox-image-5\" data-rl_title=\"\" data-rl_caption=\"\" title=\"\"><img loading=\"lazy\" decoding=\"async\" class=\"alignnone size-medium wp-image-1946\" src=\"http:\/\/kwitnaca-wisnia.eu\/wp-content\/uploads\/2026\/02\/fresh-up-300x248.jpg\" alt=\"\" width=\"300\" height=\"248\" srcset=\"http:\/\/kwitnaca-wisnia.eu\/wp-content\/uploads\/2026\/02\/fresh-up-300x248.jpg 300w, http:\/\/kwitnaca-wisnia.eu\/wp-content\/uploads\/2026\/02\/fresh-up-768x636.jpg 768w, http:\/\/kwitnaca-wisnia.eu\/wp-content\/uploads\/2026\/02\/fresh-up.jpg 958w\" sizes=\"(max-width: 300px) 100vw, 300px\" \/><\/a>\n\nTa delikatna metoda bez efektu peelingu widocznie od\u015bwie\u017ca sk\u00f3r\u0119. Kr\u0105\u017cenie krwi zostaje pobudzone, pory si\u0119 otwieraj\u0105, a sk\u00f3ra jest teraz w stanie optymalnie wch\u0142on\u0105\u0107 sk\u0142adniki piel\u0119gnacyjne. Cera staje si\u0119 ja\u015bniejsza, \u015bwie\u017ca i zrelaksowana.\n\nZalecenia do zabiegu GREEN PEEL\u00ae Fresh up:\n<ul>\n \t<li>Zm\u0119czona sk\u00f3ra<\/li>\n \t<li>Pierwsze oznaki starzenia si\u0119 sk\u00f3ry<\/li>\n \t<li>Blada cera<\/li>\n \t<li>Zwi\u0119kszone rogowacenie<\/li>\n<\/ul>\n<p style=\"text-align: right;\">Cena 330 z\u0142<\/p>\n\n\n<span style=\"color: #000000;\"> <\/span>\n<p class=\"has-text-align-right\"><\/p>\n<span style=\"color: #000000;\">\n<\/span>","protected":false},"excerpt":{"rendered":"<p>Pi\u0119kno w harmonii z natur\u0105. 3 dermatologicznie opracowane metody dla skutecznego rozwi\u0105zania r\u00f3\u017cnych problem\u00f3w sk\u00f3rnych<\/p>\n","protected":false},"author":2,"featured_media":0,"parent":0,"menu_order":0,"comment_status":"closed","ping_status":"closed","template":"","meta":{"footnotes":""},"_links":{"self":[{"href":"http:\/\/kwitnaca-wisnia.eu\/index.php?rest_route=\/wp\/v2\/pages\/777"}],"collection":[{"href":"http:\/\/kwitnaca-wisnia.eu\/index.php?rest_route=\/wp\/v2\/pages"}],"about":[{"href":"http:\/\/kwitnaca-wisnia.eu\/index.php?rest_route=\/wp\/v2\/types\/page"}],"author":[{"embeddable":true,"href":"http:\/\/kwitnaca-wisnia.eu\/index.php?rest_route=\/wp\/v2\/users\/2"}],"replies":[{"embeddable":true,"href":"http:\/\/kwitnaca-wisnia.eu\/index.php?rest_route=%2Fwp%2Fv2%2Fcomments&post=777"}],"version-history":[{"count":13,"href":"http:\/\/kwitnaca-wisnia.eu\/index.php?rest_route=\/wp\/v2\/pages\/777\/revisions"}],"predecessor-version":[{"id":1956,"href":"http:\/\/kwitnaca-wisnia.eu\/index.php?rest_route=\/wp\/v2\/pages\/777\/revisions\/1956"}],"wp:attachment":[{"href":"http:\/\/kwitnaca-wisnia.eu\/index.php?rest_route=%2Fwp%2Fv2%2Fmedia&parent=777"}],"curies":[{"name":"wp","href":"https:\/\/api.w.org\/{rel}","templated":true}]}}