{"id":79,"date":"2015-10-03T11:44:21","date_gmt":"2015-10-03T11:44:21","guid":{"rendered":"http:\/\/kwitnaca-wisnia.eu\/?page_id=79"},"modified":"2017-05-29T08:38:34","modified_gmt":"2017-05-29T08:38:34","slug":"kontakt","status":"publish","type":"page","link":"http:\/\/kwitnaca-wisnia.eu\/?page_id=79","title":{"rendered":"KONTAKT"},"content":{"rendered":"<p>&nbsp;<\/p>\n<p><span style=\"color: #e50083;\"><span style=\"font-family: 'Times New Roman', serif;\"><span style=\"font-size: 300%;\">Gabinet <span style=\"color: #e50083;\">Kosmetyki<\/span>\u00a0Estetycznej<\/span><\/span><\/span><\/p>\n<h3><span style=\"color: #e50083;\">Kwitn\u0105ca Wi\u015bnia<\/span><\/h3>\n<h3><span style=\"color: #767676;\">Zapraszamy r\u00f3wnie\u017c na nasz\u0105 drug\u0105 stron\u0119 internetow\u0105:<\/span><\/h3>\n<p><a href=\"http:\/\/www.kwitnaca-wisnia.indexfirm.pl\" target=\"_blank\">www.kwitnaca-wisnia.indexfirm.pl<\/a><\/p>\n<h3><span style=\"color: #767676;\">Zapraszamy<\/span><\/h3>\n<h4><span style=\"color: #767676;\">Pon. &#8211; Czw.\u00a0\u00a0\u00a0\u00a0\u00a0\u00a0\u00a0\u00a0\u00a0\u00a0\u00a0\u00a0\u00a0\u00a0\u00a0\u00a0\u00a0 9.00 &#8211; 19.00<\/span><br \/>\n<span style=\"color: #767676;\">Pt. \u00a0 \u00a0 \u00a0 \u00a0 \u00a0 \u00a0 \u00a0 \u00a0 \u00a0 \u00a0 \u00a0 \u00a0 \u00a0 \u00a0 \u00a0 \u00a0 \u00a0 \u00a0\u00a0 9.00 &#8211; 14.00<\/span><br \/>\n<span style=\"color: #767676;\"> Co druga sobota\u00a0\u00a0\u00a0\u00a0\u00a0\u00a0 9.00 &#8211; 13.00<\/span><\/h4>\n<p><span style=\"color: #767676;\">Inne godziny zabiegu mo\u017cna um\u00f3wi\u0107 telefonicznie \ud83d\ude42<br \/>\n<\/span><\/p>\n<p>&nbsp;<\/p>\n<p><span style=\"color: #767676;\"><span style=\"font-family: Arial,sans-serif;\"><span style=\"font-size: large;\">\u017bory<span style=\"color: #767676;\">, ul. Centralna 21\/2<\/span><\/span><\/span> <span style=\"font-family: Arial,sans-serif;\"><span style=\"font-size: large;\"><br \/>\n(za S\u0105dem, gdzie by\u0142o kiedy\u015b solarium)<br \/>\ntel. 663 277 466<\/span><\/span><\/span><\/p>\n<p><iframe loading=\"lazy\" style=\"border: 0;\" src=\"https:\/\/www.google.com\/maps\/embed?pb=!1m14!1m8!1m3!1d3047.557059165054!2d18.68898539160942!3d50.036095363590036!3m2!1i1024!2i768!4f13.1!3m3!1m2!1s0x0%3A0x53f0becf0b102d1b!2sGabinet+Kosmetyki+Estetycznej+Kwitn%C4%85ca+Wi%C5%9Bnia!5e0!3m2!1spl!2spl!4v1446633477125\" width=\"600\" height=\"450\" frameborder=\"0\" allowfullscreen=\"allowfullscreen\"><\/iframe><\/p>\n","protected":false},"excerpt":{"rendered":"<p>&nbsp; Gabinet Kosmetyki\u00a0Estetycznej Kwitn\u0105ca Wi\u015bnia Zapraszamy r\u00f3wnie\u017c na nasz\u0105 drug\u0105 stron\u0119 internetow\u0105: www.kwitnaca-wisnia.indexfirm.pl Zapraszamy Pon. &#8211; Czw.\u00a0\u00a0\u00a0\u00a0\u00a0\u00a0\u00a0\u00a0\u00a0\u00a0\u00a0\u00a0\u00a0\u00a0\u00a0\u00a0\u00a0 9.00 &#8211; 19.00 Pt. \u00a0 \u00a0 \u00a0 \u00a0 \u00a0 \u00a0 \u00a0 \u00a0 \u00a0 \u00a0 \u00a0 \u00a0 \u00a0 \u00a0 \u00a0 \u00a0 \u00a0 \u00a0\u00a0 9.00 &#8211; 14.00 Co druga sobota\u00a0\u00a0\u00a0\u00a0\u00a0\u00a0 9.00 &#8211; 13.00 Inne godziny zabiegu mo\u017cna um\u00f3wi\u0107 telefonicznie \ud83d\ude42 [&hellip;]<\/p>\n","protected":false},"author":1,"featured_media":11,"parent":0,"menu_order":0,"comment_status":"closed","ping_status":"closed","template":"page-contact.php","meta":{"footnotes":""},"_links":{"self":[{"href":"http:\/\/kwitnaca-wisnia.eu\/index.php?rest_route=\/wp\/v2\/pages\/79"}],"collection":[{"href":"http:\/\/kwitnaca-wisnia.eu\/index.php?rest_route=\/wp\/v2\/pages"}],"about":[{"href":"http:\/\/kwitnaca-wisnia.eu\/index.php?rest_route=\/wp\/v2\/types\/page"}],"author":[{"embeddable":true,"href":"http:\/\/kwitnaca-wisnia.eu\/index.php?rest_route=\/wp\/v2\/users\/1"}],"replies":[{"embeddable":true,"href":"http:\/\/kwitnaca-wisnia.eu\/index.php?rest_route=%2Fwp%2Fv2%2Fcomments&post=79"}],"version-history":[{"count":16,"href":"http:\/\/kwitnaca-wisnia.eu\/index.php?rest_route=\/wp\/v2\/pages\/79\/revisions"}],"predecessor-version":[{"id":847,"href":"http:\/\/kwitnaca-wisnia.eu\/index.php?rest_route=\/wp\/v2\/pages\/79\/revisions\/847"}],"wp:featuredmedia":[{"embeddable":true,"href":"http:\/\/kwitnaca-wisnia.eu\/index.php?rest_route=\/wp\/v2\/media\/11"}],"wp:attachment":[{"href":"http:\/\/kwitnaca-wisnia.eu\/index.php?rest_route=%2Fwp%2Fv2%2Fmedia&parent=79"}],"curies":[{"name":"wp","href":"https:\/\/api.w.org\/{rel}","templated":true}]}}