{"id":863,"date":"2017-05-31T09:46:51","date_gmt":"2017-05-31T09:46:51","guid":{"rendered":"http:\/\/kwitnaca-wisnia.eu\/?page_id=863"},"modified":"2020-02-07T20:28:28","modified_gmt":"2020-02-07T20:28:28","slug":"poliabrazja","status":"publish","type":"page","link":"http:\/\/kwitnaca-wisnia.eu\/?page_id=863","title":{"rendered":"Poliabrazja"},"content":{"rendered":"<p>&nbsp;<\/p>\n<h4 align=\"center\"><b>Co to jest\u00a0Poliabrazja?<\/b><\/h4>\n<p align=\"justify\">To sterylny i innowacyjny zabieg, podczas kt\u00f3rego usuwane s\u0105 martwe kom\u00f3rki nask\u00f3rka. Dzieje si\u0119 tak dzi\u0119ki po\u0142\u0105czeniu peelingu chemicznego oraz mechanicznej pracy g\u0142owicy rotacyjnej. Sk\u00f3ra jest delikatnie oczyszczana, gwarantuj\u0105c klientom bardzo mi\u0142e odczucia.<\/p>\n<p style=\"text-align: center;\" align=\"justify\"><a href=\"http:\/\/kwitnaca-wisnia.eu\/wp-content\/uploads\/2017\/05\/poliabrazja2-768x768.jpg\" data-rel=\"lightbox-image-0\" data-rl_title=\"\" data-rl_caption=\"\" title=\"\"><img loading=\"lazy\" decoding=\"async\" class=\"alignnone size-medium wp-image-1141\" src=\"http:\/\/kwitnaca-wisnia.eu\/wp-content\/uploads\/2017\/05\/poliabrazja2-768x768-300x300.jpg\" alt=\"poliabrazja2-768x768\" width=\"300\" height=\"300\" srcset=\"http:\/\/kwitnaca-wisnia.eu\/wp-content\/uploads\/2017\/05\/poliabrazja2-768x768-300x300.jpg 300w, http:\/\/kwitnaca-wisnia.eu\/wp-content\/uploads\/2017\/05\/poliabrazja2-768x768-150x150.jpg 150w, http:\/\/kwitnaca-wisnia.eu\/wp-content\/uploads\/2017\/05\/poliabrazja2-768x768-50x50.jpg 50w, http:\/\/kwitnaca-wisnia.eu\/wp-content\/uploads\/2017\/05\/poliabrazja2-768x768-49x49.jpg 49w, http:\/\/kwitnaca-wisnia.eu\/wp-content\/uploads\/2017\/05\/poliabrazja2-768x768-184x184.jpg 184w, http:\/\/kwitnaca-wisnia.eu\/wp-content\/uploads\/2017\/05\/poliabrazja2-768x768.jpg 768w\" sizes=\"(max-width: 300px) 100vw, 300px\" \/><\/a><\/p>\n<h4 style=\"text-align: left;\" align=\"center\"><b>Innowacyjne cechy zabiegu Poliabrazji:<\/b><\/h4>\n<p>\u2022 Sterylna, jednorazowa ko\u0144c\u00f3wka robocza.<br \/>\n\u2022 Materia\u0142 g\u0142owicy \u015bciernej wykonany jest ze specjalnego stopu polymeru, kt\u00f3ry delikatnie poleruje sk\u00f3r\u0119, nie powoduje odczyn\u00f3w alergicznych i nie rozgrzewa si\u0119 podczas pracy.<br \/>\n\u2022 G\u0142owica zabiegowa posiada specjalny amortyzator, kt\u00f3ry zabezpiecza przed zbyt intensywn\u0105 stymulacj\u0105 mog\u0105c\u0105 spowodowa\u0107 podra\u017cnienie sk\u00f3ry.<br \/>\n\u2022 Bardzo du\u017ca intensywno\u015b\u0107 ruchu rotacyjnego g\u0142owicy pozwala usuwa\u0107 zrogowacia\u0142y nask\u00f3rek poleruj\u0105c go, a nie szarpi\u0105c i drapi\u0105c. Pozwala to pracowa\u0107 z klientami o bardzo wra\u017cliwej i alergicznej sk\u00f3rze.<\/p>\n<blockquote>\n<h5>Zabieg POLIABRAZJI w znacz\u0105cy spos\u00f3b poprawia przepuszczalno\u015b\u0107 nask\u00f3rka, umo\u017cliwiaj\u0105c bardzo efektywne wprowadzanie substancji aktywnych w g\u0142\u0119bsze partie sk\u00f3ry (mo\u017ce by\u0107 preludium do wszystkich selektywnych zabieg\u00f3w anti-age komponowanych z Dermia Solution). Zabieg znacz\u0105co poprawia efektywno\u015b\u0107 Mikro Aktywacji M i S.<\/h5>\n<\/blockquote>\n<p style=\"text-align: left;\" align=\"center\"><b>Przeciwwskazania do zabieg\u00f3w POLIABRAZJI:<\/b><\/p>\n<p>\u2022 Zmiany wirusowe na opracowywanej powierzchni.<br \/>\n\u2022 Zmiany z otwartym wysi\u0119kiem ropnym.<br \/>\n\u2022 Znamiona wypuk\u0142e.<br \/>\n\u2022 Tr\u0105dzik r\u00f3\u017cowaty od trzeciej fazy.<\/p>\n<hr \/>\n<h4>Obszary zastosowania zabieg\u00f3w Poliabrazji<\/h4>\n<p><strong>Sk\u00f3ra t\u0142usta i mieszana.<\/strong><\/p>\n<p style=\"text-align: left;\">Cera t\u0142usta i mieszana ma zwi\u0119kszon\u0105 produkcj\u0119 sebum przez co intensywnie si\u0119 \u201eb\u0142yszczy\u201d, uj\u015bcia aparat\u00f3w w\u0142osowo-\u0142ojowych s\u0105 znacz\u0105co rozszerzone, a sk\u00f3ra przewa\u017cnie jest zanieczyszczona zask\u00f3rnikami. Dzi\u0119ki zabiegom <strong>Poliabrazji<\/strong> skutecznie usuwamy martwe kom\u00f3rki nask\u00f3rka, co poprawia koloryt sk\u00f3ry i ogranicza dzia\u0142anie bakterii beztlenowych. Dzi\u0119ki temu zmniejszamy ryzyko wyst\u0105pienia zmian ropnych. Systematyczne wykonywanie zabieg\u00f3w zw\u0119\u017ca uj\u015bcia aparat\u00f3w w\u0142osowo-\u0142ojowych oraz ogranicza produkcj\u0119 sebum, co znacz\u0105co poprawia wygl\u0105d sk\u00f3ry. Zabieg jest skuteczny, ale nie podra\u017cnia nadmiernie sk\u00f3ry. Jest to niezwykle istotne dla klient\u00f3w posiadaj\u0105cych cer\u0119 mieszan\u0105 lub t\u0142ust\u0105, a jednocze\u015bnie wra\u017cliw\u0105 i naczyniow\u0105.<\/p>\n<p><strong>Sk\u00f3ra dojrza\u0142a (po 40-tym roku \u017cycia).<\/strong><\/p>\n<p>Procesy zachodz\u0105ce w sk\u00f3rze powoduj\u0105, \u017ce sk\u00f3ra po 40-tym roku \u017cycia nie produkuje ju\u017c substancji gwarantuj\u0105cych jej m\u0142ody i \u015bwie\u017cy wygl\u0105d. Dojrza\u0142a sk\u00f3ra nie powinna by\u0107 nadmiernie naci\u0105gana, szarpana i traktowana zbyt agresywnymi zabiegami \u015bcieraj\u0105cymi, poniewa\u017c przyspiesza to proces jej starzenia si\u0119. Dzi\u0119ki po\u0142\u0105czeniu dzia\u0142ania kwas\u00f3w i sterylnej g\u0142owicy do <strong>Poliabrazji<\/strong> skutecznie, ale nieinwazyjnie oczyszczamy sk\u00f3r\u0119 z martwych kom\u00f3rek dodatkowo stymuluj\u0105c j\u0105. Konstrukcja g\u0142owicy pozwala opracowywa\u0107 najbardziej newralgiczne partie sk\u00f3ry dojrza\u0142ej, niedost\u0119pne dla zwyk\u0142ych zabieg\u00f3w (okolice oczu, ust, podbr\u00f3dek, szyja, dekolt), kt\u00f3re zbyt mocno podra\u017cniaj\u0105 mechanicznie sk\u00f3r\u0119. Praca g\u0142owic\u0105 w tych partiach pozwala uzyska\u0107 nie tylko efekt oczyszczenia sk\u00f3ry, ale przede wszystkim wyg\u0142adzenia i sp\u0142ycenia zmarszczek mimicznych.<\/p>\n<p><strong>Cera naczyniowa.<\/strong><\/p>\n<p>To niezwykle trudny typ sk\u00f3ry, kt\u00f3ry w\u0142a\u015bciwie wyklucza zastosowanie wielu skutecznych, ale zbyt agresywnych dla niej procedur kosmetologicznych. Pomimo nadwra\u017cliwo\u015bci cery naczyniowej g\u0142owica \u015bcieraj\u0105ca nie podra\u017cnia jej, ani nie rozgrzewa. Specjalny program delikatnie, ale skutecznie usuwa martwe kom\u00f3rki nask\u00f3rka, a rotacyjny ruch g\u0142owicy dodatkowo stymuluje sk\u00f3r\u0119 przyjemnym masa\u017cem. Po zabiegu cera jest ja\u015bniejsza i oczyszczona z warstw martwych kom\u00f3rek.<\/p>\n<p><strong>Cera tr\u0105dzikowa.<\/strong><\/p>\n<p>Jest niezwykle trudna do piel\u0119gnacji w gabinecie, wysi\u0119ki ropne uniemo\u017cliwiaj\u0105 z\u0142uszczanie i stymulacj\u0119 mechaniczn\u0105, co znacznie ogranicza mo\u017cliwo\u015bci zabiegowe w gabinecie. Z drugiej strony niezwykle istotna dla terapii tego schorzenia jest w\u0142a\u015bciwa piel\u0119gnacja, polegaj\u0105ca na oczyszczaniu sk\u00f3ry ze z\u0142og\u00f3w martwego nask\u00f3rka co ogranicza pole dzia\u0142ania bakterii beztlenowych. Sterylne ko\u0144c\u00f3wki zabiegowe nadaj\u0105 si\u0119 do tego idealnie, poniewa\u017c podczas zabiegu minimalizujemy ryzyko nadka\u017cenia, a kszta\u0142t g\u0142owicy pozwala optymalnie opracowywa\u0107 powierzchni\u0119 nask\u00f3rka skutecznie omijaj\u0105c zmiany ropne. Kolejny problem to blizny i przebarwienia, zabiegi <strong>Poliabrazji<\/strong> wykonywane w seriach te\u017c sobie z tym \u015bwietnie radz\u0105 wyg\u0142adzaj\u0105c i rozja\u015bniaj\u0105c nask\u00f3rek.<\/p>\n<p>&nbsp;<\/p>\n<div class=\"text_exposed_show\">\n<p>&nbsp;<\/p>\n<\/div>\n","protected":false},"excerpt":{"rendered":"<p>&nbsp; Co to jest\u00a0Poliabrazja? To sterylny i innowacyjny zabieg, podczas kt\u00f3rego usuwane s\u0105 martwe kom\u00f3rki nask\u00f3rka. Dzieje si\u0119 tak dzi\u0119ki po\u0142\u0105czeniu peelingu chemicznego oraz mechanicznej pracy g\u0142owicy rotacyjnej. Sk\u00f3ra jest delikatnie oczyszczana, gwarantuj\u0105c klientom bardzo mi\u0142e odczucia. Innowacyjne cechy zabiegu Poliabrazji: \u2022 Sterylna, jednorazowa ko\u0144c\u00f3wka robocza. \u2022 Materia\u0142 g\u0142owicy \u015bciernej wykonany jest ze specjalnego stopu [&hellip;]<\/p>\n","protected":false},"author":2,"featured_media":0,"parent":0,"menu_order":0,"comment_status":"closed","ping_status":"closed","template":"","meta":{"footnotes":""},"_links":{"self":[{"href":"http:\/\/kwitnaca-wisnia.eu\/index.php?rest_route=\/wp\/v2\/pages\/863"}],"collection":[{"href":"http:\/\/kwitnaca-wisnia.eu\/index.php?rest_route=\/wp\/v2\/pages"}],"about":[{"href":"http:\/\/kwitnaca-wisnia.eu\/index.php?rest_route=\/wp\/v2\/types\/page"}],"author":[{"embeddable":true,"href":"http:\/\/kwitnaca-wisnia.eu\/index.php?rest_route=\/wp\/v2\/users\/2"}],"replies":[{"embeddable":true,"href":"http:\/\/kwitnaca-wisnia.eu\/index.php?rest_route=%2Fwp%2Fv2%2Fcomments&post=863"}],"version-history":[{"count":4,"href":"http:\/\/kwitnaca-wisnia.eu\/index.php?rest_route=\/wp\/v2\/pages\/863\/revisions"}],"predecessor-version":[{"id":1142,"href":"http:\/\/kwitnaca-wisnia.eu\/index.php?rest_route=\/wp\/v2\/pages\/863\/revisions\/1142"}],"wp:attachment":[{"href":"http:\/\/kwitnaca-wisnia.eu\/index.php?rest_route=%2Fwp%2Fv2%2Fmedia&parent=863"}],"curies":[{"name":"wp","href":"https:\/\/api.w.org\/{rel}","templated":true}]}}